{"id":21281,"date":"2026-05-06T20:30:43","date_gmt":"2026-05-06T18:30:43","guid":{"rendered":"https:\/\/ocardoo.com\/?post_type=product&#038;p=21281"},"modified":"2026-05-06T20:35:55","modified_gmt":"2026-05-06T18:35:55","slug":"31216","status":"publish","type":"product","link":"https:\/\/ocardoo.com\/en\/product\/31216\/","title":{"rendered":"Danke f\u00fcr alles \u2013 Emotionale digitale Abschiedskarte f\u00fcr Kolleg:innen &#038; Teams"},"content":{"rendered":"<div class=\"flex max-w-full flex-col gap-4 grow\">\n<div class=\"min-h-8 text-message relative flex w-full flex-col items-end gap-2 text-start break-words whitespace-normal outline-none keyboard-focused:focus-ring [.text-message+&amp;]:mt-1\" dir=\"auto\" tabindex=\"0\" data-message-author-role=\"assistant\" data-message-id=\"cbc6562e-20b0-45bc-a003-9d0599f7aeba\" data-message-model-slug=\"gpt-5-5\" data-turn-start-message=\"true\">\n<div class=\"flex w-full flex-col gap-1 empty:hidden\">\n<div class=\"markdown prose dark:prose-invert w-full wrap-break-word light markdown-new-styling\">\n<p data-start=\"124\" data-end=\"179\">\ud83d\udc9a\u2728 \u201eDanke f\u00fcr alles. Sch\u00f6n, dass es dich bei uns gab!\u201c<\/p>\n<p data-start=\"181\" data-end=\"364\">Eine stilvolle und emotionale digitale Abschiedskarte f\u00fcr Kolleg:innen, Mitarbeitende oder Freund:innen, die das Team mit ihrer Art, ihren Ideen und ihrem Engagement bereichert haben.<\/p>\n<p data-start=\"366\" data-end=\"623\">Diese liebevoll gestaltete Karte dr\u00fcckt auf besondere Weise Wertsch\u00e4tzung, Dankbarkeit und pers\u00f6nliche Verbundenheit aus.<br \/>\nMit modernen Illustrationen, warmen Farben und emotionalen Botschaften eignet sie sich perfekt f\u00fcr einen unvergesslichen Abschiedsgru\u00df.<\/p>\n<p data-start=\"625\" data-end=\"758\">Ob gute Laune, Hilfsbereitschaft, kreative Ideen oder einfach die gemeinsame Zeit \u2013 manche Menschen hinterlassen Spuren, die bleiben.<\/p>\n<p data-start=\"760\" data-end=\"907\">Mit Ocardoo k\u00f6nnen mehrere Personen gemeinsam online unterschreiben und pers\u00f6nliche Nachrichten hinzuf\u00fcgen \u2013 einfach per Link und komplett digital.<\/p>\n<p data-start=\"909\" data-end=\"977\">\u2728 Modern. Emotional. Pers\u00f6nlich.<br data-start=\"941\" data-end=\"944\" \/><strong data-start=\"944\" data-end=\"977\">PERS\u00d6NLICH GEHT AUCH DIGITAL.<\/strong><\/p>\n<p data-start=\"979\" data-end=\"1169\">Ideal geeignet f\u00fcr:<br \/>\nAbschied von Kolleg:innen<br data-start=\"1024\" data-end=\"1027\" \/>Jobwechsel &amp; K\u00fcndigung<br data-start=\"1049\" data-end=\"1052\" \/>Teamabschiede<br data-start=\"1065\" data-end=\"1068\" \/>digitale Gruppengru\u00dfkarten<br data-start=\"1094\" data-end=\"1097\" \/>emotionale Abschiedskarten<br data-start=\"1123\" data-end=\"1126\" \/>Abschied im B\u00fcro<br data-start=\"1142\" data-end=\"1145\" \/>pers\u00f6nliche Teamkarten<\/p>\n<p data-start=\"1171\" data-end=\"1205\"><strong data-start=\"1171\" data-end=\"1203\">Besonderheiten dieser Karte:<\/strong><\/p>\n<p data-start=\"1207\" data-end=\"1433\">\u2714 stilvolles modernes Design<br data-start=\"1235\" data-end=\"1238\" \/>\u2714 emotionale &amp; wertsch\u00e4tzende Botschaft<br data-start=\"1277\" data-end=\"1280\" \/>\u2714 gemeinsam online unterschreiben<br data-start=\"1313\" data-end=\"1316\" \/>\u2714 pers\u00f6nliche Nachrichten hinzuf\u00fcgen<br data-start=\"1352\" data-end=\"1355\" \/>\u2714 digitale Zustellung oder PDF-Download<br data-start=\"1394\" data-end=\"1397\" \/>\u2714 perfekt f\u00fcr Teams &amp; Kolleg:innen<\/p>\n<p data-start=\"1435\" data-end=\"1463\"><strong data-start=\"1435\" data-end=\"1461\">Beliebte Suchbegriffe:<\/strong><\/p>\n<p data-start=\"1465\" data-end=\"1726\">digitale Abschiedskarte, Danke f\u00fcr alles Karte, Abschied Kollegin, Abschied Kollege, Teamkarte online unterschreiben, Gruppengru\u00dfkarte, virtuelle Abschiedskarte, Mitarbeiter Abschied, emotionale Abschiedskarte, Danke f\u00fcr die gemeinsame Zeit, Ocardoo Gru\u00dfkarte<\/p>\n<p data-start=\"1728\" data-end=\"1957\"><strong data-start=\"1728\" data-end=\"1750\">So funktioniert\u2019s:<\/strong><br data-start=\"1750\" data-end=\"1753\" \/>Karte ausw\u00e4hlen<br data-start=\"1768\" data-end=\"1771\" \/>Link mit Kolleg:innen, Freund:innen oder Familie teilen<br data-start=\"1826\" data-end=\"1829\" \/>Gemeinsam online unterschreiben und pers\u00f6nliche W\u00fcnsche hinterlassen<br data-start=\"1897\" data-end=\"1900\" \/>Fertige digitale Gru\u00dfkarte versenden oder herunterladen<\/p>\n<p data-start=\"1959\" data-end=\"2020\" data-is-last-node=\"\" data-is-only-node=\"\">\ud83d\udc9a Ocardoo \u2013 pers\u00f6nliche digitale Gruppengru\u00dfkarten mit Herz.<\/p>\n<\/div>\n<\/div>\n<\/div>\n<\/div>","protected":false},"excerpt":{"rendered":"<p>\ud83d\udc9a\u2728 \u201eDanke f\u00fcr alles. Sch\u00f6n, dass es dich bei uns gab!\u201c Eine stilvolle und emotionale digitale Abschiedskarte f\u00fcr Kolleg:innen, Mitarbeitende oder Freund:innen, die das Team mit ihrer Art, ihren Ideen [&hellip;]<\/p>","protected":false},"author":20,"featured_media":20366,"comment_status":"open","ping_status":"closed","template":"","meta":{"_acf_changed":false,"inline_featured_image":false,"footnotes":""},"product_cat":[85,84],"product_tag":[279,395,235,542,354,540,543,541],"class_list":["post-21281","product","type-product","status-publish","has-post-thumbnail","hentry","product_cat-abschied-verlaesst-unternehmen","product_cat-anlaesse","product_tag-abschied","product_tag-abschiedskarte","product_tag-danke","product_tag-jobwechsel","product_tag-kollege","product_tag-kuendigung","product_tag-neustart","product_tag-team","pa_variante-basic","pa_variante-premium"],"acf":[],"_links":{"self":[{"href":"https:\/\/ocardoo.com\/en\/wp-json\/wp\/v2\/product\/21281","targetHints":{"allow":["GET"]}}],"collection":[{"href":"https:\/\/ocardoo.com\/en\/wp-json\/wp\/v2\/product"}],"about":[{"href":"https:\/\/ocardoo.com\/en\/wp-json\/wp\/v2\/types\/product"}],"author":[{"embeddable":true,"href":"https:\/\/ocardoo.com\/en\/wp-json\/wp\/v2\/users\/20"}],"replies":[{"embeddable":true,"href":"https:\/\/ocardoo.com\/en\/wp-json\/wp\/v2\/comments?post=21281"}],"version-history":[{"count":2,"href":"https:\/\/ocardoo.com\/en\/wp-json\/wp\/v2\/product\/21281\/revisions"}],"predecessor-version":[{"id":21291,"href":"https:\/\/ocardoo.com\/en\/wp-json\/wp\/v2\/product\/21281\/revisions\/21291"}],"wp:featuredmedia":[{"embeddable":true,"href":"https:\/\/ocardoo.com\/en\/wp-json\/wp\/v2\/media\/20366"}],"wp:attachment":[{"href":"https:\/\/ocardoo.com\/en\/wp-json\/wp\/v2\/media?parent=21281"}],"wp:term":[{"taxonomy":"product_cat","embeddable":true,"href":"https:\/\/ocardoo.com\/en\/wp-json\/wp\/v2\/product_cat?post=21281"},{"taxonomy":"product_tag","embeddable":true,"href":"https:\/\/ocardoo.com\/en\/wp-json\/wp\/v2\/product_tag?post=21281"}],"curies":[{"name":"wp","href":"https:\/\/api.w.org\/{rel}","templated":true}]}}