{"id":21285,"date":"2026-05-06T20:30:45","date_gmt":"2026-05-06T18:30:45","guid":{"rendered":"https:\/\/ocardoo.com\/?post_type=product&#038;p=21285"},"modified":"2026-05-06T20:33:10","modified_gmt":"2026-05-06T18:33:10","slug":"31215","status":"publish","type":"product","link":"https:\/\/ocardoo.com\/en\/product\/31215\/","title":{"rendered":"Wir verlieren ganz sch\u00f6n viel auf einen Schlag \u2013 Emotionale digitale Abschiedskarte f\u00fcrs Team"},"content":{"rendered":"<div class=\"flex max-w-full flex-col gap-4 grow\">\n<div class=\"min-h-8 text-message relative flex w-full flex-col items-end gap-2 text-start break-words whitespace-normal outline-none keyboard-focused:focus-ring [.text-message+&amp;]:mt-1\" dir=\"auto\" tabindex=\"0\" data-message-author-role=\"assistant\" data-message-id=\"cbc6562e-20b0-45bc-a003-9d0599f7aeba\" data-message-model-slug=\"gpt-5-5\" data-turn-start-message=\"true\">\n<div class=\"flex w-full flex-col gap-1 empty:hidden\">\n<div class=\"markdown prose dark:prose-invert w-full wrap-break-word light markdown-new-styling\">\n<div class=\"flex max-w-full flex-col gap-4 grow\">\n<div class=\"min-h-8 text-message relative flex w-full flex-col items-end gap-2 text-start break-words whitespace-normal outline-none keyboard-focused:focus-ring [.text-message+&amp;]:mt-1\" dir=\"auto\" tabindex=\"0\" data-message-author-role=\"assistant\" data-message-id=\"e55a6d81-0819-49dc-8266-4ee1677a3b7d\" data-message-model-slug=\"gpt-5-5\" data-turn-start-message=\"true\">\n<div class=\"flex w-full flex-col gap-1 empty:hidden\">\n<div class=\"markdown prose dark:prose-invert w-full wrap-break-word light markdown-new-styling\">\n<p data-start=\"140\" data-end=\"193\">\ud83d\udc9a\u2728 \u201eWir verlieren ganz sch\u00f6n viel auf einen Schlag.\u201c<\/p>\n<p data-start=\"195\" data-end=\"342\">Eine emotionale und stilvolle digitale Abschiedskarte f\u00fcr Kolleg:innen, Mitarbeitende oder Freund:innen, die mehr waren als nur ein Teil des Teams.<\/p>\n<p data-start=\"344\" data-end=\"599\">Mit liebevollen Worten und modernem minimalistischen Design zeigt diese Karte auf besondere Weise, was eine Person wirklich hinterl\u00e4sst:<br \/>\neinen tollen Kollegen, einen Motivationsbooster, einen Kaffeepartner, einen Probleml\u00f6ser \u2013 und vor allem einen Freund.<\/p>\n<p data-start=\"601\" data-end=\"699\">Perfekt f\u00fcr einen pers\u00f6nlichen und wertsch\u00e4tzenden Abschiedsgru\u00df voller Emotionen und Dankbarkeit.<\/p>\n<p data-start=\"701\" data-end=\"848\">Mit Ocardoo k\u00f6nnen mehrere Personen gemeinsam online unterschreiben und pers\u00f6nliche Nachrichten hinzuf\u00fcgen \u2013 einfach per Link und komplett digital.<\/p>\n<p data-start=\"850\" data-end=\"918\">\u2728 Modern. Emotional. Pers\u00f6nlich.<br data-start=\"882\" data-end=\"885\" \/><strong data-start=\"885\" data-end=\"918\">PERS\u00d6NLICH GEHT AUCH DIGITAL.<\/strong><\/p>\n<p data-start=\"920\" data-end=\"1110\">Ideal geeignet f\u00fcr:<br \/>\nAbschied von Kolleg:innen<br data-start=\"965\" data-end=\"968\" \/>Jobwechsel &amp; K\u00fcndigung<br data-start=\"990\" data-end=\"993\" \/>Teamabschiede<br data-start=\"1006\" data-end=\"1009\" \/>digitale Gruppengru\u00dfkarten<br data-start=\"1035\" data-end=\"1038\" \/>emotionale Abschiedskarten<br data-start=\"1064\" data-end=\"1067\" \/>Abschied im B\u00fcro<br data-start=\"1083\" data-end=\"1086\" \/>pers\u00f6nliche Teamkarten<\/p>\n<p data-start=\"1112\" data-end=\"1146\"><strong data-start=\"1112\" data-end=\"1144\">Besonderheiten dieser Karte:<\/strong><\/p>\n<p data-start=\"1148\" data-end=\"1380\">\u2714 modernes minimalistisches Design<br data-start=\"1182\" data-end=\"1185\" \/>\u2714 emotionale &amp; wertsch\u00e4tzende Botschaft<br data-start=\"1224\" data-end=\"1227\" \/>\u2714 gemeinsam online unterschreiben<br data-start=\"1260\" data-end=\"1263\" \/>\u2714 pers\u00f6nliche Nachrichten hinzuf\u00fcgen<br data-start=\"1299\" data-end=\"1302\" \/>\u2714 digitale Zustellung oder PDF-Download<br data-start=\"1341\" data-end=\"1344\" \/>\u2714 perfekt f\u00fcr Teams &amp; Kolleg:innen<\/p>\n<p data-start=\"1382\" data-end=\"1410\"><strong data-start=\"1382\" data-end=\"1408\">Beliebte Suchbegriffe:<\/strong><\/p>\n<p data-start=\"1412\" data-end=\"1673\">digitale Abschiedskarte, Abschied Kollegin, Abschied Kollege, Teamkarte online unterschreiben, Gruppengru\u00dfkarte, virtuelle Abschiedskarte, Mitarbeiter Abschied, emotionale Abschiedskarte, Danke f\u00fcr die gemeinsame Zeit, Abschied Teammitglied, Ocardoo Gru\u00dfkarte<\/p>\n<p data-start=\"1675\" data-end=\"1904\"><strong data-start=\"1675\" data-end=\"1697\">So funktioniert\u2019s:<\/strong><br data-start=\"1697\" data-end=\"1700\" \/>Karte ausw\u00e4hlen<br data-start=\"1715\" data-end=\"1718\" \/>Link mit Kolleg:innen, Freund:innen oder Familie teilen<br data-start=\"1773\" data-end=\"1776\" \/>Gemeinsam online unterschreiben und pers\u00f6nliche W\u00fcnsche hinterlassen<br data-start=\"1844\" data-end=\"1847\" \/>Fertige digitale Gru\u00dfkarte versenden oder herunterladen<\/p>\n<p data-start=\"1906\" data-end=\"1967\" data-is-last-node=\"\" data-is-only-node=\"\">\ud83d\udc9a Ocardoo \u2013 pers\u00f6nliche digitale Gruppengru\u00dfkarten mit Herz.<\/p>\n<\/div>\n<\/div>\n<\/div>\n<\/div>\n<\/div>\n<\/div>\n<\/div>\n<\/div>","protected":false},"excerpt":{"rendered":"<p>\ud83d\udc9a\u2728 \u201eWir verlieren ganz sch\u00f6n viel auf einen Schlag.\u201c Eine emotionale und stilvolle digitale Abschiedskarte f\u00fcr Kolleg:innen, Mitarbeitende oder Freund:innen, die mehr waren als nur ein Teil des Teams. Mit [&hellip;]<\/p>","protected":false},"author":20,"featured_media":20365,"comment_status":"open","ping_status":"closed","template":"","meta":{"_acf_changed":false,"inline_featured_image":false,"footnotes":""},"product_cat":[85,84],"product_tag":[279,395,542,354,540,543,541],"class_list":["post-21285","product","type-product","status-publish","has-post-thumbnail","hentry","product_cat-abschied-verlaesst-unternehmen","product_cat-anlaesse","product_tag-abschied","product_tag-abschiedskarte","product_tag-jobwechsel","product_tag-kollege","product_tag-kuendigung","product_tag-neustart","product_tag-team","pa_variante-basic","pa_variante-premium"],"acf":[],"_links":{"self":[{"href":"https:\/\/ocardoo.com\/en\/wp-json\/wp\/v2\/product\/21285","targetHints":{"allow":["GET"]}}],"collection":[{"href":"https:\/\/ocardoo.com\/en\/wp-json\/wp\/v2\/product"}],"about":[{"href":"https:\/\/ocardoo.com\/en\/wp-json\/wp\/v2\/types\/product"}],"author":[{"embeddable":true,"href":"https:\/\/ocardoo.com\/en\/wp-json\/wp\/v2\/users\/20"}],"replies":[{"embeddable":true,"href":"https:\/\/ocardoo.com\/en\/wp-json\/wp\/v2\/comments?post=21285"}],"version-history":[{"count":3,"href":"https:\/\/ocardoo.com\/en\/wp-json\/wp\/v2\/product\/21285\/revisions"}],"predecessor-version":[{"id":21290,"href":"https:\/\/ocardoo.com\/en\/wp-json\/wp\/v2\/product\/21285\/revisions\/21290"}],"wp:featuredmedia":[{"embeddable":true,"href":"https:\/\/ocardoo.com\/en\/wp-json\/wp\/v2\/media\/20365"}],"wp:attachment":[{"href":"https:\/\/ocardoo.com\/en\/wp-json\/wp\/v2\/media?parent=21285"}],"wp:term":[{"taxonomy":"product_cat","embeddable":true,"href":"https:\/\/ocardoo.com\/en\/wp-json\/wp\/v2\/product_cat?post=21285"},{"taxonomy":"product_tag","embeddable":true,"href":"https:\/\/ocardoo.com\/en\/wp-json\/wp\/v2\/product_tag?post=21285"}],"curies":[{"name":"wp","href":"https:\/\/api.w.org\/{rel}","templated":true}]}}