{"id":21293,"date":"2026-05-06T20:41:24","date_gmt":"2026-05-06T18:41:24","guid":{"rendered":"https:\/\/ocardoo.com\/?post_type=product&#038;p=21293"},"modified":"2026-05-06T20:43:44","modified_gmt":"2026-05-06T18:43:44","slug":"31218","status":"publish","type":"product","link":"https:\/\/ocardoo.com\/en\/product\/31218\/","title":{"rendered":"Heute Arbeit ade \u2013 Lustige digitale Abschiedskarte mit Cocktail f\u00fcrs Team"},"content":{"rendered":"<p data-start=\"120\" data-end=\"168\">\ud83c\udf79\u2728 \u201eHeute: Arbeit ade. Morgen: Cocktail bitte!\u201c<\/p>\n<p data-start=\"170\" data-end=\"322\">Die perfekte digitale Abschiedskarte f\u00fcr alle, die sich endlich in den wohlverdienten Feierabend, Urlaub oder einen neuen Lebensabschnitt verabschieden.<\/p>\n<p data-start=\"324\" data-end=\"565\">Mit ihrem fr\u00f6hlichen Cocktail-Design, sommerlichen Farben und humorvollen Spruch sorgt diese moderne Gru\u00dfkarte garantiert f\u00fcr gute Laune im Team.<br data-start=\"469\" data-end=\"472\" \/>Ideal f\u00fcr Kolleg:innen, Mitarbeitende oder Freund:innen, die ihren letzten Arbeitstag feiern.<\/p>\n<p data-start=\"567\" data-end=\"714\">Mit Ocardoo k\u00f6nnen mehrere Personen gemeinsam online unterschreiben und pers\u00f6nliche Nachrichten hinzuf\u00fcgen \u2013 einfach per Link und komplett digital.<\/p>\n<p data-start=\"716\" data-end=\"783\">\u2728 Humorvoll. Modern. Pers\u00f6nlich.<br data-start=\"748\" data-end=\"751\" \/>\ud83d\udc9a PERS\u00d6NLICH GEHT AUCH DIGITAL.<\/p>\n<p data-start=\"785\" data-end=\"804\">Ideal geeignet f\u00fcr:<\/p>\n<ul data-start=\"805\" data-end=\"980\">\n<li data-section-id=\"g9wl6a\" data-start=\"805\" data-end=\"832\">Abschied von Kolleg:innen<\/li>\n<li data-section-id=\"hyj8w4\" data-start=\"833\" data-end=\"853\">letzter Arbeitstag<\/li>\n<li data-section-id=\"oo24gw\" data-start=\"854\" data-end=\"873\">Ruhestand &amp; Rente<\/li>\n<li data-section-id=\"1y9mscs\" data-start=\"874\" data-end=\"886\">Jobwechsel<\/li>\n<li data-section-id=\"geqh0j\" data-start=\"887\" data-end=\"902\">Teamabschiede<\/li>\n<li data-section-id=\"16czrfc\" data-start=\"903\" data-end=\"918\">B\u00fcro Abschied<\/li>\n<li data-section-id=\"hwsfb9\" data-start=\"919\" data-end=\"953\">lustige digitale Abschiedskarten<\/li>\n<li data-section-id=\"4uh7bo\" data-start=\"954\" data-end=\"980\">Gruppengru\u00dfkarten online<\/li>\n<\/ul>\n<p data-start=\"982\" data-end=\"1016\"><strong data-start=\"982\" data-end=\"1014\">Besonderheiten dieser Karte:<\/strong><\/p>\n<p data-start=\"1018\" data-end=\"1236\">\u2714 fr\u00f6hliches Cocktail-Design<br data-start=\"1046\" data-end=\"1049\" \/>\u2714 humorvolle Abschiedsbotschaft<br data-start=\"1080\" data-end=\"1083\" \/>\u2714 gemeinsam online unterschreiben<br data-start=\"1116\" data-end=\"1119\" \/>\u2714 pers\u00f6nliche Nachrichten hinzuf\u00fcgen<br data-start=\"1155\" data-end=\"1158\" \/>\u2714 digitale Zustellung oder PDF-Download<br data-start=\"1197\" data-end=\"1200\" \/>\u2714 perfekt f\u00fcr Kolleg:innen &amp; Teams<\/p>\n<p data-start=\"1238\" data-end=\"1266\"><strong data-start=\"1238\" data-end=\"1264\">Beliebte Suchbegriffe:<\/strong><\/p>\n<p data-start=\"1268\" data-end=\"1508\">digitale Abschiedskarte, lustige Abschiedskarte, Abschied Kollege, Abschied Kollegin, Teamkarte online unterschreiben, virtuelle Gru\u00dfkarte, Ruhestand Karte, letzter Arbeitstag Karte, Cocktail Abschiedskarte, B\u00fcro Abschied, Ocardoo Gru\u00dfkarte<\/p>\n<p data-start=\"1510\" data-end=\"1534\"><strong data-start=\"1510\" data-end=\"1532\">So funktioniert\u2019s:<\/strong><\/p>\n<ol data-start=\"1535\" data-end=\"1751\">\n<li data-section-id=\"5vuuvc\" data-start=\"1535\" data-end=\"1555\">Karte ausw\u00e4hlen<\/li>\n<li data-section-id=\"a709vx\" data-start=\"1556\" data-end=\"1616\">Link mit Kolleg:innen, Freund:innen oder Familie teilen<\/li>\n<li data-section-id=\"afulzs\" data-start=\"1617\" data-end=\"1690\">Gemeinsam online unterschreiben und pers\u00f6nliche W\u00fcnsche hinterlassen<\/li>\n<li data-section-id=\"o3iqon\" data-start=\"1691\" data-end=\"1751\">Fertige digitale Gru\u00dfkarte versenden oder herunterladen<\/li>\n<\/ol>\n<p data-start=\"1753\" data-end=\"1814\" data-is-last-node=\"\" data-is-only-node=\"\">\ud83d\udc9a Ocardoo \u2013 <strong data-start=\"77\" data-end=\"110\" data-is-last-node=\"\">PERS\u00d6NLICH GEHT AUCH DIGITAL.<\/strong><\/p>","protected":false},"excerpt":{"rendered":"<p>\ud83c\udf79\u2728 \u201eHeute: Arbeit ade. Morgen: Cocktail bitte!\u201c Die perfekte digitale Abschiedskarte f\u00fcr alle, die sich endlich in den wohlverdienten Feierabend, Urlaub oder einen neuen Lebensabschnitt verabschieden. Mit ihrem fr\u00f6hlichen Cocktail-Design, [&hellip;]<\/p>","protected":false},"author":20,"featured_media":20368,"comment_status":"open","ping_status":"closed","template":"","meta":{"_acf_changed":false,"inline_featured_image":false,"footnotes":""},"product_cat":[85,84],"product_tag":[279,395,560,542,354,540,543,541],"class_list":["post-21293","product","type-product","status-publish","has-post-thumbnail","hentry","product_cat-abschied-verlaesst-unternehmen","product_cat-anlaesse","product_tag-abschied","product_tag-abschiedskarte","product_tag-cocktail","product_tag-jobwechsel","product_tag-kollege","product_tag-kuendigung","product_tag-neustart","product_tag-team","pa_variante-basic","pa_variante-premium"],"acf":[],"_links":{"self":[{"href":"https:\/\/ocardoo.com\/en\/wp-json\/wp\/v2\/product\/21293","targetHints":{"allow":["GET"]}}],"collection":[{"href":"https:\/\/ocardoo.com\/en\/wp-json\/wp\/v2\/product"}],"about":[{"href":"https:\/\/ocardoo.com\/en\/wp-json\/wp\/v2\/types\/product"}],"author":[{"embeddable":true,"href":"https:\/\/ocardoo.com\/en\/wp-json\/wp\/v2\/users\/20"}],"replies":[{"embeddable":true,"href":"https:\/\/ocardoo.com\/en\/wp-json\/wp\/v2\/comments?post=21293"}],"version-history":[{"count":3,"href":"https:\/\/ocardoo.com\/en\/wp-json\/wp\/v2\/product\/21293\/revisions"}],"predecessor-version":[{"id":21298,"href":"https:\/\/ocardoo.com\/en\/wp-json\/wp\/v2\/product\/21293\/revisions\/21298"}],"wp:featuredmedia":[{"embeddable":true,"href":"https:\/\/ocardoo.com\/en\/wp-json\/wp\/v2\/media\/20368"}],"wp:attachment":[{"href":"https:\/\/ocardoo.com\/en\/wp-json\/wp\/v2\/media?parent=21293"}],"wp:term":[{"taxonomy":"product_cat","embeddable":true,"href":"https:\/\/ocardoo.com\/en\/wp-json\/wp\/v2\/product_cat?post=21293"},{"taxonomy":"product_tag","embeddable":true,"href":"https:\/\/ocardoo.com\/en\/wp-json\/wp\/v2\/product_tag?post=21293"}],"curies":[{"name":"wp","href":"https:\/\/api.w.org\/{rel}","templated":true}]}}