{"id":21307,"date":"2026-05-06T20:44:11","date_gmt":"2026-05-06T18:44:11","guid":{"rendered":"https:\/\/ocardoo.com\/?post_type=product&#038;p=21307"},"modified":"2026-05-06T20:47:04","modified_gmt":"2026-05-06T18:47:04","slug":"31220","status":"publish","type":"product","link":"https:\/\/ocardoo.com\/en\/product\/31220\/","title":{"rendered":"Ich muss gar nix \u2013 Lustige digitale Ruhestandskarte mit humorvollem Spruch"},"content":{"rendered":"<div class=\"flex max-w-full flex-col gap-4 grow\">\n<div class=\"min-h-8 text-message relative flex w-full flex-col items-end gap-2 text-start break-words whitespace-normal outline-none keyboard-focused:focus-ring [.text-message+&amp;]:mt-1\" dir=\"auto\" tabindex=\"0\" data-message-author-role=\"assistant\" data-message-id=\"9458e5ff-448e-4f6b-9c60-cf65f4ad41f4\" data-message-model-slug=\"gpt-5-5\" data-turn-start-message=\"true\">\n<div class=\"flex w-full flex-col gap-1 empty:hidden\">\n<div class=\"markdown prose dark:prose-invert w-full wrap-break-word light markdown-new-styling\">\n<p data-start=\"121\" data-end=\"192\">\ud83d\udc63\u2600\ufe0f \u201eIch muss gar nix\u2026 ich kann einfach machen, worauf ich Lust habe!\u201c<\/p>\n<p data-start=\"194\" data-end=\"475\">Diese humorvolle digitale Ruhestandskarte bringt die neue Freiheit nach dem Arbeitsleben perfekt auf den Punkt.<br data-start=\"305\" data-end=\"308\" \/>Ideal f\u00fcr Kolleg:innen, Mitarbeitende oder Freund:innen, die sich in den wohlverdienten Ruhestand verabschieden und endlich tun k\u00f6nnen, worauf sie wirklich Lust haben.<\/p>\n<p data-start=\"477\" data-end=\"626\">Das moderne und fr\u00f6hliche Design mit bunten Fu\u00dfspuren sorgt f\u00fcr gute Laune und macht diese Karte zu einem besonderen Abschiedsgru\u00df vom gesamten Team.<\/p>\n<p data-start=\"628\" data-end=\"780\">Mit Ocardoo k\u00f6nnen mehrere Personen gemeinsam online unterschreiben und pers\u00f6nliche Nachrichten hinzuf\u00fcgen \u2013 ganz einfach per Link und komplett digital.<\/p>\n<p data-start=\"782\" data-end=\"814\">\u2728 Humorvoll. Pers\u00f6nlich. Modern.<\/p>\n<p data-start=\"816\" data-end=\"835\">Ideal geeignet f\u00fcr:<\/p>\n<ul data-start=\"836\" data-end=\"1020\">\n<li data-section-id=\"oo24gw\" data-start=\"836\" data-end=\"855\">Ruhestand &amp; Rente<\/li>\n<li data-section-id=\"hyj8w4\" data-start=\"856\" data-end=\"876\">letzter Arbeitstag<\/li>\n<li data-section-id=\"g9wl6a\" data-start=\"877\" data-end=\"904\">Abschied von Kolleg:innen<\/li>\n<li data-section-id=\"geqh0j\" data-start=\"905\" data-end=\"920\">Teamabschiede<\/li>\n<li data-section-id=\"qma0tr\" data-start=\"921\" data-end=\"947\">lustige Ruhestandskarten<\/li>\n<li data-section-id=\"1gm1alg\" data-start=\"948\" data-end=\"976\">digitale Gruppengru\u00dfkarten<\/li>\n<li data-section-id=\"16czrfc\" data-start=\"977\" data-end=\"992\">B\u00fcro Abschied<\/li>\n<li data-section-id=\"1l7f06b\" data-start=\"993\" data-end=\"1020\">virtuelle Abschiedskarten<\/li>\n<\/ul>\n<p data-start=\"1022\" data-end=\"1056\"><strong data-start=\"1022\" data-end=\"1054\">Besonderheiten dieser Karte:<\/strong><\/p>\n<p data-start=\"1058\" data-end=\"1277\">\u2714 humorvoller Ruhestandsspruch<br data-start=\"1088\" data-end=\"1091\" \/>\u2714 modernes &amp; fr\u00f6hliches Design<br data-start=\"1121\" data-end=\"1124\" \/>\u2714 gemeinsam online unterschreiben<br data-start=\"1157\" data-end=\"1160\" \/>\u2714 pers\u00f6nliche Nachrichten hinzuf\u00fcgen<br data-start=\"1196\" data-end=\"1199\" \/>\u2714 digitale Zustellung oder PDF-Download<br data-start=\"1238\" data-end=\"1241\" \/>\u2714 perfekt f\u00fcr Kolleg:innen &amp; Teams<\/p>\n<p data-start=\"1279\" data-end=\"1307\"><strong data-start=\"1279\" data-end=\"1305\">Beliebte Suchbegriffe:<\/strong><\/p>\n<p data-start=\"1309\" data-end=\"1545\">digitale Ruhestandskarte, lustige Ruhestand Karte, Abschied Kollege, Abschied Kollegin, Renteneintritt Karte, letzte Arbeitstag Karte, virtuelle Abschiedskarte, Teamkarte online unterschreiben, Ruhestand Geschenk Idee, Ocardoo Gru\u00dfkarte<\/p>\n<p data-start=\"1547\" data-end=\"1571\"><strong data-start=\"1547\" data-end=\"1569\">So funktioniert\u2019s:<\/strong><\/p>\n<ol data-start=\"1572\" data-end=\"1788\">\n<li data-section-id=\"5vuuvc\" data-start=\"1572\" data-end=\"1592\">Karte ausw\u00e4hlen<\/li>\n<li data-section-id=\"a709vx\" data-start=\"1593\" data-end=\"1653\">Link mit Kolleg:innen, Freund:innen oder Familie teilen<\/li>\n<li data-section-id=\"afulzs\" data-start=\"1654\" data-end=\"1727\">Gemeinsam online unterschreiben und pers\u00f6nliche W\u00fcnsche hinterlassen<\/li>\n<li data-section-id=\"o3iqon\" data-start=\"1728\" data-end=\"1788\">Fertige digitale Gru\u00dfkarte versenden oder herunterladen<\/li>\n<\/ol>\n<p data-start=\"1790\" data-end=\"1822\" data-is-last-node=\"\" data-is-only-node=\"\">\ud83d\udc9a PERS\u00d6NLICH GEHT AUCH DIGITAL.<\/p>\n<\/div>\n<\/div>\n<\/div>\n<\/div>","protected":false},"excerpt":{"rendered":"<p>\ud83d\udc63\u2600\ufe0f \u201eIch muss gar nix\u2026 ich kann einfach machen, worauf ich Lust habe!\u201c Diese humorvolle digitale Ruhestandskarte bringt die neue Freiheit nach dem Arbeitsleben perfekt auf den Punkt.Ideal f\u00fcr Kolleg:innen, [&hellip;]<\/p>","protected":false},"author":20,"featured_media":20370,"comment_status":"open","ping_status":"closed","template":"","meta":{"_acf_changed":false,"inline_featured_image":false,"footnotes":""},"product_cat":[85,84],"product_tag":[279,395,542,354,540,543,541],"class_list":["post-21307","product","type-product","status-publish","has-post-thumbnail","hentry","product_cat-abschied-verlaesst-unternehmen","product_cat-anlaesse","product_tag-abschied","product_tag-abschiedskarte","product_tag-jobwechsel","product_tag-kollege","product_tag-kuendigung","product_tag-neustart","product_tag-team","pa_variante-basic","pa_variante-premium"],"acf":[],"_links":{"self":[{"href":"https:\/\/ocardoo.com\/en\/wp-json\/wp\/v2\/product\/21307","targetHints":{"allow":["GET"]}}],"collection":[{"href":"https:\/\/ocardoo.com\/en\/wp-json\/wp\/v2\/product"}],"about":[{"href":"https:\/\/ocardoo.com\/en\/wp-json\/wp\/v2\/types\/product"}],"author":[{"embeddable":true,"href":"https:\/\/ocardoo.com\/en\/wp-json\/wp\/v2\/users\/20"}],"replies":[{"embeddable":true,"href":"https:\/\/ocardoo.com\/en\/wp-json\/wp\/v2\/comments?post=21307"}],"version-history":[{"count":3,"href":"https:\/\/ocardoo.com\/en\/wp-json\/wp\/v2\/product\/21307\/revisions"}],"predecessor-version":[{"id":21317,"href":"https:\/\/ocardoo.com\/en\/wp-json\/wp\/v2\/product\/21307\/revisions\/21317"}],"wp:featuredmedia":[{"embeddable":true,"href":"https:\/\/ocardoo.com\/en\/wp-json\/wp\/v2\/media\/20370"}],"wp:attachment":[{"href":"https:\/\/ocardoo.com\/en\/wp-json\/wp\/v2\/media?parent=21307"}],"wp:term":[{"taxonomy":"product_cat","embeddable":true,"href":"https:\/\/ocardoo.com\/en\/wp-json\/wp\/v2\/product_cat?post=21307"},{"taxonomy":"product_tag","embeddable":true,"href":"https:\/\/ocardoo.com\/en\/wp-json\/wp\/v2\/product_tag?post=21307"}],"curies":[{"name":"wp","href":"https:\/\/api.w.org\/{rel}","templated":true}]}}