{"id":21944,"date":"2026-05-10T22:58:48","date_gmt":"2026-05-10T20:58:48","guid":{"rendered":"https:\/\/ocardoo.com\/?post_type=product&#038;p=21944"},"modified":"2026-05-10T23:01:30","modified_gmt":"2026-05-10T21:01:30","slug":"31227","status":"publish","type":"product","link":"https:\/\/ocardoo.com\/en\/product\/31227\/","title":{"rendered":"Keine E-Mails, keine Meetings \u2013 Lustige digitale Ruhestandskarte mit cooler Oma"},"content":{"rendered":"<p data-start=\"126\" data-end=\"176\">\ud83d\ude0e\u2615 \u201eKeine E-Mails. Keine Meetings. Kein Problem!\u201c<\/p>\n<p data-start=\"178\" data-end=\"329\">Diese humorvolle digitale Ruhestandskarte ist perfekt f\u00fcr alle, die den Start in den Ruhestand mit Stil, Humor und jeder Menge Freiheit feiern m\u00f6chten.<\/p>\n<p data-start=\"331\" data-end=\"595\">Das freche Design mit cooler Oma, Sonnenbrille und l\u00e4ssigem Outfit sorgt garantiert f\u00fcr gute Laune beim Abschied aus dem Berufsleben.<br \/>\nIdeal f\u00fcr Kolleg:innen, Mitarbeitende, Freund:innen oder Familienmitglieder, die endlich sagen k\u00f6nnen: Ausschlafen statt Meetings!<\/p>\n<p data-start=\"597\" data-end=\"744\">Mit Ocardoo k\u00f6nnen mehrere Personen gemeinsam online unterschreiben und pers\u00f6nliche Nachrichten hinzuf\u00fcgen \u2013 einfach per Link und komplett digital.<\/p>\n<p data-start=\"746\" data-end=\"778\">\u2728 Humorvoll. Modern. Pers\u00f6nlich.<\/p>","protected":false},"excerpt":{"rendered":"<p>\ud83d\ude0e\u2615 \u201eKeine E-Mails. Keine Meetings. Kein Problem!\u201c Diese humorvolle digitale Ruhestandskarte ist perfekt f\u00fcr alle, die den Start in den Ruhestand mit Stil, Humor und jeder Menge Freiheit feiern m\u00f6chten. [&hellip;]<\/p>","protected":false},"author":20,"featured_media":21770,"comment_status":"open","ping_status":"closed","template":"","meta":{"_acf_changed":false,"inline_featured_image":false,"footnotes":""},"product_cat":[85,84],"product_tag":[279,395,542,354,563,415,352,541],"class_list":["post-21944","product","type-product","status-publish","has-post-thumbnail","hentry","product_cat-abschied-verlaesst-unternehmen","product_cat-anlaesse","product_tag-abschied","product_tag-abschiedskarte","product_tag-jobwechsel","product_tag-kollege","product_tag-popcorn","product_tag-rente","product_tag-ruhestand","product_tag-team","pa_variante-basic","pa_variante-premium"],"acf":[],"_links":{"self":[{"href":"https:\/\/ocardoo.com\/en\/wp-json\/wp\/v2\/product\/21944","targetHints":{"allow":["GET"]}}],"collection":[{"href":"https:\/\/ocardoo.com\/en\/wp-json\/wp\/v2\/product"}],"about":[{"href":"https:\/\/ocardoo.com\/en\/wp-json\/wp\/v2\/types\/product"}],"author":[{"embeddable":true,"href":"https:\/\/ocardoo.com\/en\/wp-json\/wp\/v2\/users\/20"}],"replies":[{"embeddable":true,"href":"https:\/\/ocardoo.com\/en\/wp-json\/wp\/v2\/comments?post=21944"}],"version-history":[{"count":4,"href":"https:\/\/ocardoo.com\/en\/wp-json\/wp\/v2\/product\/21944\/revisions"}],"predecessor-version":[{"id":21953,"href":"https:\/\/ocardoo.com\/en\/wp-json\/wp\/v2\/product\/21944\/revisions\/21953"}],"wp:featuredmedia":[{"embeddable":true,"href":"https:\/\/ocardoo.com\/en\/wp-json\/wp\/v2\/media\/21770"}],"wp:attachment":[{"href":"https:\/\/ocardoo.com\/en\/wp-json\/wp\/v2\/media?parent=21944"}],"wp:term":[{"taxonomy":"product_cat","embeddable":true,"href":"https:\/\/ocardoo.com\/en\/wp-json\/wp\/v2\/product_cat?post=21944"},{"taxonomy":"product_tag","embeddable":true,"href":"https:\/\/ocardoo.com\/en\/wp-json\/wp\/v2\/product_tag?post=21944"}],"curies":[{"name":"wp","href":"https:\/\/api.w.org\/{rel}","templated":true}]}}