{"id":22024,"date":"2026-05-11T19:47:19","date_gmt":"2026-05-11T17:47:19","guid":{"rendered":"https:\/\/ocardoo.com\/?post_type=product&#038;p=22024"},"modified":"2026-05-11T19:48:39","modified_gmt":"2026-05-11T17:48:39","slug":"31241","status":"publish","type":"product","link":"https:\/\/ocardoo.com\/en\/product\/31241\/","title":{"rendered":"Ich bin nicht zu viel \u2013 Positive digitale Gru\u00dfkarte f\u00fcr Selbstliebe, Motivation &#038; starke Frauen"},"content":{"rendered":"<p data-start=\"142\" data-end=\"193\">\ud83d\udc96\u2728 \u201eIch bin nicht zu viel. Ich bin genau richtig.\u201c<\/p>\n<p data-start=\"195\" data-end=\"453\">Diese liebevoll gestaltete digitale Gru\u00dfkarte steht f\u00fcr Selbstliebe, St\u00e4rke, Lebensfreude und echte Pers\u00f6nlichkeit.<br data-start=\"310\" data-end=\"313\" \/>Perfekt f\u00fcr starke Frauen, beste Freundinnen, Schwestern oder einfach f\u00fcr Menschen, die daran erinnert werden sollen, wie wertvoll sie sind.<\/p>\n<p data-start=\"455\" data-end=\"631\">Die moderne Illustration mit humorvoller, selbstbewusster Frau, positiven Statements und fr\u00f6hlichen Farben macht diese Karte zu einer wundersch\u00f6nen Motivation f\u00fcr jeden Anlass.<\/p>\n<p data-start=\"633\" data-end=\"652\">Ideal geeignet als:<\/p>\n<ul data-start=\"653\" data-end=\"916\">\n<li data-section-id=\"1hewkjq\" data-start=\"653\" data-end=\"671\">Motivationskarte<\/li>\n<li data-section-id=\"ost7t0\" data-start=\"672\" data-end=\"695\">Karte zur Selbstliebe<\/li>\n<li data-section-id=\"13sx94m\" data-start=\"696\" data-end=\"725\">digitale Aufmunterungskarte<\/li>\n<li data-section-id=\"1ikfn4q\" data-start=\"726\" data-end=\"756\">Gru\u00dfkarte f\u00fcr beste Freundin<\/li>\n<li data-section-id=\"19i0xi0\" data-start=\"757\" data-end=\"782\">Karte f\u00fcr starke Frauen<\/li>\n<li data-section-id=\"1w7d0i1\" data-start=\"783\" data-end=\"819\">mentale St\u00e4rke &amp; positive Gedanken<\/li>\n<li data-section-id=\"slwn99\" data-start=\"820\" data-end=\"848\">Geburtstagskarte mit Humor<\/li>\n<li data-section-id=\"1rq2u3s\" data-start=\"849\" data-end=\"878\">digitale Freundschaftskarte<\/li>\n<li data-section-id=\"d7cvw8\" data-start=\"879\" data-end=\"916\">kleine Aufmerksamkeit zwischendurch<\/li>\n<\/ul>\n<p data-start=\"918\" data-end=\"1027\">\u2728 Mit Ocardoo k\u00f6nnen mehrere Personen gemeinsam online unterschreiben und pers\u00f6nliche Nachrichten hinzuf\u00fcgen.<\/p>","protected":false},"excerpt":{"rendered":"<p>\ud83d\udc96\u2728 \u201eIch bin nicht zu viel. Ich bin genau richtig.\u201c Diese liebevoll gestaltete digitale Gru\u00dfkarte steht f\u00fcr Selbstliebe, St\u00e4rke, Lebensfreude und echte Pers\u00f6nlichkeit.Perfekt f\u00fcr starke Frauen, beste Freundinnen, Schwestern oder [&hellip;]<\/p>","protected":false},"author":20,"featured_media":21784,"comment_status":"open","ping_status":"closed","template":"","meta":{"_acf_changed":false,"inline_featured_image":false,"footnotes":""},"product_cat":[85,84],"product_tag":[279,395,542,354,415,352,541],"class_list":["post-22024","product","type-product","status-publish","has-post-thumbnail","hentry","product_cat-abschied-verlaesst-unternehmen","product_cat-anlaesse","product_tag-abschied","product_tag-abschiedskarte","product_tag-jobwechsel","product_tag-kollege","product_tag-rente","product_tag-ruhestand","product_tag-team","pa_variante-basic","pa_variante-premium"],"acf":[],"_links":{"self":[{"href":"https:\/\/ocardoo.com\/en\/wp-json\/wp\/v2\/product\/22024","targetHints":{"allow":["GET"]}}],"collection":[{"href":"https:\/\/ocardoo.com\/en\/wp-json\/wp\/v2\/product"}],"about":[{"href":"https:\/\/ocardoo.com\/en\/wp-json\/wp\/v2\/types\/product"}],"author":[{"embeddable":true,"href":"https:\/\/ocardoo.com\/en\/wp-json\/wp\/v2\/users\/20"}],"replies":[{"embeddable":true,"href":"https:\/\/ocardoo.com\/en\/wp-json\/wp\/v2\/comments?post=22024"}],"version-history":[{"count":2,"href":"https:\/\/ocardoo.com\/en\/wp-json\/wp\/v2\/product\/22024\/revisions"}],"predecessor-version":[{"id":22028,"href":"https:\/\/ocardoo.com\/en\/wp-json\/wp\/v2\/product\/22024\/revisions\/22028"}],"wp:featuredmedia":[{"embeddable":true,"href":"https:\/\/ocardoo.com\/en\/wp-json\/wp\/v2\/media\/21784"}],"wp:attachment":[{"href":"https:\/\/ocardoo.com\/en\/wp-json\/wp\/v2\/media?parent=22024"}],"wp:term":[{"taxonomy":"product_cat","embeddable":true,"href":"https:\/\/ocardoo.com\/en\/wp-json\/wp\/v2\/product_cat?post=22024"},{"taxonomy":"product_tag","embeddable":true,"href":"https:\/\/ocardoo.com\/en\/wp-json\/wp\/v2\/product_tag?post=22024"}],"curies":[{"name":"wp","href":"https:\/\/api.w.org\/{rel}","templated":true}]}}