{"id":22029,"date":"2026-05-11T19:49:02","date_gmt":"2026-05-11T17:49:02","guid":{"rendered":"https:\/\/ocardoo.com\/?post_type=product&#038;p=22029"},"modified":"2026-05-11T19:50:36","modified_gmt":"2026-05-11T17:50:36","slug":"31242","status":"publish","type":"product","link":"https:\/\/ocardoo.com\/en\/product\/31242\/","title":{"rendered":"Ich bin nicht verw\u00f6hnt \u2013 Lustige digitale Gru\u00dfkarte f\u00fcr Selbstliebe, Lebensfreude &#038; starke Frauen"},"content":{"rendered":"<div class=\"flex max-w-full flex-col gap-4 grow\">\n<div class=\"min-h-8 text-message relative flex w-full flex-col items-end gap-2 text-start break-words whitespace-normal outline-none keyboard-focused:focus-ring [.text-message+&amp;]:mt-1\" dir=\"auto\" tabindex=\"0\" data-message-author-role=\"assistant\" data-message-id=\"a7da5ca9-4e21-4a8d-acff-49d487584b40\" data-message-model-slug=\"gpt-5-5\" data-turn-start-message=\"true\">\n<div class=\"flex w-full flex-col gap-1 empty:hidden\">\n<div class=\"markdown prose dark:prose-invert wrap-break-word w-full light markdown-new-styling\">\n<p data-start=\"144\" data-end=\"198\">\ud83d\udc96\ud83d\udef5 \u201eIch bin nicht verw\u00f6hnt. Ich bin gut investiert.\u201c<\/p>\n<p data-start=\"200\" data-end=\"457\">Diese humorvolle und moderne digitale Gru\u00dfkarte feiert Selbstliebe, Freiheit und das gute Leben.<br data-start=\"296\" data-end=\"299\" \/>Mit der fr\u00f6hlichen Illustration auf dem pinken Roller und den motivierenden Statements ist diese Karte perfekt f\u00fcr starke Frauen mit Humor und Pers\u00f6nlichkeit.<\/p>\n<p data-start=\"459\" data-end=\"608\">Ideal als kleine Aufmerksamkeit f\u00fcr beste Freundinnen, Kolleginnen, Schwestern oder einfach f\u00fcr Menschen, die sich selbst endlich mehr g\u00f6nnen d\u00fcrfen.<\/p>\n<p data-start=\"610\" data-end=\"633\">\u2728 Perfekt geeignet f\u00fcr:<\/p>\n<ul data-start=\"634\" data-end=\"822\">\n<li data-section-id=\"1nss2jm\" data-start=\"634\" data-end=\"660\">Selbstliebe &amp; Motivation<\/li>\n<li data-section-id=\"1q7rr56\" data-start=\"661\" data-end=\"680\">positive Gedanken<\/li>\n<li data-section-id=\"vbesli\" data-start=\"681\" data-end=\"701\">Frauenfreundschaft<\/li>\n<li data-section-id=\"1kg5avn\" data-start=\"702\" data-end=\"716\">Aufmunterung<\/li>\n<li data-section-id=\"gv7l6i\" data-start=\"717\" data-end=\"729\">Birthday<\/li>\n<li data-section-id=\"bq3a8n\" data-start=\"730\" data-end=\"753\">Ruhestand &amp; Neuanfang<\/li>\n<li data-section-id=\"1b0sbpu\" data-start=\"754\" data-end=\"785\">digitale Gru\u00dfkarten mit Humor<\/li>\n<li data-section-id=\"1dhhfil\" data-start=\"786\" data-end=\"822\">kleine Wertsch\u00e4tzung zwischendurch<\/li>\n<\/ul>\n<p data-start=\"824\" data-end=\"953\">Mit Ocardoo k\u00f6nnen mehrere Personen gemeinsam online unterschreiben und pers\u00f6nliche W\u00fcnsche hinterlassen \u2013 ganz einfach per Link.<\/p>\n<\/div>\n<\/div>\n<\/div>\n<\/div>","protected":false},"excerpt":{"rendered":"<p>\ud83d\udc96\ud83d\udef5 \u201eIch bin nicht verw\u00f6hnt. Ich bin gut investiert.\u201c Diese humorvolle und moderne digitale Gru\u00dfkarte feiert Selbstliebe, Freiheit und das gute Leben.Mit der fr\u00f6hlichen Illustration auf dem pinken Roller und [&hellip;]<\/p>","protected":false},"author":20,"featured_media":21785,"comment_status":"open","ping_status":"closed","template":"","meta":{"_acf_changed":false,"inline_featured_image":false,"footnotes":""},"product_cat":[85,84],"product_tag":[279,395,542,354,419,415,352,541],"class_list":["post-22029","product","type-product","status-publish","has-post-thumbnail","hentry","product_cat-abschied-verlaesst-unternehmen","product_cat-anlaesse","product_tag-abschied","product_tag-abschiedskarte","product_tag-jobwechsel","product_tag-kollege","product_tag-mofa","product_tag-rente","product_tag-ruhestand","product_tag-team","pa_variante-basic","pa_variante-premium"],"acf":[],"_links":{"self":[{"href":"https:\/\/ocardoo.com\/en\/wp-json\/wp\/v2\/product\/22029","targetHints":{"allow":["GET"]}}],"collection":[{"href":"https:\/\/ocardoo.com\/en\/wp-json\/wp\/v2\/product"}],"about":[{"href":"https:\/\/ocardoo.com\/en\/wp-json\/wp\/v2\/types\/product"}],"author":[{"embeddable":true,"href":"https:\/\/ocardoo.com\/en\/wp-json\/wp\/v2\/users\/20"}],"replies":[{"embeddable":true,"href":"https:\/\/ocardoo.com\/en\/wp-json\/wp\/v2\/comments?post=22029"}],"version-history":[{"count":2,"href":"https:\/\/ocardoo.com\/en\/wp-json\/wp\/v2\/product\/22029\/revisions"}],"predecessor-version":[{"id":22033,"href":"https:\/\/ocardoo.com\/en\/wp-json\/wp\/v2\/product\/22029\/revisions\/22033"}],"wp:featuredmedia":[{"embeddable":true,"href":"https:\/\/ocardoo.com\/en\/wp-json\/wp\/v2\/media\/21785"}],"wp:attachment":[{"href":"https:\/\/ocardoo.com\/en\/wp-json\/wp\/v2\/media?parent=22029"}],"wp:term":[{"taxonomy":"product_cat","embeddable":true,"href":"https:\/\/ocardoo.com\/en\/wp-json\/wp\/v2\/product_cat?post=22029"},{"taxonomy":"product_tag","embeddable":true,"href":"https:\/\/ocardoo.com\/en\/wp-json\/wp\/v2\/product_tag?post=22029"}],"curies":[{"name":"wp","href":"https:\/\/api.w.org\/{rel}","templated":true}]}}