{"id":22108,"date":"2026-05-11T21:31:56","date_gmt":"2026-05-11T19:31:56","guid":{"rendered":"https:\/\/ocardoo.com\/?post_type=product&#038;p=22108"},"modified":"2026-05-11T21:35:04","modified_gmt":"2026-05-11T19:35:04","slug":"31260","status":"publish","type":"product","link":"https:\/\/ocardoo.com\/en\/product\/31260\/","title":{"rendered":"Sonne im Herzen, kein Wecker mehr | Lustige digitale Ruhestandskarte in Rosa"},"content":{"rendered":"<div class=\"relative basis-auto flex-col -mb-(--composer-overlap-px) pb-(--composer-overlap-px) [--composer-overlap-px:28px] grow flex\">\n<div class=\"flex flex-col text-sm\">\n<div class=\"qMYqUG_convSearchResultHighlightRoot\">\n<div class=\"relative w-full overflow-visible\">\n<section class=\"text-token-text-primary w-full focus:outline-none [--shadow-height:45px] has-data-writing-block:pointer-events-none has-data-writing-block:-mt-(--shadow-height) has-data-writing-block:pt-(--shadow-height) [&amp;:has([data-writing-block])&gt;*]:pointer-events-auto [content-visibility:auto] supports-[content-visibility:auto]:[contain-intrinsic-size:auto_100lvh] R6Vx5W_threadScrollVars scroll-mb-[calc(var(--scroll-root-safe-area-inset-bottom,0px)+var(--thread-response-height))] scroll-mt-[calc(var(--header-height)+min(200px,max(70px,20svh)))]\" dir=\"auto\" data-turn-id=\"request-52c5ea13-53ed-4263-8c9b-68fad94b5f98-27\" data-turn-id-container=\"request-52c5ea13-53ed-4263-8c9b-68fad94b5f98-27\" data-testid=\"conversation-turn-532\" data-scroll-anchor=\"false\" data-turn=\"assistant\">\n<div class=\"text-base my-auto mx-auto pb-10 [--thread-content-margin:var(--thread-content-margin-xs,calc(var(--spacing)*4))] @w-sm\/main:[--thread-content-margin:var(--thread-content-margin-sm,calc(var(--spacing)*6))] @w-lg\/main:[--thread-content-margin:var(--thread-content-margin-lg,calc(var(--spacing)*16))] px-(--thread-content-margin)\">\n<div class=\"[--thread-content-max-width:40rem] @w-lg\/main:[--thread-content-max-width:48rem] mx-auto max-w-(--thread-content-max-width) flex-1 group\/turn-messages focus-visible:outline-hidden relative flex w-full min-w-0 flex-col agent-turn\">\n<div class=\"flex max-w-full flex-col gap-4 grow\">\n<div class=\"min-h-8 text-message relative flex w-full flex-col items-end gap-2 text-start break-words whitespace-normal outline-none keyboard-focused:focus-ring [.text-message+&amp;]:mt-1\" dir=\"auto\" tabindex=\"0\" data-message-author-role=\"assistant\" data-message-id=\"43296f68-3dfa-411a-93fe-41f48edce671\" data-message-model-slug=\"gpt-5-5\" data-turn-start-message=\"true\">\n<div class=\"flex w-full flex-col gap-1 empty:hidden\">\n<div class=\"markdown prose dark:prose-invert wrap-break-word w-full light markdown-new-styling\">\n<p data-start=\"123\" data-end=\"195\">\ud83d\ude0e\u2600\ufe0f \u201eSonne im Herzen, Sand zwischen den Zehen, kein Wecker mehr sehen!\u201c<\/p>\n<p data-start=\"197\" data-end=\"419\">Diese humorvolle digitale Ruhestandskarte verspr\u00fcht pure Urlaubs- und Freiheitsgef\u00fchle.<br data-start=\"284\" data-end=\"287\" \/>Das moderne Design mit Sonnenbrille und frischen Farben macht sie zur perfekten Karte f\u00fcr den Renteneintritt oder die Pensionierung.<\/p>\n<p data-start=\"421\" data-end=\"549\">Ideal f\u00fcr Kolleg:innen, Freund:innen oder Familienmitglieder, die sich auf entspannte Tage ohne Stress und Wecker freuen d\u00fcrfen.<\/p>\n<p data-start=\"551\" data-end=\"715\">\u2728 Gemeinsam unterschreiben mit Ocardoo:<br data-start=\"590\" data-end=\"593\" \/>Mehrere Personen k\u00f6nnen online pers\u00f6nliche W\u00fcnsche, liebe Nachrichten und Erinnerungen hinzuf\u00fcgen \u2013 ganz einfach per Link.<\/p>\n<p data-start=\"717\" data-end=\"738\">Perfekt geeignet f\u00fcr:<\/p>\n<ul data-start=\"739\" data-end=\"918\">\n<li data-section-id=\"zs7bu6\" data-start=\"739\" data-end=\"750\">Ruhestand<\/li>\n<li data-section-id=\"r8cep6\" data-start=\"751\" data-end=\"766\">Pensionierung<\/li>\n<li data-section-id=\"1027kzn\" data-start=\"767\" data-end=\"783\">Renteneintritt<\/li>\n<li data-section-id=\"11a34dh\" data-start=\"784\" data-end=\"816\">Abschied Kollegin oder Kollege<\/li>\n<li data-section-id=\"79i4kh\" data-start=\"817\" data-end=\"842\">lustige Ruhestandskarte<\/li>\n<li data-section-id=\"1r4lbgp\" data-start=\"843\" data-end=\"869\">digitale Gru\u00dfkarte Rente<\/li>\n<li data-section-id=\"1emzrs9\" data-start=\"870\" data-end=\"889\">Urlaub &amp; Freizeit<\/li>\n<li data-section-id=\"14tns2p\" data-start=\"890\" data-end=\"918\">Sommerliche Abschiedskarte<\/li>\n<\/ul>\n<\/div>\n<\/div>\n<\/div>\n<\/div>\n<\/div>\n<\/div>\n<\/section>\n<\/div>\n<\/div>\n<\/div>\n<\/div>","protected":false},"excerpt":{"rendered":"<p>\ud83d\ude0e\u2600\ufe0f \u201eSonne im Herzen, Sand zwischen den Zehen, kein Wecker mehr sehen!\u201c Diese humorvolle digitale Ruhestandskarte verspr\u00fcht pure Urlaubs- und Freiheitsgef\u00fchle.Das moderne Design mit Sonnenbrille und frischen Farben macht sie [&hellip;]<\/p>","protected":false},"author":20,"featured_media":21803,"comment_status":"open","ping_status":"closed","template":"","meta":{"_acf_changed":false,"inline_featured_image":false,"footnotes":""},"product_cat":[85,84],"product_tag":[279,395,415,352,430,541],"class_list":["post-22108","product","type-product","status-publish","has-post-thumbnail","hentry","product_cat-abschied-verlaesst-unternehmen","product_cat-anlaesse","product_tag-abschied","product_tag-abschiedskarte","product_tag-rente","product_tag-ruhestand","product_tag-sonnenbrille","product_tag-team","pa_variante-basic","pa_variante-premium"],"acf":[],"_links":{"self":[{"href":"https:\/\/ocardoo.com\/en\/wp-json\/wp\/v2\/product\/22108","targetHints":{"allow":["GET"]}}],"collection":[{"href":"https:\/\/ocardoo.com\/en\/wp-json\/wp\/v2\/product"}],"about":[{"href":"https:\/\/ocardoo.com\/en\/wp-json\/wp\/v2\/types\/product"}],"author":[{"embeddable":true,"href":"https:\/\/ocardoo.com\/en\/wp-json\/wp\/v2\/users\/20"}],"replies":[{"embeddable":true,"href":"https:\/\/ocardoo.com\/en\/wp-json\/wp\/v2\/comments?post=22108"}],"version-history":[{"count":3,"href":"https:\/\/ocardoo.com\/en\/wp-json\/wp\/v2\/product\/22108\/revisions"}],"predecessor-version":[{"id":22113,"href":"https:\/\/ocardoo.com\/en\/wp-json\/wp\/v2\/product\/22108\/revisions\/22113"}],"wp:featuredmedia":[{"embeddable":true,"href":"https:\/\/ocardoo.com\/en\/wp-json\/wp\/v2\/media\/21803"}],"wp:attachment":[{"href":"https:\/\/ocardoo.com\/en\/wp-json\/wp\/v2\/media?parent=22108"}],"wp:term":[{"taxonomy":"product_cat","embeddable":true,"href":"https:\/\/ocardoo.com\/en\/wp-json\/wp\/v2\/product_cat?post=22108"},{"taxonomy":"product_tag","embeddable":true,"href":"https:\/\/ocardoo.com\/en\/wp-json\/wp\/v2\/product_tag?post=22108"}],"curies":[{"name":"wp","href":"https:\/\/api.w.org\/{rel}","templated":true}]}}