{"id":22119,"date":"2026-05-11T21:37:12","date_gmt":"2026-05-11T19:37:12","guid":{"rendered":"https:\/\/ocardoo.com\/?post_type=product&#038;p=22119"},"modified":"2026-05-11T21:38:52","modified_gmt":"2026-05-11T19:38:52","slug":"31262","status":"publish","type":"product","link":"https:\/\/ocardoo.com\/en\/product\/31262\/","title":{"rendered":"Koffer packen, Abenteuer beginnen | Digitale Ruhestandskarte f\u00fcr Reisen &#038; Freiheit"},"content":{"rendered":"<p data-start=\"129\" data-end=\"186\">\ud83e\uddf3\u2600\ufe0f \u201eKoffer packen, Sorgen abgeben, Abenteuer beginnen!\u201c<\/p>\n<p data-start=\"188\" data-end=\"481\">Diese moderne digitale Ruhestandskarte ist perfekt f\u00fcr alle, die den neuen Lebensabschnitt mit Reisen, Freiheit und neuen Erlebnissen verbinden.<br data-start=\"332\" data-end=\"335\" \/>Das fr\u00f6hliche Design mit Reisekoffer und leuchtenden Farben macht die Karte zum idealen Gl\u00fcckwunsch f\u00fcr den Renteneintritt oder die Pensionierung.<\/p>\n<p data-start=\"483\" data-end=\"614\">Ideal f\u00fcr Kolleg:innen, Freund:innen, Eltern oder Lieblingsmenschen, die jetzt endlich Zeit f\u00fcr Abenteuer und sch\u00f6ne Momente haben.<\/p>\n<p data-start=\"616\" data-end=\"780\">\u2728 Gemeinsam unterschreiben mit Ocardoo:<br data-start=\"655\" data-end=\"658\" \/>Mehrere Personen k\u00f6nnen online pers\u00f6nliche W\u00fcnsche, liebe Nachrichten und Erinnerungen hinzuf\u00fcgen \u2013 ganz einfach per Link.<\/p>\n<p data-start=\"782\" data-end=\"803\">Perfekt geeignet f\u00fcr:<\/p>\n<ul data-start=\"804\" data-end=\"976\">\n<li data-section-id=\"zs7bu6\" data-start=\"804\" data-end=\"815\">Ruhestand<\/li>\n<li data-section-id=\"r8cep6\" data-start=\"816\" data-end=\"831\">Pensionierung<\/li>\n<li data-section-id=\"1027kzn\" data-start=\"832\" data-end=\"848\">Renteneintritt<\/li>\n<li data-section-id=\"11a34dh\" data-start=\"849\" data-end=\"881\">Abschied Kollegin oder Kollege<\/li>\n<li data-section-id=\"sudph3\" data-start=\"882\" data-end=\"894\">Reise-Fans<\/li>\n<li data-section-id=\"gm8n3b\" data-start=\"895\" data-end=\"925\">digitale Gru\u00dfkarte Ruhestand<\/li>\n<li data-section-id=\"1387e1p\" data-start=\"926\" data-end=\"948\">Abenteuer &amp; Freiheit<\/li>\n<li data-section-id=\"mm5zg0\" data-start=\"949\" data-end=\"976\">humorvolle Abschiedskarte<\/li>\n<\/ul>\n<p data-start=\"978\" data-end=\"995\"><strong data-start=\"978\" data-end=\"993\">Highlights:<\/strong><\/p>\n<p data-start=\"997\" data-end=\"1214\">\u2714 modernes Reise- &amp; Abenteuerdesign<br data-start=\"1032\" data-end=\"1035\" \/>\u2714 digitale Gruppengru\u00dfkarte<br data-start=\"1062\" data-end=\"1065\" \/>\u2714 gemeinsam online unterschreiben<br data-start=\"1098\" data-end=\"1101\" \/>\u2714 pers\u00f6nliche Nachrichten &amp; Fotos m\u00f6glich<br data-start=\"1142\" data-end=\"1145\" \/>\u2714 direkt digital versenden<br data-start=\"1171\" data-end=\"1174\" \/>\u2714 perfekt f\u00fcr Teams, Familie &amp; Freunde<\/p>\n<p data-start=\"1216\" data-end=\"1244\"><strong data-start=\"1216\" data-end=\"1242\">Beliebte Suchbegriffe:<\/strong><\/p>\n<p data-start=\"1246\" data-end=\"1467\">Ruhestand Karte Reisen, Pensionierung Abenteuer, digitale Ruhestandskarte, Renteneintritt Karte modern, Abschied Kollege Ruhestand, Reise Ruhestand Karte, virtuelle Rentnerkarte, Koffer packen Ruhestand, Ocardoo Ruhestand<\/p>\n<p data-start=\"1469\" data-end=\"1493\"><strong data-start=\"1469\" data-end=\"1491\">So funktioniert\u2019s:<\/strong><\/p>\n<ol data-start=\"1494\" data-end=\"1662\">\n<li data-section-id=\"5vuuvc\" data-start=\"1494\" data-end=\"1514\">Karte ausw\u00e4hlen<\/li>\n<li data-section-id=\"c5l4at\" data-start=\"1515\" data-end=\"1577\">Kolleg:innen, Freund:innen oder Familie per Link einladen<\/li>\n<li data-section-id=\"5hqsc2\" data-start=\"1578\" data-end=\"1614\">Gemeinsam online unterschreiben<\/li>\n<li data-section-id=\"rp3kv7\" data-start=\"1615\" data-end=\"1662\">Karte digital versenden oder herunterladen<\/li>\n<\/ol>\n<p data-start=\"1664\" data-end=\"1695\" data-is-last-node=\"\" data-is-only-node=\"\">\u2728 PERS\u00d6NLICH GEHT AUCH DIGITAL.<\/p>","protected":false},"excerpt":{"rendered":"<p>\ud83e\uddf3\u2600\ufe0f \u201eKoffer packen, Sorgen abgeben, Abenteuer beginnen!\u201c Diese moderne digitale Ruhestandskarte ist perfekt f\u00fcr alle, die den neuen Lebensabschnitt mit Reisen, Freiheit und neuen Erlebnissen verbinden.Das fr\u00f6hliche Design mit Reisekoffer [&hellip;]<\/p>","protected":false},"author":20,"featured_media":21805,"comment_status":"open","ping_status":"closed","template":"","meta":{"_acf_changed":false,"inline_featured_image":false,"footnotes":""},"product_cat":[85,84],"product_tag":[279,395,572,415,352,541],"class_list":["post-22119","product","type-product","status-publish","has-post-thumbnail","hentry","product_cat-abschied-verlaesst-unternehmen","product_cat-anlaesse","product_tag-abschied","product_tag-abschiedskarte","product_tag-koffer","product_tag-rente","product_tag-ruhestand","product_tag-team","pa_variante-basic","pa_variante-premium"],"acf":[],"_links":{"self":[{"href":"https:\/\/ocardoo.com\/en\/wp-json\/wp\/v2\/product\/22119","targetHints":{"allow":["GET"]}}],"collection":[{"href":"https:\/\/ocardoo.com\/en\/wp-json\/wp\/v2\/product"}],"about":[{"href":"https:\/\/ocardoo.com\/en\/wp-json\/wp\/v2\/types\/product"}],"author":[{"embeddable":true,"href":"https:\/\/ocardoo.com\/en\/wp-json\/wp\/v2\/users\/20"}],"replies":[{"embeddable":true,"href":"https:\/\/ocardoo.com\/en\/wp-json\/wp\/v2\/comments?post=22119"}],"version-history":[{"count":3,"href":"https:\/\/ocardoo.com\/en\/wp-json\/wp\/v2\/product\/22119\/revisions"}],"predecessor-version":[{"id":22124,"href":"https:\/\/ocardoo.com\/en\/wp-json\/wp\/v2\/product\/22119\/revisions\/22124"}],"wp:featuredmedia":[{"embeddable":true,"href":"https:\/\/ocardoo.com\/en\/wp-json\/wp\/v2\/media\/21805"}],"wp:attachment":[{"href":"https:\/\/ocardoo.com\/en\/wp-json\/wp\/v2\/media?parent=22119"}],"wp:term":[{"taxonomy":"product_cat","embeddable":true,"href":"https:\/\/ocardoo.com\/en\/wp-json\/wp\/v2\/product_cat?post=22119"},{"taxonomy":"product_tag","embeddable":true,"href":"https:\/\/ocardoo.com\/en\/wp-json\/wp\/v2\/product_tag?post=22119"}],"curies":[{"name":"wp","href":"https:\/\/api.w.org\/{rel}","templated":true}]}}