{"id":22156,"date":"2026-05-11T21:55:41","date_gmt":"2026-05-11T19:55:41","guid":{"rendered":"https:\/\/ocardoo.com\/?post_type=product&#038;p=22156"},"modified":"2026-05-11T21:57:02","modified_gmt":"2026-05-11T19:57:02","slug":"31269","status":"publish","type":"product","link":"https:\/\/ocardoo.com\/en\/product\/31269\/","title":{"rendered":"Die Rentenzeit beginnt | Lustige Karte zur Pensionierung &#038; Ruhestand"},"content":{"rendered":"<div class=\"relative basis-auto flex-col -mb-(--composer-overlap-px) pb-(--composer-overlap-px) [--composer-overlap-px:28px] grow flex\">\n<div class=\"flex flex-col text-sm\">\n<div class=\"qMYqUG_convSearchResultHighlightRoot\">\n<div class=\"relative w-full overflow-visible\">\n<section class=\"text-token-text-primary w-full focus:outline-none [--shadow-height:45px] has-data-writing-block:pointer-events-none has-data-writing-block:-mt-(--shadow-height) has-data-writing-block:pt-(--shadow-height) [&amp;:has([data-writing-block])&gt;*]:pointer-events-auto [content-visibility:auto] supports-[content-visibility:auto]:[contain-intrinsic-size:auto_100lvh] R6Vx5W_threadScrollVars scroll-mb-[calc(var(--scroll-root-safe-area-inset-bottom,0px)+var(--thread-response-height))] scroll-mt-[calc(var(--header-height)+min(200px,max(70px,20svh)))]\" dir=\"auto\" data-turn-id=\"request-52c5ea13-53ed-4263-8c9b-68fad94b5f98-27\" data-turn-id-container=\"request-52c5ea13-53ed-4263-8c9b-68fad94b5f98-27\" data-testid=\"conversation-turn-532\" data-scroll-anchor=\"false\" data-turn=\"assistant\">\n<div class=\"text-base my-auto mx-auto pb-10 [--thread-content-margin:var(--thread-content-margin-xs,calc(var(--spacing)*4))] @w-sm\/main:[--thread-content-margin:var(--thread-content-margin-sm,calc(var(--spacing)*6))] @w-lg\/main:[--thread-content-margin:var(--thread-content-margin-lg,calc(var(--spacing)*16))] px-(--thread-content-margin)\">\n<div class=\"[--thread-content-max-width:40rem] @w-lg\/main:[--thread-content-max-width:48rem] mx-auto max-w-(--thread-content-max-width) flex-1 group\/turn-messages focus-visible:outline-hidden relative flex w-full min-w-0 flex-col agent-turn\">\n<div class=\"flex max-w-full flex-col gap-4 grow\">\n<div class=\"min-h-8 text-message relative flex w-full flex-col items-end gap-2 text-start break-words whitespace-normal outline-none keyboard-focused:focus-ring [.text-message+&amp;]:mt-1\" dir=\"auto\" tabindex=\"0\" data-message-author-role=\"assistant\" data-message-id=\"43296f68-3dfa-411a-93fe-41f48edce671\" data-message-model-slug=\"gpt-5-5\" data-turn-start-message=\"true\">\n<div class=\"flex w-full flex-col gap-1 empty:hidden\">\n<div class=\"markdown prose dark:prose-invert wrap-break-word w-full light markdown-new-styling\">\n<p data-start=\"115\" data-end=\"188\">\ud83d\udef5\ud83c\udf89 \u201eDie Rentenzeit beginnt! Endlich mehr Zeit f\u00fcr Unsinn und Bl\u00f6dsinn!\u201c<\/p>\n<p data-start=\"190\" data-end=\"423\">Diese fr\u00f6hliche und humorvolle digitale Gru\u00dfkarte ist perfekt f\u00fcr den Start in den Ruhestand.<br data-start=\"283\" data-end=\"286\" \/>Mit der coolen Oma auf dem Roller und dem witzigen Spruch sorgt die Karte garantiert f\u00fcr gute Stimmung beim Abschied aus dem Berufsleben.<\/p>\n<p data-start=\"425\" data-end=\"543\">Ideal f\u00fcr Kolleg:innen, Freund:innen, Eltern oder langj\u00e4hrige Mitarbeitende zur Pensionierung oder zum Renteneintritt.<\/p>\n<p data-start=\"545\" data-end=\"777\">\u2728 Gemeinsam online unterschreiben<br data-start=\"578\" data-end=\"581\" \/>Mit Ocardoo k\u00f6nnen mehrere Personen pers\u00f6nliche Nachrichten, W\u00fcnsche und Erinnerungen in einer gemeinsamen digitalen Karte hinterlassen \u2013 perfekt f\u00fcr Teams, Freundesgruppen oder die ganze Familie.<\/p>\n<p data-start=\"779\" data-end=\"800\">Perfekt geeignet f\u00fcr:<\/p>\n<ul data-start=\"801\" data-end=\"981\">\n<li data-section-id=\"zs7bu6\" data-start=\"801\" data-end=\"812\">Ruhestand<\/li>\n<li data-section-id=\"r8cep6\" data-start=\"813\" data-end=\"828\">Pensionierung<\/li>\n<li data-section-id=\"1027kzn\" data-start=\"829\" data-end=\"845\">Renteneintritt<\/li>\n<li data-section-id=\"11a34dh\" data-start=\"846\" data-end=\"878\">Abschied Kollegin oder Kollege<\/li>\n<li data-section-id=\"r9qvr4\" data-start=\"879\" data-end=\"901\">lustige Rentnerkarte<\/li>\n<li data-section-id=\"1o66xlq\" data-start=\"902\" data-end=\"927\">digitale Abschiedskarte<\/li>\n<li data-section-id=\"vrxux1\" data-start=\"928\" data-end=\"956\">humorvolle Ruhestandskarte<\/li>\n<li data-section-id=\"1by8764\" data-start=\"957\" data-end=\"981\">Gruppenkarte Ruhestand<\/li>\n<\/ul>\n<p data-start=\"983\" data-end=\"1000\"><strong data-start=\"983\" data-end=\"998\">Highlights:<\/strong><\/p>\n<p data-start=\"1002\" data-end=\"1208\">\u2714 humorvolle Ruhestandskarte<br data-start=\"1030\" data-end=\"1033\" \/>\u2714 modernes Roller-Oma-Design<br data-start=\"1061\" data-end=\"1064\" \/>\u2714 gemeinsam online unterschreiben<br data-start=\"1097\" data-end=\"1100\" \/>\u2714 pers\u00f6nliche Texte &amp; Fotos m\u00f6glich<br data-start=\"1135\" data-end=\"1138\" \/>\u2714 sofort digital versendbar<br data-start=\"1165\" data-end=\"1168\" \/>\u2714 perfekt f\u00fcr Teams, Freunde &amp; Familie<\/p>\n<p data-start=\"1210\" data-end=\"1238\"><strong data-start=\"1210\" data-end=\"1236\">Beliebte Suchbegriffe:<\/strong><\/p>\n<p data-start=\"1240\" data-end=\"1456\">Ruhestand Karte lustig, Pensionierung Karte modern, Rentner Karte Oma, digitale Ruhestandskarte, Abschied Kollege Ruhestand, Renteneintritt Gl\u00fcckw\u00fcnsche, Roller Oma Karte, virtuelle Gru\u00dfkarte Rente, Ocardoo Ruhestand<\/p>\n<p data-start=\"1458\" data-end=\"1482\"><strong data-start=\"1458\" data-end=\"1480\">So funktioniert\u2019s:<\/strong><\/p>\n<ol data-start=\"1483\" data-end=\"1622\">\n<li data-section-id=\"1fbqmlk\" data-start=\"1483\" data-end=\"1503\">Motiv ausw\u00e4hlen<\/li>\n<li data-section-id=\"1un2v0g\" data-start=\"1504\" data-end=\"1535\">Personen per Link einladen<\/li>\n<li data-section-id=\"5hqsc2\" data-start=\"1536\" data-end=\"1572\">Gemeinsam online unterschreiben<\/li>\n<li data-section-id=\"ljbqe\" data-start=\"1573\" data-end=\"1622\">Karte digital verschicken oder herunterladen<\/li>\n<\/ol>\n<p data-start=\"1624\" data-end=\"1655\" data-is-last-node=\"\" data-is-only-node=\"\">\u2728 PERS\u00d6NLICH GEHT AUCH DIGITAL.<\/p>\n<\/div>\n<\/div>\n<\/div>\n<\/div>\n<\/div>\n<\/div>\n<\/section>\n<\/div>\n<\/div>\n<\/div>\n<\/div>","protected":false},"excerpt":{"rendered":"<p>\ud83d\udef5\ud83c\udf89 \u201eDie Rentenzeit beginnt! Endlich mehr Zeit f\u00fcr Unsinn und Bl\u00f6dsinn!\u201c Diese fr\u00f6hliche und humorvolle digitale Gru\u00dfkarte ist perfekt f\u00fcr den Start in den Ruhestand.Mit der coolen Oma auf dem [&hellip;]<\/p>","protected":false},"author":20,"featured_media":21812,"comment_status":"open","ping_status":"closed","template":"","meta":{"_acf_changed":false,"inline_featured_image":false,"footnotes":""},"product_cat":[85,84],"product_tag":[279,395,419,415,352,541],"class_list":["post-22156","product","type-product","status-publish","has-post-thumbnail","hentry","product_cat-abschied-verlaesst-unternehmen","product_cat-anlaesse","product_tag-abschied","product_tag-abschiedskarte","product_tag-mofa","product_tag-rente","product_tag-ruhestand","product_tag-team","pa_variante-basic","pa_variante-premium"],"acf":[],"_links":{"self":[{"href":"https:\/\/ocardoo.com\/en\/wp-json\/wp\/v2\/product\/22156","targetHints":{"allow":["GET"]}}],"collection":[{"href":"https:\/\/ocardoo.com\/en\/wp-json\/wp\/v2\/product"}],"about":[{"href":"https:\/\/ocardoo.com\/en\/wp-json\/wp\/v2\/types\/product"}],"author":[{"embeddable":true,"href":"https:\/\/ocardoo.com\/en\/wp-json\/wp\/v2\/users\/20"}],"replies":[{"embeddable":true,"href":"https:\/\/ocardoo.com\/en\/wp-json\/wp\/v2\/comments?post=22156"}],"version-history":[{"count":3,"href":"https:\/\/ocardoo.com\/en\/wp-json\/wp\/v2\/product\/22156\/revisions"}],"predecessor-version":[{"id":22161,"href":"https:\/\/ocardoo.com\/en\/wp-json\/wp\/v2\/product\/22156\/revisions\/22161"}],"wp:featuredmedia":[{"embeddable":true,"href":"https:\/\/ocardoo.com\/en\/wp-json\/wp\/v2\/media\/21812"}],"wp:attachment":[{"href":"https:\/\/ocardoo.com\/en\/wp-json\/wp\/v2\/media?parent=22156"}],"wp:term":[{"taxonomy":"product_cat","embeddable":true,"href":"https:\/\/ocardoo.com\/en\/wp-json\/wp\/v2\/product_cat?post=22156"},{"taxonomy":"product_tag","embeddable":true,"href":"https:\/\/ocardoo.com\/en\/wp-json\/wp\/v2\/product_tag?post=22156"}],"curies":[{"name":"wp","href":"https:\/\/api.w.org\/{rel}","templated":true}]}}