{"id":22167,"date":"2026-05-11T21:59:00","date_gmt":"2026-05-11T19:59:00","guid":{"rendered":"https:\/\/ocardoo.com\/?post_type=product&#038;p=22167"},"modified":"2026-05-11T22:00:29","modified_gmt":"2026-05-11T20:00:29","slug":"31271","status":"publish","type":"product","link":"https:\/\/ocardoo.com\/en\/product\/31271\/","title":{"rendered":"Du hast es geschafft | Lustige Ruhestandskarte &#038; Abschiedskarte zur Rente"},"content":{"rendered":"<p data-start=\"120\" data-end=\"183\">\u2708\ufe0f\ud83c\udf89 \u201eDu hast es geschafft. Wir arbeiten jetzt \u2026 f\u00fcr dich mit.\u201c<\/p>\n<p data-start=\"185\" data-end=\"445\">Diese humorvolle digitale Ruhestandskarte ist die perfekte \u00dcberraschung zum Renteneintritt oder zur Pensionierung.<br data-start=\"299\" data-end=\"302\" \/>Mit dem witzigen Spruch und dem Papierflieger-Motiv verabschiedet ihr Kolleginnen, Kollegen oder Freunde stilvoll in den neuen Lebensabschnitt.<\/p>\n<p data-start=\"447\" data-end=\"569\">Ideal f\u00fcr Teams, Firmen, Abteilungen oder Freundeskreise, die gemeinsam eine pers\u00f6nliche Abschiedskarte gestalten m\u00f6chten.<\/p>\n<p data-start=\"571\" data-end=\"740\">\u2728 Gemeinsam online unterschreiben<br data-start=\"604\" data-end=\"607\" \/>Mit Ocardoo k\u00f6nnen mehrere Personen bequem online unterschreiben und pers\u00f6nliche W\u00fcnsche, Bilder oder liebe Nachrichten hinterlassen.<\/p>\n<p data-start=\"742\" data-end=\"763\">Perfekt geeignet f\u00fcr:<\/p>\n<ul data-start=\"764\" data-end=\"935\">\n<li data-section-id=\"zs7bu6\" data-start=\"764\" data-end=\"775\">Ruhestand<\/li>\n<li data-section-id=\"r8cep6\" data-start=\"776\" data-end=\"791\">Pensionierung<\/li>\n<li data-section-id=\"11a34dh\" data-start=\"792\" data-end=\"824\">Abschied Kollegin oder Kollege<\/li>\n<li data-section-id=\"1027kzn\" data-start=\"825\" data-end=\"841\">Renteneintritt<\/li>\n<li data-section-id=\"1aoftd7\" data-start=\"842\" data-end=\"857\">Team-Abschied<\/li>\n<li data-section-id=\"79i4kh\" data-start=\"858\" data-end=\"883\">lustige Ruhestandskarte<\/li>\n<li data-section-id=\"14yk9ud\" data-start=\"884\" data-end=\"907\">digitale Gruppenkarte<\/li>\n<li data-section-id=\"mm5zg0\" data-start=\"908\" data-end=\"935\">humorvolle Abschiedskarte<\/li>\n<\/ul>\n<p data-start=\"937\" data-end=\"954\"><strong data-start=\"937\" data-end=\"952\">Highlights:<\/strong><\/p>\n<p data-start=\"956\" data-end=\"1172\">\u2714 lustige Karte zur Rente<br data-start=\"981\" data-end=\"984\" \/>\u2714 modernes Papierflieger-Design<br data-start=\"1015\" data-end=\"1018\" \/>\u2714 mehrere Personen k\u00f6nnen online unterschreiben<br data-start=\"1065\" data-end=\"1068\" \/>\u2714 pers\u00f6nliche Nachrichten &amp; Fotos m\u00f6glich<br data-start=\"1109\" data-end=\"1112\" \/>\u2714 sofort digital versendbar<br data-start=\"1139\" data-end=\"1142\" \/>\u2714 ideal f\u00fcr Teams &amp; Kollegen<\/p>\n<p data-start=\"1174\" data-end=\"1202\"><strong data-start=\"1174\" data-end=\"1200\">Beliebte Suchbegriffe:<\/strong><\/p>\n<p data-start=\"1204\" data-end=\"1400\">Ruhestand Karte lustig, Renteneintritt Karte, Abschied Kollege, Pensionierung Karte, digitale Ruhestandskarte, Gruppenkarte Rente, Abschiedskarte Arbeit, Kollegenkarte Ruhestand, Ocardoo Gru\u00dfkarte<\/p>\n<p data-start=\"1402\" data-end=\"1426\"><strong data-start=\"1402\" data-end=\"1424\">So funktioniert\u2019s:<\/strong><\/p>\n<ol data-start=\"1427\" data-end=\"1566\">\n<li data-section-id=\"1fbqmlk\" data-start=\"1427\" data-end=\"1447\">Motiv ausw\u00e4hlen<\/li>\n<li data-section-id=\"1un2v0g\" data-start=\"1448\" data-end=\"1479\">Personen per Link einladen<\/li>\n<li data-section-id=\"5hqsc2\" data-start=\"1480\" data-end=\"1516\">Gemeinsam online unterschreiben<\/li>\n<li data-section-id=\"ljbqe\" data-start=\"1517\" data-end=\"1566\">Karte digital verschicken oder herunterladen<\/li>\n<\/ol>\n<p data-start=\"1568\" data-end=\"1599\" data-is-last-node=\"\" data-is-only-node=\"\">\u2728 PERS\u00d6NLICH GEHT AUCH DIGITAL.<\/p>","protected":false},"excerpt":{"rendered":"<p>\u2708\ufe0f\ud83c\udf89 \u201eDu hast es geschafft. Wir arbeiten jetzt \u2026 f\u00fcr dich mit.\u201c Diese humorvolle digitale Ruhestandskarte ist die perfekte \u00dcberraschung zum Renteneintritt oder zur Pensionierung.Mit dem witzigen Spruch und dem [&hellip;]<\/p>","protected":false},"author":20,"featured_media":21814,"comment_status":"open","ping_status":"closed","template":"","meta":{"_acf_changed":false,"inline_featured_image":false,"footnotes":""},"product_cat":[85,84],"product_tag":[279,395,415,352,541],"class_list":["post-22167","product","type-product","status-publish","has-post-thumbnail","hentry","product_cat-abschied-verlaesst-unternehmen","product_cat-anlaesse","product_tag-abschied","product_tag-abschiedskarte","product_tag-rente","product_tag-ruhestand","product_tag-team","pa_variante-basic","pa_variante-premium"],"acf":[],"_links":{"self":[{"href":"https:\/\/ocardoo.com\/en\/wp-json\/wp\/v2\/product\/22167","targetHints":{"allow":["GET"]}}],"collection":[{"href":"https:\/\/ocardoo.com\/en\/wp-json\/wp\/v2\/product"}],"about":[{"href":"https:\/\/ocardoo.com\/en\/wp-json\/wp\/v2\/types\/product"}],"author":[{"embeddable":true,"href":"https:\/\/ocardoo.com\/en\/wp-json\/wp\/v2\/users\/20"}],"replies":[{"embeddable":true,"href":"https:\/\/ocardoo.com\/en\/wp-json\/wp\/v2\/comments?post=22167"}],"version-history":[{"count":2,"href":"https:\/\/ocardoo.com\/en\/wp-json\/wp\/v2\/product\/22167\/revisions"}],"predecessor-version":[{"id":22171,"href":"https:\/\/ocardoo.com\/en\/wp-json\/wp\/v2\/product\/22167\/revisions\/22171"}],"wp:featuredmedia":[{"embeddable":true,"href":"https:\/\/ocardoo.com\/en\/wp-json\/wp\/v2\/media\/21814"}],"wp:attachment":[{"href":"https:\/\/ocardoo.com\/en\/wp-json\/wp\/v2\/media?parent=22167"}],"wp:term":[{"taxonomy":"product_cat","embeddable":true,"href":"https:\/\/ocardoo.com\/en\/wp-json\/wp\/v2\/product_cat?post=22167"},{"taxonomy":"product_tag","embeddable":true,"href":"https:\/\/ocardoo.com\/en\/wp-json\/wp\/v2\/product_tag?post=22167"}],"curies":[{"name":"wp","href":"https:\/\/api.w.org\/{rel}","templated":true}]}}