{"id":22172,"date":"2026-05-11T22:02:39","date_gmt":"2026-05-11T20:02:39","guid":{"rendered":"https:\/\/ocardoo.com\/?post_type=product&#038;p=22172"},"modified":"2026-05-11T22:03:59","modified_gmt":"2026-05-11T20:03:59","slug":"31272","status":"publish","type":"product","link":"https:\/\/ocardoo.com\/en\/product\/31272\/","title":{"rendered":"Von Pflichten befreit | Lustige Ruhestandskarte mit Kaffee Motiv"},"content":{"rendered":"<p data-start=\"111\" data-end=\"211\">\u2615\ud83d\udc9c \u201eVon Pflichten befreit! Ab jetzt nur noch wichtige Dinge: Kaffee, Mittagsschlaf, wieder Kaffee.\u201c<\/p>\n<p data-start=\"213\" data-end=\"488\">Diese humorvolle digitale Ruhestandskarte ist perfekt f\u00fcr alle Kaffee-Liebhaberinnen und Kaffee-Liebhaber, die endlich den Ruhestand genie\u00dfen d\u00fcrfen.<br data-start=\"362\" data-end=\"365\" \/>Mit ihrem liebevollen Design und dem witzigen Spruch sorgt sie garantiert f\u00fcr gute Laune beim Abschied aus dem Berufsleben.<\/p>\n<p data-start=\"490\" data-end=\"597\">Ideal f\u00fcr Kolleginnen, Kollegen, Freunde oder Familienmitglieder zur Pensionierung oder zum Renteneintritt.<\/p>\n<p data-start=\"599\" data-end=\"796\">\u2728 Gemeinsam online unterschreiben<br data-start=\"632\" data-end=\"635\" \/>Mit Ocardoo k\u00f6nnen mehrere Personen gemeinsam eine pers\u00f6nliche digitale Gruppenkarte gestalten und individuelle W\u00fcnsche, Fotos oder liebe Nachrichten hinzuf\u00fcgen.<\/p>\n<p data-start=\"798\" data-end=\"819\">Perfekt geeignet f\u00fcr:<\/p>\n<ul data-start=\"820\" data-end=\"989\">\n<li data-section-id=\"zs7bu6\" data-start=\"820\" data-end=\"831\">Ruhestand<\/li>\n<li data-section-id=\"r8cep6\" data-start=\"832\" data-end=\"847\">Pensionierung<\/li>\n<li data-section-id=\"1027kzn\" data-start=\"848\" data-end=\"864\">Renteneintritt<\/li>\n<li data-section-id=\"11a34dh\" data-start=\"865\" data-end=\"897\">Abschied Kollegin oder Kollege<\/li>\n<li data-section-id=\"79i4kh\" data-start=\"898\" data-end=\"923\">lustige Ruhestandskarte<\/li>\n<li data-section-id=\"9bao5x\" data-start=\"924\" data-end=\"937\">Kaffee-Fans<\/li>\n<li data-section-id=\"14yk9ud\" data-start=\"938\" data-end=\"961\">digitale Gruppenkarte<\/li>\n<li data-section-id=\"mm5zg0\" data-start=\"962\" data-end=\"989\">humorvolle Abschiedskarte<\/li>\n<\/ul>\n<p data-start=\"991\" data-end=\"1008\"><strong data-start=\"991\" data-end=\"1006\">Highlights:<\/strong><\/p>\n<p data-start=\"1010\" data-end=\"1245\">\u2714 humorvolle Rentnerkarte mit Kaffee-Motiv<br data-start=\"1052\" data-end=\"1055\" \/>\u2714 perfekt f\u00fcr Kaffee-Liebhaber<br data-start=\"1085\" data-end=\"1088\" \/>\u2714 mehrere Personen k\u00f6nnen online unterschreiben<br data-start=\"1135\" data-end=\"1138\" \/>\u2714 pers\u00f6nliche Nachrichten &amp; Fotos m\u00f6glich<br data-start=\"1179\" data-end=\"1182\" \/>\u2714 sofort digital versendbar<br data-start=\"1209\" data-end=\"1212\" \/>\u2714 modernes, farbenfrohes Design<\/p>\n<p data-start=\"1247\" data-end=\"1275\"><strong data-start=\"1247\" data-end=\"1273\">Beliebte Suchbegriffe:<\/strong><\/p>\n<p data-start=\"1277\" data-end=\"1482\">Ruhestand Karte lustig, Kaffee Ruhestand, Pensionierung Karte, Abschied Kollege lustig, digitale Ruhestandskarte, Renteneintritt Geschenkidee, Gruppenkarte Ruhestand, Kaffee Spruch Karte, Ocardoo Gru\u00dfkarte<\/p>\n<p data-start=\"1484\" data-end=\"1508\"><strong data-start=\"1484\" data-end=\"1506\">So funktioniert\u2019s:<\/strong><\/p>\n<ol data-start=\"1509\" data-end=\"1648\">\n<li data-section-id=\"1fbqmlk\" data-start=\"1509\" data-end=\"1529\">Motiv ausw\u00e4hlen<\/li>\n<li data-section-id=\"1un2v0g\" data-start=\"1530\" data-end=\"1561\">Personen per Link einladen<\/li>\n<li data-section-id=\"5hqsc2\" data-start=\"1562\" data-end=\"1598\">Gemeinsam online unterschreiben<\/li>\n<li data-section-id=\"ljbqe\" data-start=\"1599\" data-end=\"1648\">Karte digital verschicken oder herunterladen<\/li>\n<\/ol>\n<p data-start=\"1650\" data-end=\"1681\" data-is-last-node=\"\" data-is-only-node=\"\">\u2728 PERS\u00d6NLICH GEHT AUCH DIGITAL.<\/p>","protected":false},"excerpt":{"rendered":"<p>\u2615\ud83d\udc9c \u201eVon Pflichten befreit! Ab jetzt nur noch wichtige Dinge: Kaffee, Mittagsschlaf, wieder Kaffee.\u201c Diese humorvolle digitale Ruhestandskarte ist perfekt f\u00fcr alle Kaffee-Liebhaberinnen und Kaffee-Liebhaber, die endlich den Ruhestand genie\u00dfen [&hellip;]<\/p>","protected":false},"author":20,"featured_media":21815,"comment_status":"open","ping_status":"closed","template":"","meta":{"_acf_changed":false,"inline_featured_image":false,"footnotes":""},"product_cat":[85,84],"product_tag":[279,395,547,415,352,541],"class_list":["post-22172","product","type-product","status-publish","has-post-thumbnail","hentry","product_cat-abschied-verlaesst-unternehmen","product_cat-anlaesse","product_tag-abschied","product_tag-abschiedskarte","product_tag-kaffee","product_tag-rente","product_tag-ruhestand","product_tag-team","pa_variante-basic","pa_variante-premium"],"acf":[],"_links":{"self":[{"href":"https:\/\/ocardoo.com\/en\/wp-json\/wp\/v2\/product\/22172","targetHints":{"allow":["GET"]}}],"collection":[{"href":"https:\/\/ocardoo.com\/en\/wp-json\/wp\/v2\/product"}],"about":[{"href":"https:\/\/ocardoo.com\/en\/wp-json\/wp\/v2\/types\/product"}],"author":[{"embeddable":true,"href":"https:\/\/ocardoo.com\/en\/wp-json\/wp\/v2\/users\/20"}],"replies":[{"embeddable":true,"href":"https:\/\/ocardoo.com\/en\/wp-json\/wp\/v2\/comments?post=22172"}],"version-history":[{"count":3,"href":"https:\/\/ocardoo.com\/en\/wp-json\/wp\/v2\/product\/22172\/revisions"}],"predecessor-version":[{"id":22177,"href":"https:\/\/ocardoo.com\/en\/wp-json\/wp\/v2\/product\/22172\/revisions\/22177"}],"wp:featuredmedia":[{"embeddable":true,"href":"https:\/\/ocardoo.com\/en\/wp-json\/wp\/v2\/media\/21815"}],"wp:attachment":[{"href":"https:\/\/ocardoo.com\/en\/wp-json\/wp\/v2\/media?parent=22172"}],"wp:term":[{"taxonomy":"product_cat","embeddable":true,"href":"https:\/\/ocardoo.com\/en\/wp-json\/wp\/v2\/product_cat?post=22172"},{"taxonomy":"product_tag","embeddable":true,"href":"https:\/\/ocardoo.com\/en\/wp-json\/wp\/v2\/product_tag?post=22172"}],"curies":[{"name":"wp","href":"https:\/\/api.w.org\/{rel}","templated":true}]}}