{"id":22178,"date":"2026-05-11T22:04:18","date_gmt":"2026-05-11T20:04:18","guid":{"rendered":"https:\/\/ocardoo.com\/?post_type=product&#038;p=22178"},"modified":"2026-05-11T22:05:36","modified_gmt":"2026-05-11T20:05:36","slug":"31273","status":"publish","type":"product","link":"https:\/\/ocardoo.com\/en\/product\/31273\/","title":{"rendered":"Ruhestand Level Experte | Lustige Gamer Ruhestandskarte zur Pensionierung"},"content":{"rendered":"<p data-start=\"120\" data-end=\"179\">\ud83c\udfae\ud83d\ude0e \u201eRuhestand Level: Experte. Mission: Entspannung 24\/7.\u201c<\/p>\n<p data-start=\"181\" data-end=\"475\">Die perfekte digitale Ruhestandskarte f\u00fcr Gamer, Zocker und alle, die ihren neuen Lebensabschnitt mit Humor genie\u00dfen m\u00f6chten.<br data-start=\"306\" data-end=\"309\" \/>Mit dem coolen Controller-Motiv und dem witzigen Gaming-Spruch ist diese Karte ideal f\u00fcr Kolleginnen, Kollegen oder Freunde zum Renteneintritt oder zur Pensionierung.<\/p>\n<p data-start=\"477\" data-end=\"566\">Perfekt f\u00fcr alle, die jetzt endlich mehr Zeit zum Entspannen, Spielen und Genie\u00dfen haben.<\/p>\n<p data-start=\"568\" data-end=\"753\">\u2728 Gemeinsam online unterschreiben<br data-start=\"601\" data-end=\"604\" \/>Mit Ocardoo k\u00f6nnen mehrere Personen gemeinsam eine pers\u00f6nliche digitale Gruppenkarte gestalten und liebe W\u00fcnsche, Bilder oder Nachrichten hinzuf\u00fcgen.<\/p>\n<p data-start=\"755\" data-end=\"776\">Perfekt geeignet f\u00fcr:<\/p>\n<ul data-start=\"777\" data-end=\"954\">\n<li data-section-id=\"zs7bu6\" data-start=\"777\" data-end=\"788\">Ruhestand<\/li>\n<li data-section-id=\"r8cep6\" data-start=\"789\" data-end=\"804\">Pensionierung<\/li>\n<li data-section-id=\"1027kzn\" data-start=\"805\" data-end=\"821\">Renteneintritt<\/li>\n<li data-section-id=\"11a34dh\" data-start=\"822\" data-end=\"854\">Abschied Kollegin oder Kollege<\/li>\n<li data-section-id=\"d0yvke\" data-start=\"855\" data-end=\"876\">Gamer &amp; Gaming-Fans<\/li>\n<li data-section-id=\"79i4kh\" data-start=\"877\" data-end=\"902\">lustige Ruhestandskarte<\/li>\n<li data-section-id=\"14yk9ud\" data-start=\"903\" data-end=\"926\">digitale Gruppenkarte<\/li>\n<li data-section-id=\"mm5zg0\" data-start=\"927\" data-end=\"954\">humorvolle Abschiedskarte<\/li>\n<\/ul>\n<p data-start=\"956\" data-end=\"973\"><strong data-start=\"956\" data-end=\"971\">Highlights:<\/strong><\/p>\n<p data-start=\"975\" data-end=\"1214\">\u2714 lustige Gamer-Karte zur Rente<br data-start=\"1006\" data-end=\"1009\" \/>\u2714 modernes Gaming-Design mit Controller<br data-start=\"1048\" data-end=\"1051\" \/>\u2714 mehrere Personen k\u00f6nnen online unterschreiben<br data-start=\"1098\" data-end=\"1101\" \/>\u2714 pers\u00f6nliche Nachrichten &amp; Fotos m\u00f6glich<br data-start=\"1142\" data-end=\"1145\" \/>\u2714 sofort digital versendbar<br data-start=\"1172\" data-end=\"1175\" \/>\u2714 ideal f\u00fcr Kollegen, Freunde &amp; Gamer<\/p>\n<p data-start=\"1216\" data-end=\"1244\"><strong data-start=\"1216\" data-end=\"1242\">Beliebte Suchbegriffe:<\/strong><\/p>\n<p data-start=\"1246\" data-end=\"1443\">Ruhestand Karte lustig, Gamer Ruhestand, Gaming Karte Rente, Pensionierung Karte Mann, Abschied Kollege lustig, digitale Ruhestandskarte, Controller Karte, Gruppenkarte Ruhestand, Ocardoo Gru\u00dfkarte<\/p>\n<p data-start=\"1445\" data-end=\"1469\"><strong data-start=\"1445\" data-end=\"1467\">So funktioniert\u2019s:<\/strong><\/p>\n<ol data-start=\"1470\" data-end=\"1609\">\n<li data-section-id=\"1fbqmlk\" data-start=\"1470\" data-end=\"1490\">Motiv ausw\u00e4hlen<\/li>\n<li data-section-id=\"1un2v0g\" data-start=\"1491\" data-end=\"1522\">Personen per Link einladen<\/li>\n<li data-section-id=\"5hqsc2\" data-start=\"1523\" data-end=\"1559\">Gemeinsam online unterschreiben<\/li>\n<li data-section-id=\"ljbqe\" data-start=\"1560\" data-end=\"1609\">Karte digital verschicken oder herunterladen<\/li>\n<\/ol>\n<p data-start=\"1611\" data-end=\"1642\" data-is-last-node=\"\" data-is-only-node=\"\">\u2728 PERS\u00d6NLICH GEHT AUCH DIGITAL.<\/p>","protected":false},"excerpt":{"rendered":"<p>\ud83c\udfae\ud83d\ude0e \u201eRuhestand Level: Experte. Mission: Entspannung 24\/7.\u201c Die perfekte digitale Ruhestandskarte f\u00fcr Gamer, Zocker und alle, die ihren neuen Lebensabschnitt mit Humor genie\u00dfen m\u00f6chten.Mit dem coolen Controller-Motiv und dem witzigen [&hellip;]<\/p>","protected":false},"author":20,"featured_media":21816,"comment_status":"open","ping_status":"closed","template":"","meta":{"_acf_changed":false,"inline_featured_image":false,"footnotes":""},"product_cat":[85,84],"product_tag":[279,395,575,415,352,541],"class_list":["post-22178","product","type-product","status-publish","has-post-thumbnail","hentry","product_cat-abschied-verlaesst-unternehmen","product_cat-anlaesse","product_tag-abschied","product_tag-abschiedskarte","product_tag-gamer","product_tag-rente","product_tag-ruhestand","product_tag-team","pa_variante-basic","pa_variante-premium"],"acf":[],"_links":{"self":[{"href":"https:\/\/ocardoo.com\/en\/wp-json\/wp\/v2\/product\/22178","targetHints":{"allow":["GET"]}}],"collection":[{"href":"https:\/\/ocardoo.com\/en\/wp-json\/wp\/v2\/product"}],"about":[{"href":"https:\/\/ocardoo.com\/en\/wp-json\/wp\/v2\/types\/product"}],"author":[{"embeddable":true,"href":"https:\/\/ocardoo.com\/en\/wp-json\/wp\/v2\/users\/20"}],"replies":[{"embeddable":true,"href":"https:\/\/ocardoo.com\/en\/wp-json\/wp\/v2\/comments?post=22178"}],"version-history":[{"count":2,"href":"https:\/\/ocardoo.com\/en\/wp-json\/wp\/v2\/product\/22178\/revisions"}],"predecessor-version":[{"id":22182,"href":"https:\/\/ocardoo.com\/en\/wp-json\/wp\/v2\/product\/22178\/revisions\/22182"}],"wp:featuredmedia":[{"embeddable":true,"href":"https:\/\/ocardoo.com\/en\/wp-json\/wp\/v2\/media\/21816"}],"wp:attachment":[{"href":"https:\/\/ocardoo.com\/en\/wp-json\/wp\/v2\/media?parent=22178"}],"wp:term":[{"taxonomy":"product_cat","embeddable":true,"href":"https:\/\/ocardoo.com\/en\/wp-json\/wp\/v2\/product_cat?post=22178"},{"taxonomy":"product_tag","embeddable":true,"href":"https:\/\/ocardoo.com\/en\/wp-json\/wp\/v2\/product_tag?post=22178"}],"curies":[{"name":"wp","href":"https:\/\/api.w.org\/{rel}","templated":true}]}}