{"id":22183,"date":"2026-05-11T22:06:01","date_gmt":"2026-05-11T20:06:01","guid":{"rendered":"https:\/\/ocardoo.com\/?post_type=product&#038;p=22183"},"modified":"2026-05-11T22:08:48","modified_gmt":"2026-05-11T20:08:48","slug":"31274","status":"publish","type":"product","link":"https:\/\/ocardoo.com\/en\/product\/31274\/","title":{"rendered":"Offiziell im Ruhestand | Lustige Ruhestandskarte f\u00fcr Frauen mit Humor"},"content":{"rendered":"<p data-start=\"116\" data-end=\"183\">\ud83c\udf79\ud83d\ude0e \u201eOffiziell im Ruhestand. Inoffiziell: Dauerurlaub mit Snacks.\u201c<\/p>\n<p data-start=\"185\" data-end=\"473\">Diese humorvolle digitale Ruhestandskarte ist perfekt f\u00fcr Frauen, die ihren neuen Lebensabschnitt entspannt, stilvoll und mit ganz viel Humor genie\u00dfen m\u00f6chten.<br data-start=\"344\" data-end=\"347\" \/>Mit dem coolen Motiv, Sonnenbrille und Cocktail sorgt diese Karte garantiert f\u00fcr gute Laune beim Abschied aus dem Berufsleben.<\/p>\n<p data-start=\"475\" data-end=\"591\">Ideal f\u00fcr Kolleginnen, Freundinnen, M\u00fctter, Tanten oder Lieblingsmenschen zur Pensionierung oder zum Renteneintritt.<\/p>\n<p data-start=\"593\" data-end=\"777\">\u2728 Gemeinsam online unterschreiben<br data-start=\"626\" data-end=\"629\" \/>Mit Ocardoo k\u00f6nnen mehrere Personen gemeinsam eine pers\u00f6nliche digitale Gruppenkarte gestalten und liebe W\u00fcnsche, Fotos oder Nachrichten hinzuf\u00fcgen.<\/p>\n<p data-start=\"779\" data-end=\"800\">Perfekt geeignet f\u00fcr:<\/p>\n<ul data-start=\"801\" data-end=\"973\">\n<li data-section-id=\"zs7bu6\" data-start=\"801\" data-end=\"812\">Ruhestand<\/li>\n<li data-section-id=\"r8cep6\" data-start=\"813\" data-end=\"828\">Pensionierung<\/li>\n<li data-section-id=\"13inqbn\" data-start=\"829\" data-end=\"850\">Renteneintritt Frau<\/li>\n<li data-section-id=\"1umeflm\" data-start=\"851\" data-end=\"870\">Abschied Kollegin<\/li>\n<li data-section-id=\"79i4kh\" data-start=\"871\" data-end=\"896\">lustige Ruhestandskarte<\/li>\n<li data-section-id=\"14yk9ud\" data-start=\"897\" data-end=\"920\">digitale Gruppenkarte<\/li>\n<li data-section-id=\"mm5zg0\" data-start=\"921\" data-end=\"948\">humorvolle Abschiedskarte<\/li>\n<li data-section-id=\"1mnm1bg\" data-start=\"949\" data-end=\"973\">Frauen Ruhestand Karte<\/li>\n<\/ul>\n<p data-start=\"975\" data-end=\"992\"><strong data-start=\"975\" data-end=\"990\">Highlights:<\/strong><\/p>\n<p data-start=\"994\" data-end=\"1227\">\u2714 humorvolle Karte zur Pensionierung<br data-start=\"1030\" data-end=\"1033\" \/>\u2714 modernes, farbenfrohes Design<br data-start=\"1064\" data-end=\"1067\" \/>\u2714 perfekt f\u00fcr Frauen &amp; Kolleginnen<br data-start=\"1101\" data-end=\"1104\" \/>\u2714 mehrere Personen k\u00f6nnen online unterschreiben<br data-start=\"1151\" data-end=\"1154\" \/>\u2714 pers\u00f6nliche Nachrichten &amp; Fotos m\u00f6glich<br data-start=\"1195\" data-end=\"1198\" \/>\u2714 sofort digital versendbar<\/p>\n<p data-start=\"1229\" data-end=\"1257\"><strong data-start=\"1229\" data-end=\"1255\">Beliebte Suchbegriffe:<\/strong><\/p>\n<p data-start=\"1259\" data-end=\"1476\">Ruhestand Karte Frau, Pensionierung Kollegin lustig, Renteneintritt Karte Frau, digitale Ruhestandskarte, Abschied Kollegin, lustige Rentnerkarte, Gruppenkarte Ruhestand, Ruhestand Geschenkidee Frau, Ocardoo Gru\u00dfkarte<\/p>\n<p data-start=\"1478\" data-end=\"1502\"><strong data-start=\"1478\" data-end=\"1500\">So funktioniert\u2019s:<\/strong><\/p>\n<ol data-start=\"1503\" data-end=\"1642\">\n<li data-section-id=\"1fbqmlk\" data-start=\"1503\" data-end=\"1523\">Motiv ausw\u00e4hlen<\/li>\n<li data-section-id=\"1un2v0g\" data-start=\"1524\" data-end=\"1555\">Personen per Link einladen<\/li>\n<li data-section-id=\"5hqsc2\" data-start=\"1556\" data-end=\"1592\">Gemeinsam online unterschreiben<\/li>\n<li data-section-id=\"ljbqe\" data-start=\"1593\" data-end=\"1642\">Karte digital verschicken oder herunterladen<\/li>\n<\/ol>\n<p data-start=\"1644\" data-end=\"1675\" data-is-last-node=\"\" data-is-only-node=\"\">\u2728 PERS\u00d6NLICH GEHT AUCH DIGITAL.<\/p>","protected":false},"excerpt":{"rendered":"<p>\ud83c\udf79\ud83d\ude0e \u201eOffiziell im Ruhestand. Inoffiziell: Dauerurlaub mit Snacks.\u201c Diese humorvolle digitale Ruhestandskarte ist perfekt f\u00fcr Frauen, die ihren neuen Lebensabschnitt entspannt, stilvoll und mit ganz viel Humor genie\u00dfen m\u00f6chten.Mit dem [&hellip;]<\/p>","protected":false},"author":20,"featured_media":21817,"comment_status":"open","ping_status":"closed","template":"","meta":{"_acf_changed":false,"inline_featured_image":false,"footnotes":""},"product_cat":[85,84],"product_tag":[279,395,415,352,541],"class_list":["post-22183","product","type-product","status-publish","has-post-thumbnail","hentry","product_cat-abschied-verlaesst-unternehmen","product_cat-anlaesse","product_tag-abschied","product_tag-abschiedskarte","product_tag-rente","product_tag-ruhestand","product_tag-team","pa_variante-basic","pa_variante-premium"],"acf":[],"_links":{"self":[{"href":"https:\/\/ocardoo.com\/en\/wp-json\/wp\/v2\/product\/22183","targetHints":{"allow":["GET"]}}],"collection":[{"href":"https:\/\/ocardoo.com\/en\/wp-json\/wp\/v2\/product"}],"about":[{"href":"https:\/\/ocardoo.com\/en\/wp-json\/wp\/v2\/types\/product"}],"author":[{"embeddable":true,"href":"https:\/\/ocardoo.com\/en\/wp-json\/wp\/v2\/users\/20"}],"replies":[{"embeddable":true,"href":"https:\/\/ocardoo.com\/en\/wp-json\/wp\/v2\/comments?post=22183"}],"version-history":[{"count":3,"href":"https:\/\/ocardoo.com\/en\/wp-json\/wp\/v2\/product\/22183\/revisions"}],"predecessor-version":[{"id":22188,"href":"https:\/\/ocardoo.com\/en\/wp-json\/wp\/v2\/product\/22183\/revisions\/22188"}],"wp:featuredmedia":[{"embeddable":true,"href":"https:\/\/ocardoo.com\/en\/wp-json\/wp\/v2\/media\/21817"}],"wp:attachment":[{"href":"https:\/\/ocardoo.com\/en\/wp-json\/wp\/v2\/media?parent=22183"}],"wp:term":[{"taxonomy":"product_cat","embeddable":true,"href":"https:\/\/ocardoo.com\/en\/wp-json\/wp\/v2\/product_cat?post=22183"},{"taxonomy":"product_tag","embeddable":true,"href":"https:\/\/ocardoo.com\/en\/wp-json\/wp\/v2\/product_tag?post=22183"}],"curies":[{"name":"wp","href":"https:\/\/api.w.org\/{rel}","templated":true}]}}