{"id":22189,"date":"2026-05-11T22:09:00","date_gmt":"2026-05-11T20:09:00","guid":{"rendered":"https:\/\/ocardoo.com\/?post_type=product&#038;p=22189"},"modified":"2026-05-11T22:10:16","modified_gmt":"2026-05-11T20:10:16","slug":"31275","status":"publish","type":"product","link":"https:\/\/ocardoo.com\/en\/product\/31275\/","title":{"rendered":"Jetzt hast du Zeit | Lustige Ruhestandskarte f\u00fcr M\u00e4nner zur Pensionierung"},"content":{"rendered":"<div class=\"flex max-w-full flex-col gap-4 grow\">\n<div class=\"min-h-8 text-message relative flex w-full flex-col items-end gap-2 text-start break-words whitespace-normal outline-none keyboard-focused:focus-ring [.text-message+&amp;]:mt-1\" dir=\"auto\" tabindex=\"0\" data-message-author-role=\"assistant\" data-message-id=\"feeb12c5-83c9-4c0e-952f-cd2a314349ce\" data-message-model-slug=\"gpt-5-5\" data-turn-start-message=\"true\">\n<div class=\"flex w-full flex-col gap-1 empty:hidden\">\n<div class=\"markdown prose dark:prose-invert wrap-break-word w-full light markdown-new-styling\">\n<p data-start=\"120\" data-end=\"185\">\ud83c\udf79\ud83c\udf34 \u201eJetzt hast du Zeit. F\u00fcr alles \u2026 nur nicht mehr f\u00fcr uns! \ud83d\ude09\u201c<\/p>\n<p data-start=\"187\" data-end=\"460\">Diese humorvolle digitale Ruhestandskarte ist die perfekte \u00dcberraschung f\u00fcr M\u00e4nner zum Renteneintritt oder zur Pensionierung.<br data-start=\"312\" data-end=\"315\" \/>Mit H\u00e4ngematte, Cocktail und Urlaubsfeeling verabschiedet ihr Kollegen, Freunde oder Familienmitglieder stilvoll in den wohlverdienten Ruhestand.<\/p>\n<p data-start=\"462\" data-end=\"545\">Ideal f\u00fcr alle, die jetzt endlich entspannen, reisen und das Leben genie\u00dfen d\u00fcrfen.<\/p>\n<p data-start=\"547\" data-end=\"732\">\u2728 Gemeinsam online unterschreiben<br data-start=\"580\" data-end=\"583\" \/>Mit Ocardoo k\u00f6nnen mehrere Personen gemeinsam eine pers\u00f6nliche digitale Gruppenkarte gestalten und liebe W\u00fcnsche, Fotos oder Erinnerungen hinzuf\u00fcgen.<\/p>\n<p data-start=\"734\" data-end=\"755\">Perfekt geeignet f\u00fcr:<\/p>\n<ul data-start=\"756\" data-end=\"927\">\n<li data-section-id=\"zs7bu6\" data-start=\"756\" data-end=\"767\">Ruhestand<\/li>\n<li data-section-id=\"r8cep6\" data-start=\"768\" data-end=\"783\">Pensionierung<\/li>\n<li data-section-id=\"13ist5b\" data-start=\"784\" data-end=\"805\">Renteneintritt Mann<\/li>\n<li data-section-id=\"j8l21k\" data-start=\"806\" data-end=\"824\">Abschied Kollege<\/li>\n<li data-section-id=\"79i4kh\" data-start=\"825\" data-end=\"850\">lustige Ruhestandskarte<\/li>\n<li data-section-id=\"14yk9ud\" data-start=\"851\" data-end=\"874\">digitale Gruppenkarte<\/li>\n<li data-section-id=\"mm5zg0\" data-start=\"875\" data-end=\"902\">humorvolle Abschiedskarte<\/li>\n<li data-section-id=\"34p5bt\" data-start=\"903\" data-end=\"927\">M\u00e4nner Ruhestand Karte<\/li>\n<\/ul>\n<p data-start=\"929\" data-end=\"946\"><strong data-start=\"929\" data-end=\"944\">Highlights:<\/strong><\/p>\n<p data-start=\"948\" data-end=\"1172\">\u2714 humorvolle Karte zur Rente<br data-start=\"976\" data-end=\"979\" \/>\u2714 sommerliches H\u00e4ngematten-Design<br data-start=\"1012\" data-end=\"1015\" \/>\u2714 perfekt f\u00fcr M\u00e4nner &amp; Kollegen<br data-start=\"1046\" data-end=\"1049\" \/>\u2714 mehrere Personen k\u00f6nnen online unterschreiben<br data-start=\"1096\" data-end=\"1099\" \/>\u2714 pers\u00f6nliche Nachrichten &amp; Fotos m\u00f6glich<br data-start=\"1140\" data-end=\"1143\" \/>\u2714 sofort digital versendbar<\/p>\n<p data-start=\"1174\" data-end=\"1202\"><strong data-start=\"1174\" data-end=\"1200\">Beliebte Suchbegriffe:<\/strong><\/p>\n<p data-start=\"1204\" data-end=\"1419\">Ruhestand Karte Mann, Pensionierung Kollege lustig, Renteneintritt Karte Mann, digitale Ruhestandskarte, Abschied Kollege, lustige Rentnerkarte, Gruppenkarte Ruhestand, Ruhestand Geschenkidee Mann, Ocardoo Gru\u00dfkarte<\/p>\n<p data-start=\"1421\" data-end=\"1445\"><strong data-start=\"1421\" data-end=\"1443\">So funktioniert\u2019s:<\/strong><\/p>\n<ol data-start=\"1446\" data-end=\"1585\">\n<li data-section-id=\"1fbqmlk\" data-start=\"1446\" data-end=\"1466\">Motiv ausw\u00e4hlen<\/li>\n<li data-section-id=\"1un2v0g\" data-start=\"1467\" data-end=\"1498\">Personen per Link einladen<\/li>\n<li data-section-id=\"5hqsc2\" data-start=\"1499\" data-end=\"1535\">Gemeinsam online unterschreiben<\/li>\n<li data-section-id=\"ljbqe\" data-start=\"1536\" data-end=\"1585\">Karte digital verschicken oder herunterladen<\/li>\n<\/ol>\n<p data-start=\"1587\" data-end=\"1618\" data-is-last-node=\"\" data-is-only-node=\"\">\u2728 PERS\u00d6NLICH GEHT AUCH DIGITAL.<\/p>\n<\/div>\n<\/div>\n<\/div>\n<\/div>","protected":false},"excerpt":{"rendered":"<p>\ud83c\udf79\ud83c\udf34 \u201eJetzt hast du Zeit. F\u00fcr alles \u2026 nur nicht mehr f\u00fcr uns! \ud83d\ude09\u201c Diese humorvolle digitale Ruhestandskarte ist die perfekte \u00dcberraschung f\u00fcr M\u00e4nner zum Renteneintritt oder zur Pensionierung.Mit H\u00e4ngematte, [&hellip;]<\/p>","protected":false},"author":20,"featured_media":21818,"comment_status":"open","ping_status":"closed","template":"","meta":{"_acf_changed":false,"inline_featured_image":false,"footnotes":""},"product_cat":[85,84],"product_tag":[279,395,354,415,352,541],"class_list":["post-22189","product","type-product","status-publish","has-post-thumbnail","hentry","product_cat-abschied-verlaesst-unternehmen","product_cat-anlaesse","product_tag-abschied","product_tag-abschiedskarte","product_tag-kollege","product_tag-rente","product_tag-ruhestand","product_tag-team","pa_variante-basic","pa_variante-premium"],"acf":[],"_links":{"self":[{"href":"https:\/\/ocardoo.com\/en\/wp-json\/wp\/v2\/product\/22189","targetHints":{"allow":["GET"]}}],"collection":[{"href":"https:\/\/ocardoo.com\/en\/wp-json\/wp\/v2\/product"}],"about":[{"href":"https:\/\/ocardoo.com\/en\/wp-json\/wp\/v2\/types\/product"}],"author":[{"embeddable":true,"href":"https:\/\/ocardoo.com\/en\/wp-json\/wp\/v2\/users\/20"}],"replies":[{"embeddable":true,"href":"https:\/\/ocardoo.com\/en\/wp-json\/wp\/v2\/comments?post=22189"}],"version-history":[{"count":2,"href":"https:\/\/ocardoo.com\/en\/wp-json\/wp\/v2\/product\/22189\/revisions"}],"predecessor-version":[{"id":22193,"href":"https:\/\/ocardoo.com\/en\/wp-json\/wp\/v2\/product\/22189\/revisions\/22193"}],"wp:featuredmedia":[{"embeddable":true,"href":"https:\/\/ocardoo.com\/en\/wp-json\/wp\/v2\/media\/21818"}],"wp:attachment":[{"href":"https:\/\/ocardoo.com\/en\/wp-json\/wp\/v2\/media?parent=22189"}],"wp:term":[{"taxonomy":"product_cat","embeddable":true,"href":"https:\/\/ocardoo.com\/en\/wp-json\/wp\/v2\/product_cat?post=22189"},{"taxonomy":"product_tag","embeddable":true,"href":"https:\/\/ocardoo.com\/en\/wp-json\/wp\/v2\/product_tag?post=22189"}],"curies":[{"name":"wp","href":"https:\/\/api.w.org\/{rel}","templated":true}]}}