{"id":22194,"date":"2026-05-11T22:11:33","date_gmt":"2026-05-11T20:11:33","guid":{"rendered":"https:\/\/ocardoo.com\/?post_type=product&#038;p=22194"},"modified":"2026-05-11T22:13:20","modified_gmt":"2026-05-11T20:13:20","slug":"31276","status":"publish","type":"product","link":"https:\/\/ocardoo.com\/en\/product\/31276\/","title":{"rendered":"Willkommen im Club der Papas | S\u00fc\u00dfe Gl\u00fcckwunschkarte zur Geburt eines Babys"},"content":{"rendered":"<div class=\"flex max-w-full flex-col gap-4 grow\">\n<div class=\"min-h-8 text-message relative flex w-full flex-col items-end gap-2 text-start break-words whitespace-normal outline-none keyboard-focused:focus-ring [.text-message+&amp;]:mt-1\" dir=\"auto\" tabindex=\"0\" data-message-author-role=\"assistant\" data-message-id=\"c19112fb-4caa-4eaa-bd3b-f202f022be6b\" data-message-model-slug=\"gpt-5-3\" data-turn-start-message=\"true\">\n<div class=\"flex w-full flex-col gap-1 empty:hidden\">\n<div class=\"markdown prose dark:prose-invert w-full wrap-break-word light markdown-new-styling\">\n<p data-start=\"122\" data-end=\"198\">\ud83d\udc76\ud83d\udc99 \u201eWillkommen im Club der Papas. Keine Anleitung \u2013 aber ganz viel Liebe.\u201c<\/p>\n<p data-start=\"200\" data-end=\"503\">Diese liebevoll gestaltete digitale Gl\u00fcckwunschkarte zur Geburt ist perfekt, um frischgebackenen Papas herzlich zu gratulieren.<br data-start=\"327\" data-end=\"330\" \/>Mit dem niedlichen Kinderwagen-Motiv und der emotionalen Botschaft eignet sich die Karte ideal f\u00fcr Freunde, Kollegen, Br\u00fcder oder Familienmitglieder zur Geburt eines Jungen.<\/p>\n<p data-start=\"505\" data-end=\"599\">Eine wundersch\u00f6ne Karte voller Liebe, Freude und Gl\u00fcckw\u00fcnsche f\u00fcr den Start ins Familienleben.<\/p>\n<p data-start=\"601\" data-end=\"785\">\u2728 Gemeinsam online unterschreiben<br data-start=\"634\" data-end=\"637\" \/>Mit Ocardoo k\u00f6nnen mehrere Personen gemeinsam eine pers\u00f6nliche digitale Gruppenkarte gestalten und liebe W\u00fcnsche, Fotos oder Nachrichten hinzuf\u00fcgen.<\/p>\n<p data-start=\"787\" data-end=\"808\">Perfekt geeignet f\u00fcr:<\/p>\n<ul data-start=\"809\" data-end=\"977\">\n<li data-section-id=\"8u57us\" data-start=\"809\" data-end=\"829\">Geburt eines Babys<\/li>\n<li data-section-id=\"1toaqap\" data-start=\"830\" data-end=\"855\">Gl\u00fcckw\u00fcnsche zur Geburt<\/li>\n<li data-section-id=\"f8v41k\" data-start=\"856\" data-end=\"879\">frischgebackener Papa<\/li>\n<li data-section-id=\"1ftw8mi\" data-start=\"880\" data-end=\"897\">Babykarte Junge<\/li>\n<li data-section-id=\"14yk9ud\" data-start=\"898\" data-end=\"921\">digitale Gruppenkarte<\/li>\n<li data-section-id=\"2hn0wu\" data-start=\"922\" data-end=\"933\">Babyparty<\/li>\n<li data-section-id=\"2w17y1\" data-start=\"934\" data-end=\"959\">Geburt Gl\u00fcckwunschkarte<\/li>\n<li data-section-id=\"kshee8\" data-start=\"960\" data-end=\"977\">werdender Vater<\/li>\n<\/ul>\n<p data-start=\"979\" data-end=\"996\"><strong data-start=\"979\" data-end=\"994\">Highlights:<\/strong><\/p>\n<p data-start=\"998\" data-end=\"1219\">\u2714 liebevolle Karte zur Geburt<br data-start=\"1027\" data-end=\"1030\" \/>\u2714 s\u00fc\u00dfes Kinderwagen-Motiv<br data-start=\"1055\" data-end=\"1058\" \/>\u2714 perfekt f\u00fcr frischgebackene Papas<br data-start=\"1093\" data-end=\"1096\" \/>\u2714 mehrere Personen k\u00f6nnen online unterschreiben<br data-start=\"1143\" data-end=\"1146\" \/>\u2714 pers\u00f6nliche Nachrichten &amp; Fotos m\u00f6glich<br data-start=\"1187\" data-end=\"1190\" \/>\u2714 sofort digital versendbar<\/p>\n<p data-start=\"1221\" data-end=\"1249\"><strong data-start=\"1221\" data-end=\"1247\">Beliebte Suchbegriffe:<\/strong><\/p>\n<p data-start=\"1251\" data-end=\"1463\">Gl\u00fcckwunschkarte Geburt Junge, Willkommen Papa Karte, Babykarte Papa, digitale Babykarte, Geburt Karte Junge, Gruppenkarte Geburt, frischgebackener Vater Geschenkidee, Babykarte mit Kinderwagen, Ocardoo Gru\u00dfkarte<\/p>\n<p data-start=\"1465\" data-end=\"1489\"><strong data-start=\"1465\" data-end=\"1487\">So funktioniert\u2019s:<\/strong><\/p>\n<ol data-start=\"1490\" data-end=\"1629\">\n<li data-section-id=\"1fbqmlk\" data-start=\"1490\" data-end=\"1510\">Motiv ausw\u00e4hlen<\/li>\n<li data-section-id=\"1un2v0g\" data-start=\"1511\" data-end=\"1542\">Personen per Link einladen<\/li>\n<li data-section-id=\"5hqsc2\" data-start=\"1543\" data-end=\"1579\">Gemeinsam online unterschreiben<\/li>\n<li data-section-id=\"ljbqe\" data-start=\"1580\" data-end=\"1629\">Karte digital verschicken oder herunterladen<\/li>\n<\/ol>\n<p data-start=\"1631\" data-end=\"1662\" data-is-last-node=\"\" data-is-only-node=\"\">\u2728 PERS\u00d6NLICH GEHT AUCH DIGITAL.<\/p>\n<\/div>\n<\/div>\n<\/div>\n<\/div>","protected":false},"excerpt":{"rendered":"<p>\ud83d\udc76\ud83d\udc99 \u201eWillkommen im Club der Papas. Keine Anleitung \u2013 aber ganz viel Liebe.\u201c Diese liebevoll gestaltete digitale Gl\u00fcckwunschkarte zur Geburt ist perfekt, um frischgebackenen Papas herzlich zu gratulieren.Mit dem niedlichen [&hellip;]<\/p>","protected":false},"author":20,"featured_media":21819,"comment_status":"open","ping_status":"closed","template":"","meta":{"_acf_changed":false,"inline_featured_image":false,"footnotes":""},"product_cat":[18,85,533,84,98,100,158,111,169],"product_tag":[279,395,197,146,534,148,294],"class_list":["post-22194","product","type-product","status-publish","has-post-thumbnail","hentry","product_cat-eltern","product_cat-abschied-verlaesst-unternehmen","product_cat-abschied-elternzeit","product_cat-anlaesse","product_cat-geburt-kind","product_cat-junge","product_cat-mama","product_cat-mama-papa","product_cat-papa","product_tag-abschied","product_tag-abschiedskarte","product_tag-baby","product_tag-eltern","product_tag-elternzeit","product_tag-papa","product_tag-vater","pa_variante-basic","pa_variante-premium"],"acf":[],"_links":{"self":[{"href":"https:\/\/ocardoo.com\/en\/wp-json\/wp\/v2\/product\/22194","targetHints":{"allow":["GET"]}}],"collection":[{"href":"https:\/\/ocardoo.com\/en\/wp-json\/wp\/v2\/product"}],"about":[{"href":"https:\/\/ocardoo.com\/en\/wp-json\/wp\/v2\/types\/product"}],"author":[{"embeddable":true,"href":"https:\/\/ocardoo.com\/en\/wp-json\/wp\/v2\/users\/20"}],"replies":[{"embeddable":true,"href":"https:\/\/ocardoo.com\/en\/wp-json\/wp\/v2\/comments?post=22194"}],"version-history":[{"count":2,"href":"https:\/\/ocardoo.com\/en\/wp-json\/wp\/v2\/product\/22194\/revisions"}],"predecessor-version":[{"id":22198,"href":"https:\/\/ocardoo.com\/en\/wp-json\/wp\/v2\/product\/22194\/revisions\/22198"}],"wp:featuredmedia":[{"embeddable":true,"href":"https:\/\/ocardoo.com\/en\/wp-json\/wp\/v2\/media\/21819"}],"wp:attachment":[{"href":"https:\/\/ocardoo.com\/en\/wp-json\/wp\/v2\/media?parent=22194"}],"wp:term":[{"taxonomy":"product_cat","embeddable":true,"href":"https:\/\/ocardoo.com\/en\/wp-json\/wp\/v2\/product_cat?post=22194"},{"taxonomy":"product_tag","embeddable":true,"href":"https:\/\/ocardoo.com\/en\/wp-json\/wp\/v2\/product_tag?post=22194"}],"curies":[{"name":"wp","href":"https:\/\/api.w.org\/{rel}","templated":true}]}}