{"id":22199,"date":"2026-05-11T22:13:40","date_gmt":"2026-05-11T20:13:40","guid":{"rendered":"https:\/\/ocardoo.com\/?post_type=product&#038;p=22199"},"modified":"2026-05-11T22:15:08","modified_gmt":"2026-05-11T20:15:08","slug":"31277","status":"publish","type":"product","link":"https:\/\/ocardoo.com\/en\/product\/31277\/","title":{"rendered":"Willkommen im Club der Papas | S\u00fc\u00dfe Babykarte zur Geburt eines M\u00e4dchens"},"content":{"rendered":"<div class=\"flex max-w-full flex-col gap-4 grow\">\n<div class=\"min-h-8 text-message relative flex w-full flex-col items-end gap-2 text-start break-words whitespace-normal outline-none keyboard-focused:focus-ring [.text-message+&amp;]:mt-1\" dir=\"auto\" tabindex=\"0\" data-message-author-role=\"assistant\" data-message-id=\"c19112fb-4caa-4eaa-bd3b-f202f022be6b\" data-message-model-slug=\"gpt-5-3\" data-turn-start-message=\"true\">\n<div class=\"flex w-full flex-col gap-1 empty:hidden\">\n<div class=\"markdown prose dark:prose-invert w-full wrap-break-word light markdown-new-styling\">\n<p data-start=\"118\" data-end=\"194\">\ud83d\udc76\ud83e\ude77 \u201eWillkommen im Club der Papas. Keine Anleitung \u2013 aber ganz viel Liebe.\u201c<\/p>\n<p data-start=\"196\" data-end=\"451\">Diese niedliche digitale Gl\u00fcckwunschkarte zur Geburt ist perfekt f\u00fcr frischgebackene Papas kleiner M\u00e4dchen.<br data-start=\"303\" data-end=\"306\" \/>Mit dem liebevollen rosa Kinderwagen-Motiv und der emotionalen Botschaft ist diese Karte eine wundersch\u00f6ne \u00dcberraschung zur Geburt einer Tochter.<\/p>\n<p data-start=\"453\" data-end=\"544\">Ideal f\u00fcr Freunde, Kollegen, Br\u00fcder oder Familienmitglieder, die gerade Papa geworden sind.<\/p>\n<p data-start=\"546\" data-end=\"730\">\u2728 Gemeinsam online unterschreiben<br data-start=\"579\" data-end=\"582\" \/>Mit Ocardoo k\u00f6nnen mehrere Personen gemeinsam eine pers\u00f6nliche digitale Gruppenkarte gestalten und liebe W\u00fcnsche, Fotos oder Nachrichten hinzuf\u00fcgen.<\/p>\n<p data-start=\"732\" data-end=\"753\">Perfekt geeignet f\u00fcr:<\/p>\n<ul data-start=\"754\" data-end=\"927\">\n<li data-section-id=\"75yxdd\" data-start=\"754\" data-end=\"777\">Geburt eines M\u00e4dchens<\/li>\n<li data-section-id=\"1toaqap\" data-start=\"778\" data-end=\"803\">Gl\u00fcckw\u00fcnsche zur Geburt<\/li>\n<li data-section-id=\"f8v41k\" data-start=\"804\" data-end=\"827\">frischgebackener Papa<\/li>\n<li data-section-id=\"1a29sms\" data-start=\"828\" data-end=\"847\">Babykarte M\u00e4dchen<\/li>\n<li data-section-id=\"14yk9ud\" data-start=\"848\" data-end=\"871\">digitale Gruppenkarte<\/li>\n<li data-section-id=\"2hn0wu\" data-start=\"872\" data-end=\"883\">Babyparty<\/li>\n<li data-section-id=\"2w17y1\" data-start=\"884\" data-end=\"909\">Geburt Gl\u00fcckwunschkarte<\/li>\n<li data-section-id=\"kshee8\" data-start=\"910\" data-end=\"927\">werdender Vater<\/li>\n<\/ul>\n<p data-start=\"929\" data-end=\"946\"><strong data-start=\"929\" data-end=\"944\">Highlights:<\/strong><\/p>\n<p data-start=\"948\" data-end=\"1189\">\u2714 liebevolle Karte zur Geburt eines M\u00e4dchens<br data-start=\"992\" data-end=\"995\" \/>\u2714 s\u00fc\u00dfes rosa Kinderwagen-Motiv<br data-start=\"1025\" data-end=\"1028\" \/>\u2714 perfekt f\u00fcr frischgebackene Papas<br data-start=\"1063\" data-end=\"1066\" \/>\u2714 mehrere Personen k\u00f6nnen online unterschreiben<br data-start=\"1113\" data-end=\"1116\" \/>\u2714 pers\u00f6nliche Nachrichten &amp; Fotos m\u00f6glich<br data-start=\"1157\" data-end=\"1160\" \/>\u2714 sofort digital versendbar<\/p>\n<p data-start=\"1191\" data-end=\"1219\"><strong data-start=\"1191\" data-end=\"1217\">Beliebte Suchbegriffe:<\/strong><\/p>\n<p data-start=\"1221\" data-end=\"1442\">Gl\u00fcckwunschkarte Geburt M\u00e4dchen, Willkommen Papa Karte, Babykarte Papa rosa, digitale Babykarte, Geburt Karte M\u00e4dchen, Gruppenkarte Geburt, frischgebackener Vater Geschenkidee, Babykarte mit Kinderwagen, Ocardoo Gru\u00dfkarte<\/p>\n<p data-start=\"1444\" data-end=\"1468\"><strong data-start=\"1444\" data-end=\"1466\">So funktioniert\u2019s:<\/strong><\/p>\n<ol data-start=\"1469\" data-end=\"1608\">\n<li data-section-id=\"1fbqmlk\" data-start=\"1469\" data-end=\"1489\">Motiv ausw\u00e4hlen<\/li>\n<li data-section-id=\"1un2v0g\" data-start=\"1490\" data-end=\"1521\">Personen per Link einladen<\/li>\n<li data-section-id=\"5hqsc2\" data-start=\"1522\" data-end=\"1558\">Gemeinsam online unterschreiben<\/li>\n<li data-section-id=\"ljbqe\" data-start=\"1559\" data-end=\"1608\">Karte digital verschicken oder herunterladen<\/li>\n<\/ol>\n<p data-start=\"1610\" data-end=\"1641\" data-is-last-node=\"\" data-is-only-node=\"\">\u2728 PERS\u00d6NLICH GEHT AUCH DIGITAL.<\/p>\n<\/div>\n<\/div>\n<\/div>\n<\/div>","protected":false},"excerpt":{"rendered":"<p>\ud83d\udc76\ud83e\ude77 \u201eWillkommen im Club der Papas. Keine Anleitung \u2013 aber ganz viel Liebe.\u201c Diese niedliche digitale Gl\u00fcckwunschkarte zur Geburt ist perfekt f\u00fcr frischgebackene Papas kleiner M\u00e4dchen.Mit dem liebevollen rosa Kinderwagen-Motiv [&hellip;]<\/p>","protected":false},"author":20,"featured_media":21820,"comment_status":"open","ping_status":"closed","template":"","meta":{"_acf_changed":false,"inline_featured_image":false,"footnotes":""},"product_cat":[18,85,533,84,98,99,158,111,169],"product_tag":[279,395,197,146,534,148,294],"class_list":["post-22199","product","type-product","status-publish","has-post-thumbnail","hentry","product_cat-eltern","product_cat-abschied-verlaesst-unternehmen","product_cat-abschied-elternzeit","product_cat-anlaesse","product_cat-geburt-kind","product_cat-maedchen","product_cat-mama","product_cat-mama-papa","product_cat-papa","product_tag-abschied","product_tag-abschiedskarte","product_tag-baby","product_tag-eltern","product_tag-elternzeit","product_tag-papa","product_tag-vater","pa_variante-basic","pa_variante-premium"],"acf":[],"_links":{"self":[{"href":"https:\/\/ocardoo.com\/en\/wp-json\/wp\/v2\/product\/22199","targetHints":{"allow":["GET"]}}],"collection":[{"href":"https:\/\/ocardoo.com\/en\/wp-json\/wp\/v2\/product"}],"about":[{"href":"https:\/\/ocardoo.com\/en\/wp-json\/wp\/v2\/types\/product"}],"author":[{"embeddable":true,"href":"https:\/\/ocardoo.com\/en\/wp-json\/wp\/v2\/users\/20"}],"replies":[{"embeddable":true,"href":"https:\/\/ocardoo.com\/en\/wp-json\/wp\/v2\/comments?post=22199"}],"version-history":[{"count":3,"href":"https:\/\/ocardoo.com\/en\/wp-json\/wp\/v2\/product\/22199\/revisions"}],"predecessor-version":[{"id":22204,"href":"https:\/\/ocardoo.com\/en\/wp-json\/wp\/v2\/product\/22199\/revisions\/22204"}],"wp:featuredmedia":[{"embeddable":true,"href":"https:\/\/ocardoo.com\/en\/wp-json\/wp\/v2\/media\/21820"}],"wp:attachment":[{"href":"https:\/\/ocardoo.com\/en\/wp-json\/wp\/v2\/media?parent=22199"}],"wp:term":[{"taxonomy":"product_cat","embeddable":true,"href":"https:\/\/ocardoo.com\/en\/wp-json\/wp\/v2\/product_cat?post=22199"},{"taxonomy":"product_tag","embeddable":true,"href":"https:\/\/ocardoo.com\/en\/wp-json\/wp\/v2\/product_tag?post=22199"}],"curies":[{"name":"wp","href":"https:\/\/api.w.org\/{rel}","templated":true}]}}