{"id":22205,"date":"2026-05-11T22:15:26","date_gmt":"2026-05-11T20:15:26","guid":{"rendered":"https:\/\/ocardoo.com\/?post_type=product&#038;p=22205"},"modified":"2026-05-11T22:18:06","modified_gmt":"2026-05-11T20:18:06","slug":"31278","status":"publish","type":"product","link":"https:\/\/ocardoo.com\/en\/product\/31278\/","title":{"rendered":"Willkommen im Club der Papas | S\u00fc\u00dfe Babykarte zur Geburt eines Babys"},"content":{"rendered":"<div class=\"flex max-w-full flex-col gap-4 grow\">\n<div class=\"min-h-8 text-message relative flex w-full flex-col items-end gap-2 text-start break-words whitespace-normal outline-none keyboard-focused:focus-ring [.text-message+&amp;]:mt-1\" dir=\"auto\" tabindex=\"0\" data-message-author-role=\"assistant\" data-message-id=\"c19112fb-4caa-4eaa-bd3b-f202f022be6b\" data-message-model-slug=\"gpt-5-3\" data-turn-start-message=\"true\">\n<div class=\"flex w-full flex-col gap-1 empty:hidden\">\n<div class=\"markdown prose dark:prose-invert w-full wrap-break-word light markdown-new-styling\">\n<p data-start=\"116\" data-end=\"192\">\ud83d\udc76\ud83d\udc99 \u201eWillkommen im Club der Papas. Keine Anleitung \u2013 aber ganz viel Liebe.\u201c<\/p>\n<p data-start=\"194\" data-end=\"497\">Diese liebevoll gestaltete digitale Gl\u00fcckwunschkarte zur Geburt eines Jungen ist die perfekte \u00dcberraschung f\u00fcr frischgebackene Papas.<br data-start=\"327\" data-end=\"330\" \/>Das niedliche Kinderwagen-Motiv in Blaugr\u00fcn und die humorvoll-herzliche Botschaft machen diese Karte zu einer wundersch\u00f6nen Erinnerung an einen ganz besonderen Moment.<\/p>\n<p data-start=\"499\" data-end=\"590\">Ideal f\u00fcr Freunde, Kollegen, Br\u00fcder oder Familienmitglieder, die gerade Papa geworden sind.<\/p>\n<p data-start=\"592\" data-end=\"777\">\u2728 Gemeinsam online unterschreiben<br data-start=\"625\" data-end=\"628\" \/>Mit Ocardoo k\u00f6nnen mehrere Personen gemeinsam eine pers\u00f6nliche digitale Gruppenkarte gestalten und mit lieben Worten, Fotos oder Erinnerungen f\u00fcllen.<\/p>\n<p data-start=\"779\" data-end=\"800\">Perfekt geeignet f\u00fcr:<\/p>\n<ul data-start=\"801\" data-end=\"970\">\n<li data-section-id=\"2knkc2\" data-start=\"801\" data-end=\"822\">Geburt eines Jungen<\/li>\n<li data-section-id=\"1toaqap\" data-start=\"823\" data-end=\"848\">Gl\u00fcckw\u00fcnsche zur Geburt<\/li>\n<li data-section-id=\"f8v41k\" data-start=\"849\" data-end=\"872\">frischgebackener Papa<\/li>\n<li data-section-id=\"1ftw8mi\" data-start=\"873\" data-end=\"890\">Babykarte Junge<\/li>\n<li data-section-id=\"14yk9ud\" data-start=\"891\" data-end=\"914\">digitale Gruppenkarte<\/li>\n<li data-section-id=\"2hn0wu\" data-start=\"915\" data-end=\"926\">Babyparty<\/li>\n<li data-section-id=\"2w17y1\" data-start=\"927\" data-end=\"952\">Geburt Gl\u00fcckwunschkarte<\/li>\n<li data-section-id=\"kshee8\" data-start=\"953\" data-end=\"970\">werdender Vater<\/li>\n<\/ul>\n<p data-start=\"972\" data-end=\"989\"><strong data-start=\"972\" data-end=\"987\">Highlights:<\/strong><\/p>\n<p data-start=\"991\" data-end=\"1230\">\u2714 liebevolle Karte zur Geburt eines Jungen<br data-start=\"1033\" data-end=\"1036\" \/>\u2714 niedliches Kinderwagen-Motiv<br data-start=\"1066\" data-end=\"1069\" \/>\u2714 perfekt f\u00fcr frischgebackene Papas<br data-start=\"1104\" data-end=\"1107\" \/>\u2714 mehrere Personen k\u00f6nnen online unterschreiben<br data-start=\"1154\" data-end=\"1157\" \/>\u2714 pers\u00f6nliche Nachrichten &amp; Fotos m\u00f6glich<br data-start=\"1198\" data-end=\"1201\" \/>\u2714 sofort digital versendbar<\/p>\n<p data-start=\"1232\" data-end=\"1260\"><strong data-start=\"1232\" data-end=\"1258\">Beliebte Suchbegriffe:<\/strong><\/p>\n<p data-start=\"1262\" data-end=\"1479\">Gl\u00fcckwunschkarte Geburt Junge, Willkommen Papa Karte, Babykarte Papa blau, digitale Babykarte, Geburt Karte Junge, Gruppenkarte Geburt, frischgebackener Vater Geschenkidee, Babykarte mit Kinderwagen, Ocardoo Gru\u00dfkarte<\/p>\n<p data-start=\"1481\" data-end=\"1505\"><strong data-start=\"1481\" data-end=\"1503\">So funktioniert\u2019s:<\/strong><\/p>\n<ol data-start=\"1506\" data-end=\"1645\">\n<li data-section-id=\"1fbqmlk\" data-start=\"1506\" data-end=\"1526\">Motiv ausw\u00e4hlen<\/li>\n<li data-section-id=\"1un2v0g\" data-start=\"1527\" data-end=\"1558\">Personen per Link einladen<\/li>\n<li data-section-id=\"5hqsc2\" data-start=\"1559\" data-end=\"1595\">Gemeinsam online unterschreiben<\/li>\n<li data-section-id=\"ljbqe\" data-start=\"1596\" data-end=\"1645\">Karte digital verschicken oder herunterladen<\/li>\n<\/ol>\n<p data-start=\"1647\" data-end=\"1678\" data-is-last-node=\"\" data-is-only-node=\"\">\u2728 PERS\u00d6NLICH GEHT AUCH DIGITAL.<\/p>\n<\/div>\n<\/div>\n<\/div>\n<\/div>","protected":false},"excerpt":{"rendered":"<p>\ud83d\udc76\ud83d\udc99 \u201eWillkommen im Club der Papas. Keine Anleitung \u2013 aber ganz viel Liebe.\u201c Diese liebevoll gestaltete digitale Gl\u00fcckwunschkarte zur Geburt eines Jungen ist die perfekte \u00dcberraschung f\u00fcr frischgebackene Papas.Das niedliche [&hellip;]<\/p>","protected":false},"author":20,"featured_media":21821,"comment_status":"open","ping_status":"closed","template":"","meta":{"_acf_changed":false,"inline_featured_image":false,"footnotes":""},"product_cat":[18,85,533,84,98,100,99,158,111,169],"product_tag":[279,395,197,146,534,148,294],"class_list":["post-22205","product","type-product","status-publish","has-post-thumbnail","hentry","product_cat-eltern","product_cat-abschied-verlaesst-unternehmen","product_cat-abschied-elternzeit","product_cat-anlaesse","product_cat-geburt-kind","product_cat-junge","product_cat-maedchen","product_cat-mama","product_cat-mama-papa","product_cat-papa","product_tag-abschied","product_tag-abschiedskarte","product_tag-baby","product_tag-eltern","product_tag-elternzeit","product_tag-papa","product_tag-vater","pa_variante-basic","pa_variante-premium"],"acf":[],"_links":{"self":[{"href":"https:\/\/ocardoo.com\/en\/wp-json\/wp\/v2\/product\/22205","targetHints":{"allow":["GET"]}}],"collection":[{"href":"https:\/\/ocardoo.com\/en\/wp-json\/wp\/v2\/product"}],"about":[{"href":"https:\/\/ocardoo.com\/en\/wp-json\/wp\/v2\/types\/product"}],"author":[{"embeddable":true,"href":"https:\/\/ocardoo.com\/en\/wp-json\/wp\/v2\/users\/20"}],"replies":[{"embeddable":true,"href":"https:\/\/ocardoo.com\/en\/wp-json\/wp\/v2\/comments?post=22205"}],"version-history":[{"count":2,"href":"https:\/\/ocardoo.com\/en\/wp-json\/wp\/v2\/product\/22205\/revisions"}],"predecessor-version":[{"id":22209,"href":"https:\/\/ocardoo.com\/en\/wp-json\/wp\/v2\/product\/22205\/revisions\/22209"}],"wp:featuredmedia":[{"embeddable":true,"href":"https:\/\/ocardoo.com\/en\/wp-json\/wp\/v2\/media\/21821"}],"wp:attachment":[{"href":"https:\/\/ocardoo.com\/en\/wp-json\/wp\/v2\/media?parent=22205"}],"wp:term":[{"taxonomy":"product_cat","embeddable":true,"href":"https:\/\/ocardoo.com\/en\/wp-json\/wp\/v2\/product_cat?post=22205"},{"taxonomy":"product_tag","embeddable":true,"href":"https:\/\/ocardoo.com\/en\/wp-json\/wp\/v2\/product_tag?post=22205"}],"curies":[{"name":"wp","href":"https:\/\/api.w.org\/{rel}","templated":true}]}}