{"id":22210,"date":"2026-05-11T22:18:23","date_gmt":"2026-05-11T20:18:23","guid":{"rendered":"https:\/\/ocardoo.com\/?post_type=product&#038;p=22210"},"modified":"2026-05-11T22:19:40","modified_gmt":"2026-05-11T20:19:40","slug":"31279","status":"publish","type":"product","link":"https:\/\/ocardoo.com\/en\/product\/31279\/","title":{"rendered":"Du wirst das rocken | Lustige Karte f\u00fcr werdende Papas &#038; Geburt"},"content":{"rendered":"<div class=\"flex max-w-full flex-col gap-4 grow\">\n<div class=\"min-h-8 text-message relative flex w-full flex-col items-end gap-2 text-start break-words whitespace-normal outline-none keyboard-focused:focus-ring [.text-message+&amp;]:mt-1\" dir=\"auto\" tabindex=\"0\" data-message-author-role=\"assistant\" data-message-id=\"c19112fb-4caa-4eaa-bd3b-f202f022be6b\" data-message-model-slug=\"gpt-5-3\" data-turn-start-message=\"true\">\n<div class=\"flex w-full flex-col gap-1 empty:hidden\">\n<div class=\"markdown prose dark:prose-invert w-full wrap-break-word light markdown-new-styling\">\n<p data-start=\"110\" data-end=\"165\">\ud83e\udd18\ud83d\udc99 \u201eDu wirst das rocken. Papa steht dir richtig gut!\u201c<\/p>\n<p data-start=\"167\" data-end=\"444\">Diese moderne und humorvolle Gl\u00fcckwunschkarte f\u00fcr werdende oder frischgebackene Papas ist die perfekte \u00dcberraschung zur Geburt oder Schwangerschaft.<br data-start=\"315\" data-end=\"318\" \/>Mit coolem Rock-Handzeichen, l\u00e4ssigem Design und motivierender Botschaft sorgt diese Karte garantiert f\u00fcr ein breites Grinsen.<\/p>\n<p data-start=\"446\" data-end=\"562\">Ideal f\u00fcr Freunde, Kollegen, Br\u00fcder oder Partner, die bald Papa werden oder gerade ihr kleines Wunder begr\u00fc\u00dft haben.<\/p>\n<p data-start=\"564\" data-end=\"739\">\u2728 Gemeinsam online unterschreiben<br data-start=\"597\" data-end=\"600\" \/>Mit Ocardoo gestalten mehrere Personen gemeinsam eine pers\u00f6nliche digitale Gruppenkarte \u2013 mit lieben Nachrichten, Fotos oder Gl\u00fcckw\u00fcnschen.<\/p>\n<p data-start=\"741\" data-end=\"762\">Perfekt geeignet f\u00fcr:<\/p>\n<ul data-start=\"763\" data-end=\"957\">\n<li data-section-id=\"4xs7kk\" data-start=\"763\" data-end=\"779\">werdender Papa<\/li>\n<li data-section-id=\"63pfbg\" data-start=\"780\" data-end=\"804\">frischgebackener Vater<\/li>\n<li data-section-id=\"f1mk90\" data-start=\"805\" data-end=\"832\">Schwangerschaft verk\u00fcnden<\/li>\n<li data-section-id=\"1toaqap\" data-start=\"833\" data-end=\"858\">Gl\u00fcckw\u00fcnsche zur Geburt<\/li>\n<li data-section-id=\"nd2kxb\" data-start=\"859\" data-end=\"881\">Babykarte f\u00fcr M\u00e4nner<\/li>\n<li data-section-id=\"19g0txs\" data-start=\"882\" data-end=\"905\">humorvolle Papa Karte<\/li>\n<li data-section-id=\"14yk9ud\" data-start=\"906\" data-end=\"929\">digitale Gruppenkarte<\/li>\n<li data-section-id=\"1i3r3gu\" data-start=\"930\" data-end=\"957\">Babyparty &amp; Gender Reveal<\/li>\n<\/ul>\n<p data-start=\"959\" data-end=\"976\"><strong data-start=\"959\" data-end=\"974\">Highlights:<\/strong><\/p>\n<p data-start=\"978\" data-end=\"1216\">\u2714 moderne &amp; coole Papa-Karte<br data-start=\"1006\" data-end=\"1009\" \/>\u2714 perfekt zur Geburt oder Schwangerschaft<br data-start=\"1050\" data-end=\"1053\" \/>\u2714 humorvolles Rock-Design<br data-start=\"1078\" data-end=\"1081\" \/>\u2714 mehrere Personen k\u00f6nnen online unterschreiben<br data-start=\"1128\" data-end=\"1131\" \/>\u2714 pers\u00f6nliche Nachrichten &amp; Fotos m\u00f6glich<br data-start=\"1172\" data-end=\"1175\" \/>\u2714 digital versendbar in wenigen Minuten<\/p>\n<p data-start=\"1218\" data-end=\"1246\"><strong data-start=\"1218\" data-end=\"1244\">Beliebte Suchbegriffe:<\/strong><\/p>\n<p data-start=\"1248\" data-end=\"1454\">Papa Karte lustig, Du wirst das rocken Karte, werdender Papa Geschenk, Geburt Gl\u00fcckwunsch Vater, digitale Papa Karte, Gruppenkarte Geburt, Babykarte Papa, coole Gl\u00fcckwunschkarte Geburt, Ocardoo Gruppenkarte<\/p>\n<p data-start=\"1456\" data-end=\"1480\"><strong data-start=\"1456\" data-end=\"1478\">So funktioniert\u2019s:<\/strong><\/p>\n<ol data-start=\"1481\" data-end=\"1629\">\n<li data-section-id=\"1fbqmlk\" data-start=\"1481\" data-end=\"1501\">Motiv ausw\u00e4hlen<\/li>\n<li data-section-id=\"nvk2wg\" data-start=\"1502\" data-end=\"1542\">Freunde &amp; Familie per Link einladen<\/li>\n<li data-section-id=\"5hqsc2\" data-start=\"1543\" data-end=\"1579\">Gemeinsam online unterschreiben<\/li>\n<li data-section-id=\"ljbqe\" data-start=\"1580\" data-end=\"1629\">Karte digital verschicken oder herunterladen<\/li>\n<\/ol>\n<p data-start=\"1631\" data-end=\"1662\" data-is-last-node=\"\" data-is-only-node=\"\">\u2728 PERS\u00d6NLICH GEHT AUCH DIGITAL.<\/p>\n<\/div>\n<\/div>\n<\/div>\n<\/div>","protected":false},"excerpt":{"rendered":"<p>\ud83e\udd18\ud83d\udc99 \u201eDu wirst das rocken. Papa steht dir richtig gut!\u201c Diese moderne und humorvolle Gl\u00fcckwunschkarte f\u00fcr werdende oder frischgebackene Papas ist die perfekte \u00dcberraschung zur Geburt oder Schwangerschaft.Mit coolem Rock-Handzeichen, [&hellip;]<\/p>","protected":false},"author":20,"featured_media":21822,"comment_status":"open","ping_status":"closed","template":"","meta":{"_acf_changed":false,"inline_featured_image":false,"footnotes":""},"product_cat":[18,85,533,84,98,100,99,158,111,169],"product_tag":[279,395,197,146,534,148,294],"class_list":["post-22210","product","type-product","status-publish","has-post-thumbnail","hentry","product_cat-eltern","product_cat-abschied-verlaesst-unternehmen","product_cat-abschied-elternzeit","product_cat-anlaesse","product_cat-geburt-kind","product_cat-junge","product_cat-maedchen","product_cat-mama","product_cat-mama-papa","product_cat-papa","product_tag-abschied","product_tag-abschiedskarte","product_tag-baby","product_tag-eltern","product_tag-elternzeit","product_tag-papa","product_tag-vater","pa_variante-basic","pa_variante-premium"],"acf":[],"_links":{"self":[{"href":"https:\/\/ocardoo.com\/en\/wp-json\/wp\/v2\/product\/22210","targetHints":{"allow":["GET"]}}],"collection":[{"href":"https:\/\/ocardoo.com\/en\/wp-json\/wp\/v2\/product"}],"about":[{"href":"https:\/\/ocardoo.com\/en\/wp-json\/wp\/v2\/types\/product"}],"author":[{"embeddable":true,"href":"https:\/\/ocardoo.com\/en\/wp-json\/wp\/v2\/users\/20"}],"replies":[{"embeddable":true,"href":"https:\/\/ocardoo.com\/en\/wp-json\/wp\/v2\/comments?post=22210"}],"version-history":[{"count":2,"href":"https:\/\/ocardoo.com\/en\/wp-json\/wp\/v2\/product\/22210\/revisions"}],"predecessor-version":[{"id":22214,"href":"https:\/\/ocardoo.com\/en\/wp-json\/wp\/v2\/product\/22210\/revisions\/22214"}],"wp:featuredmedia":[{"embeddable":true,"href":"https:\/\/ocardoo.com\/en\/wp-json\/wp\/v2\/media\/21822"}],"wp:attachment":[{"href":"https:\/\/ocardoo.com\/en\/wp-json\/wp\/v2\/media?parent=22210"}],"wp:term":[{"taxonomy":"product_cat","embeddable":true,"href":"https:\/\/ocardoo.com\/en\/wp-json\/wp\/v2\/product_cat?post=22210"},{"taxonomy":"product_tag","embeddable":true,"href":"https:\/\/ocardoo.com\/en\/wp-json\/wp\/v2\/product_tag?post=22210"}],"curies":[{"name":"wp","href":"https:\/\/api.w.org\/{rel}","templated":true}]}}