{"id":22215,"date":"2026-05-11T22:28:48","date_gmt":"2026-05-11T20:28:48","guid":{"rendered":"https:\/\/ocardoo.com\/?post_type=product&#038;p=22215"},"modified":"2026-05-11T22:30:32","modified_gmt":"2026-05-11T20:30:32","slug":"31280","status":"publish","type":"product","link":"https:\/\/ocardoo.com\/en\/product\/31280\/","title":{"rendered":"Kleine H\u00e4nde, gro\u00dfes Gl\u00fcck | S\u00fc\u00dfe Babykarte zur Geburt eines M\u00e4dchens"},"content":{"rendered":"<div class=\"flex max-w-full flex-col gap-4 grow\">\n<div class=\"min-h-8 text-message relative flex w-full flex-col items-end gap-2 text-start break-words whitespace-normal outline-none keyboard-focused:focus-ring [.text-message+&amp;]:mt-1\" dir=\"auto\" tabindex=\"0\" data-message-author-role=\"assistant\" data-message-id=\"c19112fb-4caa-4eaa-bd3b-f202f022be6b\" data-message-model-slug=\"gpt-5-3\" data-turn-start-message=\"true\">\n<div class=\"flex w-full flex-col gap-1 empty:hidden\">\n<div class=\"markdown prose dark:prose-invert w-full wrap-break-word light markdown-new-styling\">\n<p data-start=\"116\" data-end=\"150\">\ud83d\udc76\ud83e\ude77 \u201eKleine H\u00e4nde. Gro\u00dfes Gl\u00fcck.\u201c<\/p>\n<p data-start=\"152\" data-end=\"459\">Diese zauberhafte Babykarte zur Geburt eines M\u00e4dchens begeistert mit liebevollen Illustrationen, zarten Rosat\u00f6nen und einer besonders herzlichen Botschaft.<br data-start=\"307\" data-end=\"310\" \/>Die kleinen Babyh\u00e4nde und die s\u00fc\u00dfen Details machen diese digitale Gl\u00fcckwunschkarte zu einer wundersch\u00f6nen Erinnerung an einen unvergesslichen Moment.<\/p>\n<p data-start=\"461\" data-end=\"530\">Perfekt geeignet f\u00fcr Familie, Freunde, Kollegen oder werdende Eltern.<\/p>\n<p data-start=\"532\" data-end=\"717\">\u2728 Gemeinsam online unterschreiben<br data-start=\"565\" data-end=\"568\" \/>Mit Ocardoo k\u00f6nnen mehrere Personen gemeinsam eine digitale Gruppenkarte gestalten und mit pers\u00f6nlichen Nachrichten, Fotos oder Gl\u00fcckw\u00fcnschen f\u00fcllen.<\/p>\n<p data-start=\"719\" data-end=\"729\">Ideal f\u00fcr:<\/p>\n<ul data-start=\"730\" data-end=\"904\">\n<li data-section-id=\"75yxdd\" data-start=\"730\" data-end=\"753\">Geburt eines M\u00e4dchens<\/li>\n<li data-section-id=\"1toaqap\" data-start=\"754\" data-end=\"779\">Gl\u00fcckw\u00fcnsche zur Geburt<\/li>\n<li data-section-id=\"18cq54t\" data-start=\"780\" data-end=\"805\">Baby Shower \/ Babyparty<\/li>\n<li data-section-id=\"1uho5oi\" data-start=\"806\" data-end=\"823\">werdende Eltern<\/li>\n<li data-section-id=\"rqo9os\" data-start=\"824\" data-end=\"853\">frischgebackene Mama &amp; Papa<\/li>\n<li data-section-id=\"1q99qkm\" data-start=\"854\" data-end=\"874\">digitale Babykarte<\/li>\n<li data-section-id=\"npfzlg\" data-start=\"875\" data-end=\"904\">Gruppenkarte Geburt M\u00e4dchen<\/li>\n<\/ul>\n<p data-start=\"906\" data-end=\"923\"><strong data-start=\"906\" data-end=\"921\">Highlights:<\/strong><\/p>\n<p data-start=\"925\" data-end=\"1154\">\u2714 liebevolle Babykarte in Rosa<br data-start=\"955\" data-end=\"958\" \/>\u2714 s\u00fc\u00dfes Motiv mit Babyh\u00e4nden<br data-start=\"986\" data-end=\"989\" \/>\u2714 perfekt zur Geburt eines M\u00e4dchens<br data-start=\"1024\" data-end=\"1027\" \/>\u2714 mehrere Personen k\u00f6nnen online unterschreiben<br data-start=\"1074\" data-end=\"1077\" \/>\u2714 pers\u00f6nliche Texte &amp; Fotos m\u00f6glich<br data-start=\"1112\" data-end=\"1115\" \/>\u2714 digital versendbar oder downloadbar<\/p>\n<p data-start=\"1156\" data-end=\"1184\"><strong data-start=\"1156\" data-end=\"1182\">Beliebte Suchbegriffe:<\/strong><\/p>\n<p data-start=\"1186\" data-end=\"1392\">Babykarte M\u00e4dchen, Gl\u00fcckwunschkarte Geburt M\u00e4dchen, kleine H\u00e4nde gro\u00dfes Gl\u00fcck, digitale Geburtskarte, Gruppenkarte Geburt, Baby Gl\u00fcckwunsch rosa, Karte zur Geburt M\u00e4dchen, Ocardoo Babykarte, Babyparty Karte<\/p>\n<p data-start=\"1394\" data-end=\"1418\"><strong data-start=\"1394\" data-end=\"1416\">So funktioniert\u2019s:<\/strong><\/p>\n<ol data-start=\"1419\" data-end=\"1567\">\n<li data-section-id=\"1fbqmlk\" data-start=\"1419\" data-end=\"1439\">Motiv ausw\u00e4hlen<\/li>\n<li data-section-id=\"mnzmsw\" data-start=\"1440\" data-end=\"1480\">Familie &amp; Freunde per Link einladen<\/li>\n<li data-section-id=\"5hqsc2\" data-start=\"1481\" data-end=\"1517\">Gemeinsam online unterschreiben<\/li>\n<li data-section-id=\"ljbqe\" data-start=\"1518\" data-end=\"1567\">Karte digital verschicken oder herunterladen<\/li>\n<\/ol>\n<p data-start=\"1569\" data-end=\"1600\" data-is-last-node=\"\" data-is-only-node=\"\">\u2728 PERS\u00d6NLICH GEHT AUCH DIGITAL.<\/p>\n<\/div>\n<\/div>\n<\/div>\n<\/div>","protected":false},"excerpt":{"rendered":"<p>\ud83d\udc76\ud83e\ude77 \u201eKleine H\u00e4nde. Gro\u00dfes Gl\u00fcck.\u201c Diese zauberhafte Babykarte zur Geburt eines M\u00e4dchens begeistert mit liebevollen Illustrationen, zarten Rosat\u00f6nen und einer besonders herzlichen Botschaft.Die kleinen Babyh\u00e4nde und die s\u00fc\u00dfen Details machen [&hellip;]<\/p>","protected":false},"author":20,"featured_media":21823,"comment_status":"open","ping_status":"closed","template":"","meta":{"_acf_changed":false,"inline_featured_image":false,"footnotes":""},"product_cat":[18,85,533,84,98,99,158,111,169],"product_tag":[279,395,197,146,534,147,148,294],"class_list":["post-22215","product","type-product","status-publish","has-post-thumbnail","hentry","product_cat-eltern","product_cat-abschied-verlaesst-unternehmen","product_cat-abschied-elternzeit","product_cat-anlaesse","product_cat-geburt-kind","product_cat-maedchen","product_cat-mama","product_cat-mama-papa","product_cat-papa","product_tag-abschied","product_tag-abschiedskarte","product_tag-baby","product_tag-eltern","product_tag-elternzeit","product_tag-mama","product_tag-papa","product_tag-vater","pa_variante-basic","pa_variante-premium"],"acf":[],"_links":{"self":[{"href":"https:\/\/ocardoo.com\/en\/wp-json\/wp\/v2\/product\/22215","targetHints":{"allow":["GET"]}}],"collection":[{"href":"https:\/\/ocardoo.com\/en\/wp-json\/wp\/v2\/product"}],"about":[{"href":"https:\/\/ocardoo.com\/en\/wp-json\/wp\/v2\/types\/product"}],"author":[{"embeddable":true,"href":"https:\/\/ocardoo.com\/en\/wp-json\/wp\/v2\/users\/20"}],"replies":[{"embeddable":true,"href":"https:\/\/ocardoo.com\/en\/wp-json\/wp\/v2\/comments?post=22215"}],"version-history":[{"count":2,"href":"https:\/\/ocardoo.com\/en\/wp-json\/wp\/v2\/product\/22215\/revisions"}],"predecessor-version":[{"id":22219,"href":"https:\/\/ocardoo.com\/en\/wp-json\/wp\/v2\/product\/22215\/revisions\/22219"}],"wp:featuredmedia":[{"embeddable":true,"href":"https:\/\/ocardoo.com\/en\/wp-json\/wp\/v2\/media\/21823"}],"wp:attachment":[{"href":"https:\/\/ocardoo.com\/en\/wp-json\/wp\/v2\/media?parent=22215"}],"wp:term":[{"taxonomy":"product_cat","embeddable":true,"href":"https:\/\/ocardoo.com\/en\/wp-json\/wp\/v2\/product_cat?post=22215"},{"taxonomy":"product_tag","embeddable":true,"href":"https:\/\/ocardoo.com\/en\/wp-json\/wp\/v2\/product_tag?post=22215"}],"curies":[{"name":"wp","href":"https:\/\/api.w.org\/{rel}","templated":true}]}}