{"id":22293,"date":"2026-05-12T22:15:23","date_gmt":"2026-05-12T20:15:23","guid":{"rendered":"https:\/\/ocardoo.com\/?post_type=product&#038;p=22293"},"modified":"2026-05-12T22:17:33","modified_gmt":"2026-05-12T20:17:33","slug":"31281","status":"publish","type":"product","link":"https:\/\/ocardoo.com\/en\/product\/31281\/","title":{"rendered":"Kleine H\u00e4nde, gro\u00dfes Gl\u00fcck | S\u00fc\u00dfe Babykarte zur Geburt eines Jungen"},"content":{"rendered":"<div class=\"flex max-w-full flex-col gap-4 grow\">\n<div class=\"min-h-8 text-message relative flex w-full flex-col items-end gap-2 text-start break-words whitespace-normal outline-none keyboard-focused:focus-ring [.text-message+&amp;]:mt-1\" dir=\"auto\" tabindex=\"0\" data-message-author-role=\"assistant\" data-message-id=\"c19112fb-4caa-4eaa-bd3b-f202f022be6b\" data-message-model-slug=\"gpt-5-3\" data-turn-start-message=\"true\">\n<div class=\"flex w-full flex-col gap-1 empty:hidden\">\n<div class=\"markdown prose dark:prose-invert w-full wrap-break-word light markdown-new-styling\">\n<p data-start=\"114\" data-end=\"148\">\ud83d\udc76\ud83d\udc99 \u201eKleine H\u00e4nde. Gro\u00dfes Gl\u00fcck.\u201c<\/p>\n<p data-start=\"150\" data-end=\"467\">Diese niedliche digitale Gl\u00fcckwunschkarte zur Geburt eines Jungen begeistert mit liebevollen Babyillustrationen, sanften Blaut\u00f6nen und einer besonders herzlichen Botschaft.<br data-start=\"322\" data-end=\"325\" \/>Die kleinen H\u00e4nde symbolisieren das gr\u00f6\u00dfte Gl\u00fcck der Welt und machen diese Karte zu einer wundersch\u00f6nen Erinnerung f\u00fcr frischgebackene Eltern.<\/p>\n<p data-start=\"469\" data-end=\"586\">Perfekt geeignet f\u00fcr Familie, Freunde, Kollegen oder liebe Menschen, die ein kleines Wunder willkommen hei\u00dfen d\u00fcrfen.<\/p>\n<p data-start=\"588\" data-end=\"784\">\u2728 Gemeinsam online unterschreiben<br data-start=\"621\" data-end=\"624\" \/>Mit Ocardoo k\u00f6nnen mehrere Personen gemeinsam eine pers\u00f6nliche digitale Gruppenkarte gestalten \u2013 mit lieben Nachrichten, Fotos oder individuellen Gl\u00fcckw\u00fcnschen.<\/p>\n<p data-start=\"786\" data-end=\"796\">Ideal f\u00fcr:<\/p>\n<ul data-start=\"797\" data-end=\"965\">\n<li data-section-id=\"2knkc2\" data-start=\"797\" data-end=\"818\">Geburt eines Jungen<\/li>\n<li data-section-id=\"1toaqap\" data-start=\"819\" data-end=\"844\">Gl\u00fcckw\u00fcnsche zur Geburt<\/li>\n<li data-section-id=\"1ftw8mi\" data-start=\"845\" data-end=\"862\">Babykarte Junge<\/li>\n<li data-section-id=\"1rywlcu\" data-start=\"863\" data-end=\"886\">digitale Geburtskarte<\/li>\n<li data-section-id=\"ixzit9\" data-start=\"887\" data-end=\"912\">Babyparty \/ Baby Shower<\/li>\n<li data-section-id=\"zr78u\" data-start=\"913\" data-end=\"937\">frischgebackene Eltern<\/li>\n<li data-section-id=\"raf5gq\" data-start=\"938\" data-end=\"965\">Gruppenkarte Geburt Junge<\/li>\n<\/ul>\n<p data-start=\"967\" data-end=\"984\"><strong data-start=\"967\" data-end=\"982\">Highlights:<\/strong><\/p>\n<p data-start=\"986\" data-end=\"1234\">\u2714 liebevolle Babykarte in Blau<br data-start=\"1016\" data-end=\"1019\" \/>\u2714 s\u00fc\u00dfes Motiv mit kleinen Babyh\u00e4nden<br data-start=\"1055\" data-end=\"1058\" \/>\u2714 perfekt zur Geburt eines Jungen<br data-start=\"1091\" data-end=\"1094\" \/>\u2714 mehrere Personen k\u00f6nnen online unterschreiben<br data-start=\"1141\" data-end=\"1144\" \/>\u2714 pers\u00f6nliche Nachrichten &amp; Fotos m\u00f6glich<br data-start=\"1185\" data-end=\"1188\" \/>\u2714 sofort digital versendbar oder downloadbar<\/p>\n<p data-start=\"1236\" data-end=\"1264\"><strong data-start=\"1236\" data-end=\"1262\">Beliebte Suchbegriffe:<\/strong><\/p>\n<p data-start=\"1266\" data-end=\"1479\">Babykarte Junge, Gl\u00fcckwunschkarte Geburt Junge, kleine H\u00e4nde gro\u00dfes Gl\u00fcck, digitale Babykarte blau, Gruppenkarte Geburt, Baby Gl\u00fcckwunschkarte, Karte zur Geburt Junge, Ocardoo Geburtskarte, Baby Shower Karte Junge<\/p>\n<p data-start=\"1481\" data-end=\"1505\"><strong data-start=\"1481\" data-end=\"1503\">So funktioniert\u2019s:<\/strong><\/p>\n<ol data-start=\"1506\" data-end=\"1654\">\n<li data-section-id=\"1fbqmlk\" data-start=\"1506\" data-end=\"1526\">Motiv ausw\u00e4hlen<\/li>\n<li data-section-id=\"nvk2wg\" data-start=\"1527\" data-end=\"1567\">Freunde &amp; Familie per Link einladen<\/li>\n<li data-section-id=\"5hqsc2\" data-start=\"1568\" data-end=\"1604\">Gemeinsam online unterschreiben<\/li>\n<li data-section-id=\"ljbqe\" data-start=\"1605\" data-end=\"1654\">Karte digital verschicken oder herunterladen<\/li>\n<\/ol>\n<p data-start=\"1656\" data-end=\"1687\" data-is-last-node=\"\" data-is-only-node=\"\">\u2728 PERS\u00d6NLICH GEHT AUCH DIGITAL.<\/p>\n<\/div>\n<\/div>\n<\/div>\n<\/div>","protected":false},"excerpt":{"rendered":"<p>\ud83d\udc76\ud83d\udc99 \u201eKleine H\u00e4nde. Gro\u00dfes Gl\u00fcck.\u201c Diese niedliche digitale Gl\u00fcckwunschkarte zur Geburt eines Jungen begeistert mit liebevollen Babyillustrationen, sanften Blaut\u00f6nen und einer besonders herzlichen Botschaft.Die kleinen H\u00e4nde symbolisieren das gr\u00f6\u00dfte Gl\u00fcck [&hellip;]<\/p>","protected":false},"author":20,"featured_media":21824,"comment_status":"open","ping_status":"closed","template":"","meta":{"_acf_changed":false,"inline_featured_image":false,"footnotes":""},"product_cat":[18,85,533,84,98,100,158,111,169],"product_tag":[279,395,197,146,534,148,294],"class_list":["post-22293","product","type-product","status-publish","has-post-thumbnail","hentry","product_cat-eltern","product_cat-abschied-verlaesst-unternehmen","product_cat-abschied-elternzeit","product_cat-anlaesse","product_cat-geburt-kind","product_cat-junge","product_cat-mama","product_cat-mama-papa","product_cat-papa","product_tag-abschied","product_tag-abschiedskarte","product_tag-baby","product_tag-eltern","product_tag-elternzeit","product_tag-papa","product_tag-vater","pa_variante-basic","pa_variante-premium"],"acf":[],"_links":{"self":[{"href":"https:\/\/ocardoo.com\/en\/wp-json\/wp\/v2\/product\/22293","targetHints":{"allow":["GET"]}}],"collection":[{"href":"https:\/\/ocardoo.com\/en\/wp-json\/wp\/v2\/product"}],"about":[{"href":"https:\/\/ocardoo.com\/en\/wp-json\/wp\/v2\/types\/product"}],"author":[{"embeddable":true,"href":"https:\/\/ocardoo.com\/en\/wp-json\/wp\/v2\/users\/20"}],"replies":[{"embeddable":true,"href":"https:\/\/ocardoo.com\/en\/wp-json\/wp\/v2\/comments?post=22293"}],"version-history":[{"count":2,"href":"https:\/\/ocardoo.com\/en\/wp-json\/wp\/v2\/product\/22293\/revisions"}],"predecessor-version":[{"id":22297,"href":"https:\/\/ocardoo.com\/en\/wp-json\/wp\/v2\/product\/22293\/revisions\/22297"}],"wp:featuredmedia":[{"embeddable":true,"href":"https:\/\/ocardoo.com\/en\/wp-json\/wp\/v2\/media\/21824"}],"wp:attachment":[{"href":"https:\/\/ocardoo.com\/en\/wp-json\/wp\/v2\/media?parent=22293"}],"wp:term":[{"taxonomy":"product_cat","embeddable":true,"href":"https:\/\/ocardoo.com\/en\/wp-json\/wp\/v2\/product_cat?post=22293"},{"taxonomy":"product_tag","embeddable":true,"href":"https:\/\/ocardoo.com\/en\/wp-json\/wp\/v2\/product_tag?post=22293"}],"curies":[{"name":"wp","href":"https:\/\/api.w.org\/{rel}","templated":true}]}}