{"id":22322,"date":"2026-05-16T21:18:33","date_gmt":"2026-05-16T19:18:33","guid":{"rendered":"https:\/\/ocardoo.com\/?post_type=product&#038;p=22322"},"modified":"2026-05-16T21:21:41","modified_gmt":"2026-05-16T19:21:41","slug":"31285","status":"publish","type":"product","link":"https:\/\/ocardoo.com\/en\/product\/31285\/","title":{"rendered":"Dein gr\u00f6\u00dftes Projekt hat gerade begonnen | S\u00fc\u00dfe Babykarte zur Geburt"},"content":{"rendered":"<div class=\"flex max-w-full flex-col gap-4 grow\">\n<div class=\"min-h-8 text-message relative flex w-full flex-col items-end gap-2 text-start break-words whitespace-normal outline-none keyboard-focused:focus-ring [.text-message+&amp;]:mt-1\" dir=\"auto\" tabindex=\"0\" data-message-author-role=\"assistant\" data-message-id=\"c19112fb-4caa-4eaa-bd3b-f202f022be6b\" data-message-model-slug=\"gpt-5-3\" data-turn-start-message=\"true\">\n<div class=\"flex w-full flex-col gap-1 empty:hidden\">\n<div class=\"markdown prose dark:prose-invert w-full wrap-break-word light markdown-new-styling\">\n<p data-start=\"115\" data-end=\"163\">\ud83d\ude80\ud83d\udc63 \u201eDein gr\u00f6\u00dftes Projekt hat gerade begonnen.\u201c<\/p>\n<p data-start=\"165\" data-end=\"478\">Diese moderne und liebevoll gestaltete Babykarte zur Geburt ist die perfekte \u00dcberraschung f\u00fcr frischgebackene oder werdende Eltern.<br data-start=\"296\" data-end=\"299\" \/>Mit niedlicher Rakete, kleinen Babyf\u00fc\u00dfchen und sanften Naturt\u00f6nen vermittelt diese digitale Gl\u00fcckwunschkarte auf charmante Weise den Beginn eines ganz besonderen Lebensabenteuers.<\/p>\n<p data-start=\"480\" data-end=\"554\">Eine wundersch\u00f6ne Erinnerung an einen der emotionalsten Momente \u00fcberhaupt.<\/p>\n<p data-start=\"556\" data-end=\"752\">\u2728 Gemeinsam online unterschreiben<br data-start=\"589\" data-end=\"592\" \/>Mit Ocardoo k\u00f6nnen mehrere Personen gemeinsam eine pers\u00f6nliche digitale Gruppenkarte gestalten \u2013 mit lieben Nachrichten, Fotos oder individuellen Gl\u00fcckw\u00fcnschen.<\/p>\n<p data-start=\"754\" data-end=\"775\">Perfekt geeignet f\u00fcr:<\/p>\n<ul data-start=\"776\" data-end=\"936\">\n<li data-section-id=\"8u57us\" data-start=\"776\" data-end=\"796\">Geburt eines Babys<\/li>\n<li data-section-id=\"1uho5oi\" data-start=\"797\" data-end=\"814\">werdende Eltern<\/li>\n<li data-section-id=\"rqo9os\" data-start=\"815\" data-end=\"844\">frischgebackene Mama &amp; Papa<\/li>\n<li data-section-id=\"1t1rv9o\" data-start=\"845\" data-end=\"864\">Babykarte neutral<\/li>\n<li data-section-id=\"18cq54t\" data-start=\"865\" data-end=\"890\">Baby Shower \/ Babyparty<\/li>\n<li data-section-id=\"1rywlcu\" data-start=\"891\" data-end=\"914\">digitale Geburtskarte<\/li>\n<li data-section-id=\"1eh8xy1\" data-start=\"915\" data-end=\"936\">Gruppenkarte Geburt<\/li>\n<\/ul>\n<p data-start=\"938\" data-end=\"955\"><strong data-start=\"938\" data-end=\"953\">Highlights:<\/strong><\/p>\n<p data-start=\"957\" data-end=\"1210\">\u2714 modernes &amp; neutrales Baby-Design<br data-start=\"991\" data-end=\"994\" \/>\u2714 s\u00fc\u00dfe Rakete &amp; Babyf\u00fc\u00dfe Illustration<br data-start=\"1031\" data-end=\"1034\" \/>\u2714 perfekt f\u00fcr Jungen oder M\u00e4dchen<br data-start=\"1067\" data-end=\"1070\" \/>\u2714 mehrere Personen k\u00f6nnen online unterschreiben<br data-start=\"1117\" data-end=\"1120\" \/>\u2714 pers\u00f6nliche Nachrichten &amp; Fotos m\u00f6glich<br data-start=\"1161\" data-end=\"1164\" \/>\u2714 sofort digital versendbar oder downloadbar<\/p>\n<p data-start=\"1212\" data-end=\"1240\"><strong data-start=\"1212\" data-end=\"1238\">Beliebte Suchbegriffe:<\/strong><\/p>\n<p data-start=\"1242\" data-end=\"1455\">Babykarte neutral, Gl\u00fcckwunschkarte Geburt, dein gr\u00f6\u00dftes Projekt hat begonnen, digitale Babykarte, Gruppenkarte Geburt, Baby Shower Karte neutral, Karte f\u00fcr werdende Eltern, Ocardoo Geburtskarte, moderne Babykarte<\/p>\n<p data-start=\"1457\" data-end=\"1481\"><strong data-start=\"1457\" data-end=\"1479\">So funktioniert\u2019s:<\/strong><\/p>\n<ol data-start=\"1482\" data-end=\"1630\">\n<li data-section-id=\"1fbqmlk\" data-start=\"1482\" data-end=\"1502\">Motiv ausw\u00e4hlen<\/li>\n<li data-section-id=\"nvk2wg\" data-start=\"1503\" data-end=\"1543\">Freunde &amp; Familie per Link einladen<\/li>\n<li data-section-id=\"5hqsc2\" data-start=\"1544\" data-end=\"1580\">Gemeinsam online unterschreiben<\/li>\n<li data-section-id=\"ljbqe\" data-start=\"1581\" data-end=\"1630\">Karte digital verschicken oder herunterladen<\/li>\n<\/ol>\n<p data-start=\"1632\" data-end=\"1663\" data-is-last-node=\"\" data-is-only-node=\"\">\u2728 PERS\u00d6NLICH GEHT AUCH DIGITAL.<\/p>\n<\/div>\n<\/div>\n<\/div>\n<\/div>","protected":false},"excerpt":{"rendered":"<p>\ud83d\ude80\ud83d\udc63 \u201eDein gr\u00f6\u00dftes Projekt hat gerade begonnen.\u201c Diese moderne und liebevoll gestaltete Babykarte zur Geburt ist die perfekte \u00dcberraschung f\u00fcr frischgebackene oder werdende Eltern.Mit niedlicher Rakete, kleinen Babyf\u00fc\u00dfchen und sanften [&hellip;]<\/p>","protected":false},"author":20,"featured_media":21828,"comment_status":"open","ping_status":"closed","template":"","meta":{"_acf_changed":false,"inline_featured_image":false,"footnotes":""},"product_cat":[18,85,533,84,98,100,99,158,111,169],"product_tag":[279,395,197,146,534,147,148,294],"class_list":["post-22322","product","type-product","status-publish","has-post-thumbnail","hentry","product_cat-eltern","product_cat-abschied-verlaesst-unternehmen","product_cat-abschied-elternzeit","product_cat-anlaesse","product_cat-geburt-kind","product_cat-junge","product_cat-maedchen","product_cat-mama","product_cat-mama-papa","product_cat-papa","product_tag-abschied","product_tag-abschiedskarte","product_tag-baby","product_tag-eltern","product_tag-elternzeit","product_tag-mama","product_tag-papa","product_tag-vater","pa_variante-basic","pa_variante-premium"],"acf":[],"_links":{"self":[{"href":"https:\/\/ocardoo.com\/en\/wp-json\/wp\/v2\/product\/22322","targetHints":{"allow":["GET"]}}],"collection":[{"href":"https:\/\/ocardoo.com\/en\/wp-json\/wp\/v2\/product"}],"about":[{"href":"https:\/\/ocardoo.com\/en\/wp-json\/wp\/v2\/types\/product"}],"author":[{"embeddable":true,"href":"https:\/\/ocardoo.com\/en\/wp-json\/wp\/v2\/users\/20"}],"replies":[{"embeddable":true,"href":"https:\/\/ocardoo.com\/en\/wp-json\/wp\/v2\/comments?post=22322"}],"version-history":[{"count":2,"href":"https:\/\/ocardoo.com\/en\/wp-json\/wp\/v2\/product\/22322\/revisions"}],"predecessor-version":[{"id":22326,"href":"https:\/\/ocardoo.com\/en\/wp-json\/wp\/v2\/product\/22322\/revisions\/22326"}],"wp:featuredmedia":[{"embeddable":true,"href":"https:\/\/ocardoo.com\/en\/wp-json\/wp\/v2\/media\/21828"}],"wp:attachment":[{"href":"https:\/\/ocardoo.com\/en\/wp-json\/wp\/v2\/media?parent=22322"}],"wp:term":[{"taxonomy":"product_cat","embeddable":true,"href":"https:\/\/ocardoo.com\/en\/wp-json\/wp\/v2\/product_cat?post=22322"},{"taxonomy":"product_tag","embeddable":true,"href":"https:\/\/ocardoo.com\/en\/wp-json\/wp\/v2\/product_tag?post=22322"}],"curies":[{"name":"wp","href":"https:\/\/api.w.org\/{rel}","templated":true}]}}