{"id":22327,"date":"2026-05-16T21:22:56","date_gmt":"2026-05-16T19:22:56","guid":{"rendered":"https:\/\/ocardoo.com\/?post_type=product&#038;p=22327"},"modified":"2026-05-16T21:30:14","modified_gmt":"2026-05-16T19:30:14","slug":"31286","status":"publish","type":"product","link":"https:\/\/ocardoo.com\/en\/product\/31286\/","title":{"rendered":"Dein gr\u00f6\u00dftes Projekt hat gerade begonnen | S\u00fc\u00dfe Babykarte Junge"},"content":{"rendered":"<div class=\"flex max-w-full flex-col gap-4 grow\">\n<div class=\"min-h-8 text-message relative flex w-full flex-col items-end gap-2 text-start break-words whitespace-normal outline-none keyboard-focused:focus-ring [.text-message+&amp;]:mt-1\" dir=\"auto\" tabindex=\"0\" data-message-author-role=\"assistant\" data-message-id=\"c19112fb-4caa-4eaa-bd3b-f202f022be6b\" data-message-model-slug=\"gpt-5-3\" data-turn-start-message=\"true\">\n<div class=\"flex w-full flex-col gap-1 empty:hidden\">\n<div class=\"markdown prose dark:prose-invert w-full wrap-break-word light markdown-new-styling\">\n<p data-start=\"110\" data-end=\"158\">\ud83d\ude80\ud83d\udc99 \u201eDein gr\u00f6\u00dftes Projekt hat gerade begonnen.\u201c<\/p>\n<p data-start=\"160\" data-end=\"460\">Diese niedliche digitale Gl\u00fcckwunschkarte zur Geburt eines Jungen kombiniert liebevolle Baby-Motive mit einer modernen und humorvollen Botschaft.<br data-start=\"305\" data-end=\"308\" \/>Die s\u00fc\u00dfe Rakete, kleine Babyf\u00fc\u00dfchen und sanften Blaut\u00f6ne machen diese Karte zu einer wundersch\u00f6nen Erinnerung an den Start eines neuen Lebensabenteuers.<\/p>\n<p data-start=\"462\" data-end=\"543\">Perfekt f\u00fcr werdende oder frischgebackene Eltern, Familie, Freunde oder Kollegen.<\/p>\n<p data-start=\"545\" data-end=\"741\">\u2728 Gemeinsam online unterschreiben<br data-start=\"578\" data-end=\"581\" \/>Mit Ocardoo k\u00f6nnen mehrere Personen gemeinsam eine pers\u00f6nliche digitale Gruppenkarte gestalten \u2013 mit lieben Nachrichten, Fotos oder individuellen Gl\u00fcckw\u00fcnschen.<\/p>\n<p data-start=\"743\" data-end=\"762\">Ideal geeignet f\u00fcr:<\/p>\n<ul data-start=\"763\" data-end=\"922\">\n<li data-section-id=\"2knkc2\" data-start=\"763\" data-end=\"784\">Geburt eines Jungen<\/li>\n<li data-section-id=\"1uho5oi\" data-start=\"785\" data-end=\"802\">werdende Eltern<\/li>\n<li data-section-id=\"rqo9os\" data-start=\"803\" data-end=\"832\">frischgebackene Mama &amp; Papa<\/li>\n<li data-section-id=\"1ftw8mi\" data-start=\"833\" data-end=\"850\">Babykarte Junge<\/li>\n<li data-section-id=\"1rywlcu\" data-start=\"851\" data-end=\"874\">digitale Geburtskarte<\/li>\n<li data-section-id=\"ixzit9\" data-start=\"875\" data-end=\"900\">Babyparty \/ Baby Shower<\/li>\n<li data-section-id=\"1eh8xy1\" data-start=\"901\" data-end=\"922\">Gruppenkarte Geburt<\/li>\n<\/ul>\n<p data-start=\"924\" data-end=\"941\"><strong data-start=\"924\" data-end=\"939\">Highlights:<\/strong><\/p>\n<p data-start=\"943\" data-end=\"1194\">\u2714 modernes Baby-Design in Blau<br data-start=\"973\" data-end=\"976\" \/>\u2714 s\u00fc\u00dfe Rakete &amp; Babyf\u00fc\u00dfe Illustration<br data-start=\"1013\" data-end=\"1016\" \/>\u2714 liebevolle Gl\u00fcckwunschkarte zur Geburt<br data-start=\"1056\" data-end=\"1059\" \/>\u2714 mehrere Personen k\u00f6nnen online unterschreiben<br data-start=\"1106\" data-end=\"1109\" \/>\u2714 pers\u00f6nliche Texte &amp; Fotos m\u00f6glich<br data-start=\"1144\" data-end=\"1147\" \/>\u2714 digital versendbar oder als PDF downloadbar<\/p>\n<p data-start=\"1196\" data-end=\"1224\"><strong data-start=\"1196\" data-end=\"1222\">Beliebte Suchbegriffe:<\/strong><\/p>\n<p data-start=\"1226\" data-end=\"1455\">Babykarte Junge blau, Gl\u00fcckwunschkarte Geburt Junge, dein gr\u00f6\u00dftes Projekt hat begonnen, digitale Babykarte, Gruppenkarte Geburt Junge, Karte zur Geburt Junge, Baby Shower Karte Junge, Ocardoo Geburtskarte, moderne Babykarte Junge<\/p>\n<p data-start=\"1457\" data-end=\"1481\"><strong data-start=\"1457\" data-end=\"1479\">So funktioniert\u2019s:<\/strong><\/p>\n<ol data-start=\"1482\" data-end=\"1630\">\n<li data-section-id=\"1fbqmlk\" data-start=\"1482\" data-end=\"1502\">Motiv ausw\u00e4hlen<\/li>\n<li data-section-id=\"nvk2wg\" data-start=\"1503\" data-end=\"1543\">Freunde &amp; Familie per Link einladen<\/li>\n<li data-section-id=\"5hqsc2\" data-start=\"1544\" data-end=\"1580\">Gemeinsam online unterschreiben<\/li>\n<li data-section-id=\"ljbqe\" data-start=\"1581\" data-end=\"1630\">Karte digital verschicken oder herunterladen<\/li>\n<\/ol>\n<p data-start=\"1632\" data-end=\"1663\" data-is-last-node=\"\" data-is-only-node=\"\">\u2728 PERS\u00d6NLICH GEHT AUCH DIGITAL.<\/p>\n<\/div>\n<\/div>\n<\/div>\n<\/div>","protected":false},"excerpt":{"rendered":"<p>\ud83d\ude80\ud83d\udc99 \u201eDein gr\u00f6\u00dftes Projekt hat gerade begonnen.\u201c Diese niedliche digitale Gl\u00fcckwunschkarte zur Geburt eines Jungen kombiniert liebevolle Baby-Motive mit einer modernen und humorvollen Botschaft.Die s\u00fc\u00dfe Rakete, kleine Babyf\u00fc\u00dfchen und sanften [&hellip;]<\/p>","protected":false},"author":20,"featured_media":21829,"comment_status":"open","ping_status":"closed","template":"","meta":{"_acf_changed":false,"inline_featured_image":false,"footnotes":""},"product_cat":[18,85,533,84,98,100,158,111,169],"product_tag":[279,395,197,146,534,147,148,294],"class_list":["post-22327","product","type-product","status-publish","has-post-thumbnail","hentry","product_cat-eltern","product_cat-abschied-verlaesst-unternehmen","product_cat-abschied-elternzeit","product_cat-anlaesse","product_cat-geburt-kind","product_cat-junge","product_cat-mama","product_cat-mama-papa","product_cat-papa","product_tag-abschied","product_tag-abschiedskarte","product_tag-baby","product_tag-eltern","product_tag-elternzeit","product_tag-mama","product_tag-papa","product_tag-vater","pa_variante-basic","pa_variante-premium"],"acf":[],"_links":{"self":[{"href":"https:\/\/ocardoo.com\/en\/wp-json\/wp\/v2\/product\/22327","targetHints":{"allow":["GET"]}}],"collection":[{"href":"https:\/\/ocardoo.com\/en\/wp-json\/wp\/v2\/product"}],"about":[{"href":"https:\/\/ocardoo.com\/en\/wp-json\/wp\/v2\/types\/product"}],"author":[{"embeddable":true,"href":"https:\/\/ocardoo.com\/en\/wp-json\/wp\/v2\/users\/20"}],"replies":[{"embeddable":true,"href":"https:\/\/ocardoo.com\/en\/wp-json\/wp\/v2\/comments?post=22327"}],"version-history":[{"count":2,"href":"https:\/\/ocardoo.com\/en\/wp-json\/wp\/v2\/product\/22327\/revisions"}],"predecessor-version":[{"id":22331,"href":"https:\/\/ocardoo.com\/en\/wp-json\/wp\/v2\/product\/22327\/revisions\/22331"}],"wp:featuredmedia":[{"embeddable":true,"href":"https:\/\/ocardoo.com\/en\/wp-json\/wp\/v2\/media\/21829"}],"wp:attachment":[{"href":"https:\/\/ocardoo.com\/en\/wp-json\/wp\/v2\/media?parent=22327"}],"wp:term":[{"taxonomy":"product_cat","embeddable":true,"href":"https:\/\/ocardoo.com\/en\/wp-json\/wp\/v2\/product_cat?post=22327"},{"taxonomy":"product_tag","embeddable":true,"href":"https:\/\/ocardoo.com\/en\/wp-json\/wp\/v2\/product_tag?post=22327"}],"curies":[{"name":"wp","href":"https:\/\/api.w.org\/{rel}","templated":true}]}}