{"id":22332,"date":"2026-05-16T21:31:12","date_gmt":"2026-05-16T19:31:12","guid":{"rendered":"https:\/\/ocardoo.com\/?post_type=product&#038;p=22332"},"modified":"2026-05-16T21:34:44","modified_gmt":"2026-05-16T19:34:44","slug":"31287","status":"publish","type":"product","link":"https:\/\/ocardoo.com\/en\/product\/31287\/","title":{"rendered":"Meetings kannst du vergessen \u2013 Windeln nicht | Lustige Babykarte zur Geburt"},"content":{"rendered":"<div class=\"flex max-w-full flex-col gap-4 grow\">\n<div class=\"min-h-8 text-message relative flex w-full flex-col items-end gap-2 text-start break-words whitespace-normal outline-none keyboard-focused:focus-ring [.text-message+&amp;]:mt-1\" dir=\"auto\" tabindex=\"0\" data-message-author-role=\"assistant\" data-message-id=\"c19112fb-4caa-4eaa-bd3b-f202f022be6b\" data-message-model-slug=\"gpt-5-3\" data-turn-start-message=\"true\">\n<div class=\"flex w-full flex-col gap-1 empty:hidden\">\n<div class=\"markdown prose dark:prose-invert w-full wrap-break-word light markdown-new-styling\">\n<p data-start=\"122\" data-end=\"173\">\ud83c\udf7c\ud83d\udc9a \u201eMeetings kannst du vergessen. Windeln nicht.\u201c<\/p>\n<p data-start=\"175\" data-end=\"414\">Diese humorvolle digitale Gl\u00fcckwunschkarte zur Geburt sorgt garantiert f\u00fcr ein L\u00e4cheln.<br data-start=\"262\" data-end=\"265\" \/>Mit niedlichem Fl\u00e4schchen-, Windel- und \u201eGame Changer\u201c-Design ist sie die perfekte Karte f\u00fcr frischgebackene Eltern und besonders f\u00fcr werdende Papas.<\/p>\n<p data-start=\"416\" data-end=\"532\">Ideal f\u00fcr Kollegen, Freunde oder Familie, die einem neuen Papa auf lustige und liebevolle Weise gratulieren m\u00f6chten.<\/p>\n<p data-start=\"534\" data-end=\"763\">\u2728 Gemeinsam online unterschreiben<br data-start=\"567\" data-end=\"570\" \/>Mit Ocardoo gestaltet ihr ganz einfach eine pers\u00f6nliche digitale Gruppenkarte zur Geburt. Freunde, Familie oder Kollegen k\u00f6nnen gemeinsam unterschreiben und individuelle Nachrichten hinzuf\u00fcgen.<\/p>\n<p data-start=\"765\" data-end=\"786\">Perfekt geeignet f\u00fcr:<\/p>\n<ul data-start=\"787\" data-end=\"952\">\n<li data-section-id=\"8u57us\" data-start=\"787\" data-end=\"807\">Geburt eines Babys<\/li>\n<li data-section-id=\"4xs7kk\" data-start=\"808\" data-end=\"824\">werdender Papa<\/li>\n<li data-section-id=\"zr78u\" data-start=\"825\" data-end=\"849\">frischgebackene Eltern<\/li>\n<li data-section-id=\"kzwpcc\" data-start=\"850\" data-end=\"869\">lustige Babykarte<\/li>\n<li data-section-id=\"1rywlcu\" data-start=\"870\" data-end=\"893\">digitale Geburtskarte<\/li>\n<li data-section-id=\"3p59yc\" data-start=\"894\" data-end=\"907\">Baby Shower<\/li>\n<li data-section-id=\"1eh8xy1\" data-start=\"908\" data-end=\"929\">Gruppenkarte Geburt<\/li>\n<li data-section-id=\"143h4s7\" data-start=\"930\" data-end=\"952\">Kollegen &amp; Teamkarte<\/li>\n<\/ul>\n<p data-start=\"954\" data-end=\"971\"><strong data-start=\"954\" data-end=\"969\">Highlights:<\/strong><\/p>\n<p data-start=\"973\" data-end=\"1223\">\u2714 humorvolle Karte zur Geburt<br data-start=\"1002\" data-end=\"1005\" \/>\u2714 modernes Baby-Design in sanften Gr\u00fcnt\u00f6nen<br data-start=\"1048\" data-end=\"1051\" \/>\u2714 perfekt f\u00fcr Papas &amp; Eltern<br data-start=\"1079\" data-end=\"1082\" \/>\u2714 mehrere Personen k\u00f6nnen online unterschreiben<br data-start=\"1129\" data-end=\"1132\" \/>\u2714 pers\u00f6nliche Nachrichten &amp; Fotos m\u00f6glich<br data-start=\"1173\" data-end=\"1176\" \/>\u2714 digital versendbar und als PDF downloadbar<\/p>\n<p data-start=\"1225\" data-end=\"1253\"><strong data-start=\"1225\" data-end=\"1251\">Beliebte Suchbegriffe:<\/strong><\/p>\n<p data-start=\"1255\" data-end=\"1474\">lustige Babykarte, Karte zur Geburt Papa, Meetings kannst du vergessen Windeln nicht, digitale Geburtskarte, Babykarte Junge neutral, Gruppenkarte Geburt, werdender Papa Geschenk, Ocardoo Geburtskarte, moderne Babykarte<\/p>\n<p data-start=\"1476\" data-end=\"1500\"><strong data-start=\"1476\" data-end=\"1498\">So funktioniert\u2019s:<\/strong><\/p>\n<ol data-start=\"1501\" data-end=\"1660\">\n<li data-section-id=\"1fbqmlk\" data-start=\"1501\" data-end=\"1521\">Motiv ausw\u00e4hlen<\/li>\n<li data-section-id=\"1v2d097\" data-start=\"1522\" data-end=\"1575\">Freunde, Familie oder Kollegen per Link einladen<\/li>\n<li data-section-id=\"5hqsc2\" data-start=\"1576\" data-end=\"1612\">Gemeinsam online unterschreiben<\/li>\n<li data-section-id=\"rp3kv7\" data-start=\"1613\" data-end=\"1660\">Karte digital versenden oder herunterladen<\/li>\n<\/ol>\n<p data-start=\"1662\" data-end=\"1693\" data-is-last-node=\"\" data-is-only-node=\"\">\u2728 PERS\u00d6NLICH GEHT AUCH DIGITAL.<\/p>\n<\/div>\n<\/div>\n<\/div>\n<\/div>","protected":false},"excerpt":{"rendered":"<p>\ud83c\udf7c\ud83d\udc9a \u201eMeetings kannst du vergessen. Windeln nicht.\u201c Diese humorvolle digitale Gl\u00fcckwunschkarte zur Geburt sorgt garantiert f\u00fcr ein L\u00e4cheln.Mit niedlichem Fl\u00e4schchen-, Windel- und \u201eGame Changer\u201c-Design ist sie die perfekte Karte f\u00fcr [&hellip;]<\/p>","protected":false},"author":20,"featured_media":21830,"comment_status":"open","ping_status":"closed","template":"","meta":{"_acf_changed":false,"inline_featured_image":false,"footnotes":""},"product_cat":[18,85,533,84,98,100,99,158,111,169],"product_tag":[279,395,197,146,534,147,148,294],"class_list":["post-22332","product","type-product","status-publish","has-post-thumbnail","hentry","product_cat-eltern","product_cat-abschied-verlaesst-unternehmen","product_cat-abschied-elternzeit","product_cat-anlaesse","product_cat-geburt-kind","product_cat-junge","product_cat-maedchen","product_cat-mama","product_cat-mama-papa","product_cat-papa","product_tag-abschied","product_tag-abschiedskarte","product_tag-baby","product_tag-eltern","product_tag-elternzeit","product_tag-mama","product_tag-papa","product_tag-vater","pa_variante-basic","pa_variante-premium"],"acf":[],"_links":{"self":[{"href":"https:\/\/ocardoo.com\/en\/wp-json\/wp\/v2\/product\/22332","targetHints":{"allow":["GET"]}}],"collection":[{"href":"https:\/\/ocardoo.com\/en\/wp-json\/wp\/v2\/product"}],"about":[{"href":"https:\/\/ocardoo.com\/en\/wp-json\/wp\/v2\/types\/product"}],"author":[{"embeddable":true,"href":"https:\/\/ocardoo.com\/en\/wp-json\/wp\/v2\/users\/20"}],"replies":[{"embeddable":true,"href":"https:\/\/ocardoo.com\/en\/wp-json\/wp\/v2\/comments?post=22332"}],"version-history":[{"count":2,"href":"https:\/\/ocardoo.com\/en\/wp-json\/wp\/v2\/product\/22332\/revisions"}],"predecessor-version":[{"id":22336,"href":"https:\/\/ocardoo.com\/en\/wp-json\/wp\/v2\/product\/22332\/revisions\/22336"}],"wp:featuredmedia":[{"embeddable":true,"href":"https:\/\/ocardoo.com\/en\/wp-json\/wp\/v2\/media\/21830"}],"wp:attachment":[{"href":"https:\/\/ocardoo.com\/en\/wp-json\/wp\/v2\/media?parent=22332"}],"wp:term":[{"taxonomy":"product_cat","embeddable":true,"href":"https:\/\/ocardoo.com\/en\/wp-json\/wp\/v2\/product_cat?post=22332"},{"taxonomy":"product_tag","embeddable":true,"href":"https:\/\/ocardoo.com\/en\/wp-json\/wp\/v2\/product_tag?post=22332"}],"curies":[{"name":"wp","href":"https:\/\/api.w.org\/{rel}","templated":true}]}}