{"id":22337,"date":"2026-05-16T21:35:32","date_gmt":"2026-05-16T19:35:32","guid":{"rendered":"https:\/\/ocardoo.com\/?post_type=product&#038;p=22337"},"modified":"2026-05-16T21:38:59","modified_gmt":"2026-05-16T19:38:59","slug":"31288","status":"publish","type":"product","link":"https:\/\/ocardoo.com\/en\/product\/31288\/","title":{"rendered":"Nachtschicht inklusive | Lustige Karte zur Geburt f\u00fcr frischgebackene Papas"},"content":{"rendered":"<div class=\"flex max-w-full flex-col gap-4 grow\">\n<div class=\"min-h-8 text-message relative flex w-full flex-col items-end gap-2 text-start break-words whitespace-normal outline-none keyboard-focused:focus-ring [.text-message+&amp;]:mt-1\" dir=\"auto\" tabindex=\"0\" data-message-author-role=\"assistant\" data-message-id=\"c19112fb-4caa-4eaa-bd3b-f202f022be6b\" data-message-model-slug=\"gpt-5-3\" data-turn-start-message=\"true\">\n<div class=\"flex w-full flex-col gap-1 empty:hidden\">\n<div class=\"markdown prose dark:prose-invert w-full wrap-break-word light markdown-new-styling\">\n<p data-start=\"122\" data-end=\"166\">\ud83d\udc76\u2615 \u201eAb jetzt gilt: Nachtschicht inklusive.\u201c<\/p>\n<p data-start=\"168\" data-end=\"449\">Diese liebevoll-humorvolle Geburtskarte ist perfekt f\u00fcr frischgebackene Papas, die ab sofort Windeln wechseln, kuscheln und mit Kaffee durch die Nacht kommen.<br data-start=\"326\" data-end=\"329\" \/>Mit s\u00fc\u00dfer Illustration, lustigen Spr\u00fcchen und modernem Design sorgt diese digitale Gru\u00dfkarte garantiert f\u00fcr ein L\u00e4cheln.<\/p>\n<p data-start=\"451\" data-end=\"564\">Ideal als pers\u00f6nliche Gl\u00fcckwunschkarte zur Geburt \u2013 von Freunden, Familie oder Kollegen gemeinsam unterschrieben.<\/p>\n<p data-start=\"566\" data-end=\"789\">\u2728 Gemeinsam online unterschreiben<br data-start=\"599\" data-end=\"602\" \/>Mit Ocardoo erstellt ihr ganz einfach eine pers\u00f6nliche digitale Gruppenkarte zur Geburt. Mehrere Personen k\u00f6nnen Nachrichten, W\u00fcnsche und Gr\u00fc\u00dfe hinzuf\u00fcgen \u2013 bequem online und von \u00fcberall.<\/p>\n<p data-start=\"791\" data-end=\"812\">Perfekt geeignet f\u00fcr:<\/p>\n<ul data-start=\"813\" data-end=\"985\">\n<li data-section-id=\"8u57us\" data-start=\"813\" data-end=\"833\">Geburt eines Babys<\/li>\n<li data-section-id=\"f8v41k\" data-start=\"834\" data-end=\"857\">frischgebackener Papa<\/li>\n<li data-section-id=\"kshee8\" data-start=\"858\" data-end=\"875\">werdender Vater<\/li>\n<li data-section-id=\"wy89n8\" data-start=\"876\" data-end=\"898\">lustige Geburtskarte<\/li>\n<li data-section-id=\"a39j02\" data-start=\"899\" data-end=\"921\">Teamkarte zur Geburt<\/li>\n<li data-section-id=\"1q99qkm\" data-start=\"922\" data-end=\"942\">digitale Babykarte<\/li>\n<li data-section-id=\"3p59yc\" data-start=\"943\" data-end=\"956\">Baby Shower<\/li>\n<li data-section-id=\"r6nhhh\" data-start=\"957\" data-end=\"985\">Elternzeit &amp; Familienstart<\/li>\n<\/ul>\n<p data-start=\"987\" data-end=\"1004\"><strong data-start=\"987\" data-end=\"1002\">Highlights:<\/strong><\/p>\n<p data-start=\"1006\" data-end=\"1277\">\u2714 humorvolle Karte f\u00fcr neue Papas<br data-start=\"1039\" data-end=\"1042\" \/>\u2714 modernes Baby-Design in nat\u00fcrlichen Gr\u00fcnt\u00f6nen<br data-start=\"1089\" data-end=\"1092\" \/>\u2714 perfekt f\u00fcr Kollegen, Freunde &amp; Familie<br data-start=\"1133\" data-end=\"1136\" \/>\u2714 mehrere Personen k\u00f6nnen online unterschreiben<br data-start=\"1183\" data-end=\"1186\" \/>\u2714 pers\u00f6nliche Nachrichten &amp; Fotos m\u00f6glich<br data-start=\"1227\" data-end=\"1230\" \/>\u2714 digital versendbar und als PDF downloadbar<\/p>\n<p data-start=\"1279\" data-end=\"1307\"><strong data-start=\"1279\" data-end=\"1305\">Beliebte Suchbegriffe:<\/strong><\/p>\n<p data-start=\"1309\" data-end=\"1541\">lustige Karte zur Geburt Papa, Nachtschicht inklusive Karte, digitale Geburtskarte, frischgebackener Papa Geschenk, Gruppenkarte Geburt, Babykarte Junge neutral, Ocardoo Geburtskarte, moderne Gl\u00fcckwunschkarte Baby, Papa Karte Geburt<\/p>\n<p data-start=\"1543\" data-end=\"1567\"><strong data-start=\"1543\" data-end=\"1565\">So funktioniert\u2019s:<\/strong><\/p>\n<ol data-start=\"1568\" data-end=\"1727\">\n<li data-section-id=\"1fbqmlk\" data-start=\"1568\" data-end=\"1588\">Motiv ausw\u00e4hlen<\/li>\n<li data-section-id=\"1v2d097\" data-start=\"1589\" data-end=\"1642\">Freunde, Familie oder Kollegen per Link einladen<\/li>\n<li data-section-id=\"5hqsc2\" data-start=\"1643\" data-end=\"1679\">Gemeinsam online unterschreiben<\/li>\n<li data-section-id=\"rp3kv7\" data-start=\"1680\" data-end=\"1727\">Karte digital versenden oder herunterladen<\/li>\n<\/ol>\n<p data-start=\"1729\" data-end=\"1760\" data-is-last-node=\"\" data-is-only-node=\"\">\u2728 PERS\u00d6NLICH GEHT AUCH DIGITAL.<\/p>\n<\/div>\n<\/div>\n<\/div>\n<\/div>","protected":false},"excerpt":{"rendered":"<p>\ud83d\udc76\u2615 \u201eAb jetzt gilt: Nachtschicht inklusive.\u201c Diese liebevoll-humorvolle Geburtskarte ist perfekt f\u00fcr frischgebackene Papas, die ab sofort Windeln wechseln, kuscheln und mit Kaffee durch die Nacht kommen.Mit s\u00fc\u00dfer Illustration, lustigen [&hellip;]<\/p>","protected":false},"author":20,"featured_media":21831,"comment_status":"open","ping_status":"closed","template":"","meta":{"_acf_changed":false,"inline_featured_image":false,"footnotes":""},"product_cat":[18,85,533,84,98,100,158,111,169],"product_tag":[279,395,197,146,534,148,294],"class_list":["post-22337","product","type-product","status-publish","has-post-thumbnail","hentry","product_cat-eltern","product_cat-abschied-verlaesst-unternehmen","product_cat-abschied-elternzeit","product_cat-anlaesse","product_cat-geburt-kind","product_cat-junge","product_cat-mama","product_cat-mama-papa","product_cat-papa","product_tag-abschied","product_tag-abschiedskarte","product_tag-baby","product_tag-eltern","product_tag-elternzeit","product_tag-papa","product_tag-vater","pa_variante-basic","pa_variante-premium"],"acf":[],"_links":{"self":[{"href":"https:\/\/ocardoo.com\/en\/wp-json\/wp\/v2\/product\/22337","targetHints":{"allow":["GET"]}}],"collection":[{"href":"https:\/\/ocardoo.com\/en\/wp-json\/wp\/v2\/product"}],"about":[{"href":"https:\/\/ocardoo.com\/en\/wp-json\/wp\/v2\/types\/product"}],"author":[{"embeddable":true,"href":"https:\/\/ocardoo.com\/en\/wp-json\/wp\/v2\/users\/20"}],"replies":[{"embeddable":true,"href":"https:\/\/ocardoo.com\/en\/wp-json\/wp\/v2\/comments?post=22337"}],"version-history":[{"count":2,"href":"https:\/\/ocardoo.com\/en\/wp-json\/wp\/v2\/product\/22337\/revisions"}],"predecessor-version":[{"id":22341,"href":"https:\/\/ocardoo.com\/en\/wp-json\/wp\/v2\/product\/22337\/revisions\/22341"}],"wp:featuredmedia":[{"embeddable":true,"href":"https:\/\/ocardoo.com\/en\/wp-json\/wp\/v2\/media\/21831"}],"wp:attachment":[{"href":"https:\/\/ocardoo.com\/en\/wp-json\/wp\/v2\/media?parent=22337"}],"wp:term":[{"taxonomy":"product_cat","embeddable":true,"href":"https:\/\/ocardoo.com\/en\/wp-json\/wp\/v2\/product_cat?post=22337"},{"taxonomy":"product_tag","embeddable":true,"href":"https:\/\/ocardoo.com\/en\/wp-json\/wp\/v2\/product_tag?post=22337"}],"curies":[{"name":"wp","href":"https:\/\/api.w.org\/{rel}","templated":true}]}}