{"id":22342,"date":"2026-05-16T21:40:26","date_gmt":"2026-05-16T19:40:26","guid":{"rendered":"https:\/\/ocardoo.com\/?post_type=product&#038;p=22342"},"modified":"2026-05-16T21:45:25","modified_gmt":"2026-05-16T19:45:25","slug":"31289","status":"publish","type":"product","link":"https:\/\/ocardoo.com\/en\/product\/31289\/","title":{"rendered":"Nachtschicht inklusive | Liebevolle Karte zur Geburt f\u00fcr frischgebackene Papas"},"content":{"rendered":"<div class=\"flex max-w-full flex-col gap-4 grow\">\n<div class=\"min-h-8 text-message relative flex w-full flex-col items-end gap-2 text-start break-words whitespace-normal outline-none keyboard-focused:focus-ring [.text-message+&amp;]:mt-1\" dir=\"auto\" tabindex=\"0\" data-message-author-role=\"assistant\" data-message-id=\"c19112fb-4caa-4eaa-bd3b-f202f022be6b\" data-message-model-slug=\"gpt-5-3\" data-turn-start-message=\"true\">\n<div class=\"flex w-full flex-col gap-1 empty:hidden\">\n<div class=\"markdown prose dark:prose-invert w-full wrap-break-word light markdown-new-styling\">\n<p data-start=\"125\" data-end=\"170\">\ud83d\udc76\ud83d\udc9a \u201eAb jetzt gilt: Nachtschicht inklusive.\u201c<\/p>\n<p data-start=\"172\" data-end=\"433\">Diese stilvolle und liebevolle Geburtskarte ist das perfekte Geschenk f\u00fcr frischgebackene Papas.<br data-start=\"268\" data-end=\"271\" \/>Mit sanften Naturfarben, niedlichen Baby-Illustrationen und humorvoller Botschaft begleitet diese digitale Gru\u00dfkarte den Start in das gr\u00f6\u00dfte Abenteuer des Lebens.<\/p>\n<p data-start=\"435\" data-end=\"562\">Ob von Freunden, Familie oder Kollegen \u2013 diese Karte eignet sich ideal, um einem neuen Papa herzlich zur Geburt zu gratulieren.<\/p>\n<p data-start=\"564\" data-end=\"783\">\u2728 Gemeinsam online unterschreiben<br data-start=\"597\" data-end=\"600\" \/>Mit Ocardoo k\u00f6nnt ihr ganz einfach eine pers\u00f6nliche digitale Gruppenkarte zur Geburt gestalten. Mehrere Personen k\u00f6nnen online unterschreiben und individuelle Gl\u00fcckw\u00fcnsche hinzuf\u00fcgen.<\/p>\n<p data-start=\"785\" data-end=\"806\">Perfekt geeignet f\u00fcr:<\/p>\n<ul data-start=\"807\" data-end=\"998\">\n<li data-section-id=\"ypn85g\" data-start=\"807\" data-end=\"829\">Geburt eines Babys<\/li>\n<li data-section-id=\"1gxwi0o\" data-start=\"830\" data-end=\"855\">frischgebackener Papa<\/li>\n<li data-section-id=\"1hsiza8\" data-start=\"856\" data-end=\"875\">werdender Vater<\/li>\n<li data-section-id=\"1fj8e4u\" data-start=\"876\" data-end=\"890\">Elternzeit<\/li>\n<li data-section-id=\"1olfy2n\" data-start=\"891\" data-end=\"918\">Babykarte Junge neutral<\/li>\n<li data-section-id=\"1glka72\" data-start=\"919\" data-end=\"944\">digitale Geburtskarte<\/li>\n<li data-section-id=\"16rexok\" data-start=\"945\" data-end=\"972\">Gruppenkarte zur Geburt<\/li>\n<li data-section-id=\"nxfnzm\" data-start=\"973\" data-end=\"998\">Gl\u00fcckwunschkarte Baby<\/li>\n<\/ul>\n<p data-start=\"1000\" data-end=\"1017\"><strong data-start=\"1000\" data-end=\"1015\">Highlights:<\/strong><\/p>\n<p data-start=\"1019\" data-end=\"1304\">\u2714 liebevolles &amp; modernes Design<br data-start=\"1050\" data-end=\"1053\" \/>\u2714 perfekt f\u00fcr frischgebackene Papas<br data-start=\"1088\" data-end=\"1091\" \/>\u2714 mehrere Personen k\u00f6nnen online unterschreiben<br data-start=\"1138\" data-end=\"1141\" \/>\u2714 pers\u00f6nliche Nachrichten &amp; Fotos m\u00f6glich<br data-start=\"1182\" data-end=\"1185\" \/>\u2714 flexibel nutzbar \u2013 digital versenden und zus\u00e4tzlich als PDF herunterladen<br data-start=\"1260\" data-end=\"1263\" \/>\u2714 ideal f\u00fcr Freunde, Familie &amp; Kollegen<\/p>\n<p data-start=\"1306\" data-end=\"1334\"><strong data-start=\"1306\" data-end=\"1332\">Beliebte Suchbegriffe:<\/strong><\/p>\n<p data-start=\"1336\" data-end=\"1561\">Karte zur Geburt Papa, Nachtschicht inklusive Karte, digitale Geburtskarte, frischgebackener Papa Geschenk, Gruppenkarte Geburt, moderne Babykarte, Ocardoo Geburtskarte, Gl\u00fcckwunschkarte Baby, Elternzeit Karte, Papa Babykarte<\/p>\n<p data-start=\"1563\" data-end=\"1587\"><strong data-start=\"1563\" data-end=\"1585\">So funktioniert\u2019s:<\/strong><\/p>\n<ol data-start=\"1588\" data-end=\"1765\">\n<li data-section-id=\"1fbqmlk\" data-start=\"1588\" data-end=\"1608\">Motiv ausw\u00e4hlen<\/li>\n<li data-section-id=\"1v2d097\" data-start=\"1609\" data-end=\"1662\">Freunde, Familie oder Kollegen per Link einladen<\/li>\n<li data-section-id=\"5hqsc2\" data-start=\"1663\" data-end=\"1699\">Gemeinsam online unterschreiben<\/li>\n<li data-section-id=\"pdd2us\" data-start=\"1700\" data-end=\"1765\">Karte digital versenden und zus\u00e4tzlich als PDF herunterladen<\/li>\n<\/ol>\n<p data-start=\"1767\" data-end=\"1798\" data-is-last-node=\"\" data-is-only-node=\"\">\u2728 PERS\u00d6NLICH GEHT AUCH DIGITAL.<\/p>\n<\/div>\n<\/div>\n<\/div>\n<\/div>","protected":false},"excerpt":{"rendered":"<p>\ud83d\udc76\ud83d\udc9a \u201eAb jetzt gilt: Nachtschicht inklusive.\u201c Diese stilvolle und liebevolle Geburtskarte ist das perfekte Geschenk f\u00fcr frischgebackene Papas.Mit sanften Naturfarben, niedlichen Baby-Illustrationen und humorvoller Botschaft begleitet diese digitale Gru\u00dfkarte den [&hellip;]<\/p>","protected":false},"author":20,"featured_media":21832,"comment_status":"open","ping_status":"closed","template":"","meta":{"_acf_changed":false,"inline_featured_image":false,"footnotes":""},"product_cat":[18,85,533,84,98,100,158,111,169],"product_tag":[279,395,197,146,534,148,294],"class_list":["post-22342","product","type-product","status-publish","has-post-thumbnail","hentry","product_cat-eltern","product_cat-abschied-verlaesst-unternehmen","product_cat-abschied-elternzeit","product_cat-anlaesse","product_cat-geburt-kind","product_cat-junge","product_cat-mama","product_cat-mama-papa","product_cat-papa","product_tag-abschied","product_tag-abschiedskarte","product_tag-baby","product_tag-eltern","product_tag-elternzeit","product_tag-papa","product_tag-vater","pa_variante-basic","pa_variante-premium"],"acf":[],"_links":{"self":[{"href":"https:\/\/ocardoo.com\/en\/wp-json\/wp\/v2\/product\/22342","targetHints":{"allow":["GET"]}}],"collection":[{"href":"https:\/\/ocardoo.com\/en\/wp-json\/wp\/v2\/product"}],"about":[{"href":"https:\/\/ocardoo.com\/en\/wp-json\/wp\/v2\/types\/product"}],"author":[{"embeddable":true,"href":"https:\/\/ocardoo.com\/en\/wp-json\/wp\/v2\/users\/20"}],"replies":[{"embeddable":true,"href":"https:\/\/ocardoo.com\/en\/wp-json\/wp\/v2\/comments?post=22342"}],"version-history":[{"count":2,"href":"https:\/\/ocardoo.com\/en\/wp-json\/wp\/v2\/product\/22342\/revisions"}],"predecessor-version":[{"id":22346,"href":"https:\/\/ocardoo.com\/en\/wp-json\/wp\/v2\/product\/22342\/revisions\/22346"}],"wp:featuredmedia":[{"embeddable":true,"href":"https:\/\/ocardoo.com\/en\/wp-json\/wp\/v2\/media\/21832"}],"wp:attachment":[{"href":"https:\/\/ocardoo.com\/en\/wp-json\/wp\/v2\/media?parent=22342"}],"wp:term":[{"taxonomy":"product_cat","embeddable":true,"href":"https:\/\/ocardoo.com\/en\/wp-json\/wp\/v2\/product_cat?post=22342"},{"taxonomy":"product_tag","embeddable":true,"href":"https:\/\/ocardoo.com\/en\/wp-json\/wp\/v2\/product_tag?post=22342"}],"curies":[{"name":"wp","href":"https:\/\/api.w.org\/{rel}","templated":true}]}}