{"id":22347,"date":"2026-05-16T21:46:04","date_gmt":"2026-05-16T19:46:04","guid":{"rendered":"https:\/\/ocardoo.com\/?post_type=product&#038;p=22347"},"modified":"2026-05-16T21:49:26","modified_gmt":"2026-05-16T19:49:26","slug":"31290","status":"publish","type":"product","link":"https:\/\/ocardoo.com\/en\/product\/31290\/","title":{"rendered":"Nachtschicht inklusive | S\u00fc\u00dfe Karte zur Geburt eines M\u00e4dchens f\u00fcr frischgebackene Papas"},"content":{"rendered":"<div class=\"flex max-w-full flex-col gap-4 grow\">\n<div class=\"min-h-8 text-message relative flex w-full flex-col items-end gap-2 text-start break-words whitespace-normal outline-none keyboard-focused:focus-ring [.text-message+&amp;]:mt-1\" dir=\"auto\" tabindex=\"0\" data-message-author-role=\"assistant\" data-message-id=\"c19112fb-4caa-4eaa-bd3b-f202f022be6b\" data-message-model-slug=\"gpt-5-3\" data-turn-start-message=\"true\">\n<div class=\"flex w-full flex-col gap-1 empty:hidden\">\n<div class=\"markdown prose dark:prose-invert w-full wrap-break-word light markdown-new-styling\">\n<p data-start=\"134\" data-end=\"179\">\ud83d\udc76\ud83c\udf80 \u201eAb jetzt gilt: Nachtschicht inklusive.\u201c<\/p>\n<p data-start=\"181\" data-end=\"466\">Diese liebevoll gestaltete digitale Geburtskarte ist perfekt f\u00fcr frischgebackene Papas kleiner M\u00e4dchen.<br data-start=\"284\" data-end=\"287\" \/>Mit zarten Rosat\u00f6nen, niedlichen Baby-Illustrationen und humorvoller Botschaft begleitet diese Karte den Start in ein ganz neues Abenteuer voller Liebe, Kuscheln und wenig Schlaf.<\/p>\n<p data-start=\"468\" data-end=\"576\">Ideal als pers\u00f6nliche Gl\u00fcckwunschkarte von Freunden, Familie oder Kollegen zur Geburt einer kleinen Tochter.<\/p>\n<p data-start=\"578\" data-end=\"797\">\u2728 Gemeinsam online unterschreiben<br data-start=\"611\" data-end=\"614\" \/>Mit Ocardoo k\u00f6nnt ihr ganz einfach eine pers\u00f6nliche digitale Gruppenkarte zur Geburt gestalten. Mehrere Personen k\u00f6nnen online unterschreiben und individuelle Gl\u00fcckw\u00fcnsche hinzuf\u00fcgen.<\/p>\n<p data-start=\"799\" data-end=\"820\">Perfekt geeignet f\u00fcr:<\/p>\n<ul data-start=\"821\" data-end=\"1027\">\n<li data-section-id=\"1p89ipd\" data-start=\"821\" data-end=\"846\">Geburt eines M\u00e4dchens<\/li>\n<li data-section-id=\"1gxwi0o\" data-start=\"847\" data-end=\"872\">frischgebackener Papa<\/li>\n<li data-section-id=\"1hsiza8\" data-start=\"873\" data-end=\"892\">werdender Vater<\/li>\n<li data-section-id=\"ib6l5r\" data-start=\"893\" data-end=\"926\">Gl\u00fcckwunschkarte Baby M\u00e4dchen<\/li>\n<li data-section-id=\"1glka72\" data-start=\"927\" data-end=\"952\">digitale Geburtskarte<\/li>\n<li data-section-id=\"16rexok\" data-start=\"953\" data-end=\"980\">Gruppenkarte zur Geburt<\/li>\n<li data-section-id=\"1dyb06c\" data-start=\"981\" data-end=\"996\">Baby Shower<\/li>\n<li data-section-id=\"1jdl2yt\" data-start=\"997\" data-end=\"1027\">Elternzeit &amp; Familienstart<\/li>\n<\/ul>\n<p data-start=\"1029\" data-end=\"1046\"><strong data-start=\"1029\" data-end=\"1044\">Highlights:<\/strong><\/p>\n<p data-start=\"1048\" data-end=\"1355\">\u2714 liebevolles Design in sanften Rosat\u00f6nen<br data-start=\"1089\" data-end=\"1092\" \/>\u2714 perfekt f\u00fcr frischgebackene Papas von M\u00e4dchen<br data-start=\"1139\" data-end=\"1142\" \/>\u2714 mehrere Personen k\u00f6nnen online unterschreiben<br data-start=\"1189\" data-end=\"1192\" \/>\u2714 pers\u00f6nliche Nachrichten &amp; Fotos m\u00f6glich<br data-start=\"1233\" data-end=\"1236\" \/>\u2714 flexibel nutzbar \u2013 digital versenden und zus\u00e4tzlich als PDF herunterladen<br data-start=\"1311\" data-end=\"1314\" \/>\u2714 ideal f\u00fcr Freunde, Familie &amp; Kollegen<\/p>\n<p data-start=\"1357\" data-end=\"1385\"><strong data-start=\"1357\" data-end=\"1383\">Beliebte Suchbegriffe:<\/strong><\/p>\n<p data-start=\"1387\" data-end=\"1631\">Karte zur Geburt M\u00e4dchen, Nachtschicht inklusive Karte, digitale Geburtskarte M\u00e4dchen, frischgebackener Papa Geschenk, Gruppenkarte Geburt, Babykarte M\u00e4dchen, Ocardoo Geburtskarte, Gl\u00fcckwunschkarte Baby M\u00e4dchen, Elternzeit Karte, Papa Babykarte<\/p>\n<p data-start=\"1633\" data-end=\"1657\"><strong data-start=\"1633\" data-end=\"1655\">So funktioniert\u2019s:<\/strong><\/p>\n<ol data-start=\"1658\" data-end=\"1835\">\n<li data-section-id=\"1fbqmlk\" data-start=\"1658\" data-end=\"1678\">Motiv ausw\u00e4hlen<\/li>\n<li data-section-id=\"1v2d097\" data-start=\"1679\" data-end=\"1732\">Freunde, Familie oder Kollegen per Link einladen<\/li>\n<li data-section-id=\"5hqsc2\" data-start=\"1733\" data-end=\"1769\">Gemeinsam online unterschreiben<\/li>\n<li data-section-id=\"pdd2us\" data-start=\"1770\" data-end=\"1835\">Karte digital versenden und zus\u00e4tzlich als PDF herunterladen<\/li>\n<\/ol>\n<p data-start=\"1837\" data-end=\"1868\" data-is-last-node=\"\" data-is-only-node=\"\">\u2728 PERS\u00d6NLICH GEHT AUCH DIGITAL<\/p>\n<\/div>\n<\/div>\n<\/div>\n<\/div>","protected":false},"excerpt":{"rendered":"<p>\ud83d\udc76\ud83c\udf80 \u201eAb jetzt gilt: Nachtschicht inklusive.\u201c Diese liebevoll gestaltete digitale Geburtskarte ist perfekt f\u00fcr frischgebackene Papas kleiner M\u00e4dchen.Mit zarten Rosat\u00f6nen, niedlichen Baby-Illustrationen und humorvoller Botschaft begleitet diese Karte den Start [&hellip;]<\/p>","protected":false},"author":20,"featured_media":21833,"comment_status":"open","ping_status":"closed","template":"","meta":{"_acf_changed":false,"inline_featured_image":false,"footnotes":""},"product_cat":[18,85,533,84,98,100,158,111,169],"product_tag":[279,395,197,146,534,148,294],"class_list":["post-22347","product","type-product","status-publish","has-post-thumbnail","hentry","product_cat-eltern","product_cat-abschied-verlaesst-unternehmen","product_cat-abschied-elternzeit","product_cat-anlaesse","product_cat-geburt-kind","product_cat-junge","product_cat-mama","product_cat-mama-papa","product_cat-papa","product_tag-abschied","product_tag-abschiedskarte","product_tag-baby","product_tag-eltern","product_tag-elternzeit","product_tag-papa","product_tag-vater","pa_variante-basic","pa_variante-premium"],"acf":[],"_links":{"self":[{"href":"https:\/\/ocardoo.com\/en\/wp-json\/wp\/v2\/product\/22347","targetHints":{"allow":["GET"]}}],"collection":[{"href":"https:\/\/ocardoo.com\/en\/wp-json\/wp\/v2\/product"}],"about":[{"href":"https:\/\/ocardoo.com\/en\/wp-json\/wp\/v2\/types\/product"}],"author":[{"embeddable":true,"href":"https:\/\/ocardoo.com\/en\/wp-json\/wp\/v2\/users\/20"}],"replies":[{"embeddable":true,"href":"https:\/\/ocardoo.com\/en\/wp-json\/wp\/v2\/comments?post=22347"}],"version-history":[{"count":2,"href":"https:\/\/ocardoo.com\/en\/wp-json\/wp\/v2\/product\/22347\/revisions"}],"predecessor-version":[{"id":22351,"href":"https:\/\/ocardoo.com\/en\/wp-json\/wp\/v2\/product\/22347\/revisions\/22351"}],"wp:featuredmedia":[{"embeddable":true,"href":"https:\/\/ocardoo.com\/en\/wp-json\/wp\/v2\/media\/21833"}],"wp:attachment":[{"href":"https:\/\/ocardoo.com\/en\/wp-json\/wp\/v2\/media?parent=22347"}],"wp:term":[{"taxonomy":"product_cat","embeddable":true,"href":"https:\/\/ocardoo.com\/en\/wp-json\/wp\/v2\/product_cat?post=22347"},{"taxonomy":"product_tag","embeddable":true,"href":"https:\/\/ocardoo.com\/en\/wp-json\/wp\/v2\/product_tag?post=22347"}],"curies":[{"name":"wp","href":"https:\/\/api.w.org\/{rel}","templated":true}]}}