{"id":22352,"date":"2026-05-16T21:51:21","date_gmt":"2026-05-16T19:51:21","guid":{"rendered":"https:\/\/ocardoo.com\/?post_type=product&#038;p=22352"},"modified":"2026-05-16T21:55:39","modified_gmt":"2026-05-16T19:55:39","slug":"31291","status":"publish","type":"product","link":"https:\/\/ocardoo.com\/en\/product\/31291\/","title":{"rendered":"Nachtschicht inklusive | S\u00fc\u00dfe Karte zur Geburt eines Jungen f\u00fcr frischgebackene Papas"},"content":{"rendered":"<div class=\"flex max-w-full flex-col gap-4 grow\">\n<div class=\"min-h-8 text-message relative flex w-full flex-col items-end gap-2 text-start break-words whitespace-normal outline-none keyboard-focused:focus-ring [.text-message+&amp;]:mt-1\" dir=\"auto\" tabindex=\"0\" data-message-author-role=\"assistant\" data-message-id=\"c19112fb-4caa-4eaa-bd3b-f202f022be6b\" data-message-model-slug=\"gpt-5-3\" data-turn-start-message=\"true\">\n<div class=\"flex w-full flex-col gap-1 empty:hidden\">\n<div class=\"markdown prose dark:prose-invert w-full wrap-break-word light markdown-new-styling\">\n<p data-start=\"132\" data-end=\"177\">\ud83d\udc76\ud83d\udc99 \u201eAb jetzt gilt: Nachtschicht inklusive.\u201c<\/p>\n<p data-start=\"179\" data-end=\"458\">Diese liebevoll gestaltete digitale Geburtskarte ist perfekt f\u00fcr frischgebackene Papas kleiner Jungs.<br data-start=\"280\" data-end=\"283\" \/>Mit sanften Blaut\u00f6nen, niedlichen Baby-Illustrationen und humorvoller Botschaft begleitet diese Karte den Start in ein neues Abenteuer voller Liebe, Kuscheln und wenig Schlaf.<\/p>\n<p data-start=\"460\" data-end=\"567\">Ideal als pers\u00f6nliche Gl\u00fcckwunschkarte von Freunden, Familie oder Kollegen zur Geburt eines kleinen Sohnes.<\/p>\n<p data-start=\"569\" data-end=\"788\">\u2728 Gemeinsam online unterschreiben<br data-start=\"602\" data-end=\"605\" \/>Mit Ocardoo k\u00f6nnt ihr ganz einfach eine pers\u00f6nliche digitale Gruppenkarte zur Geburt gestalten. Mehrere Personen k\u00f6nnen online unterschreiben und individuelle Gl\u00fcckw\u00fcnsche hinzuf\u00fcgen.<\/p>\n<p data-start=\"790\" data-end=\"811\">Perfekt geeignet f\u00fcr:<\/p>\n<ul data-start=\"812\" data-end=\"1014\">\n<li data-section-id=\"wlfyuq\" data-start=\"812\" data-end=\"835\">Geburt eines Jungen<\/li>\n<li data-section-id=\"1gxwi0o\" data-start=\"836\" data-end=\"861\">frischgebackener Papa<\/li>\n<li data-section-id=\"1hsiza8\" data-start=\"862\" data-end=\"881\">werdender Vater<\/li>\n<li data-section-id=\"1c8lo5d\" data-start=\"882\" data-end=\"913\">Gl\u00fcckwunschkarte Baby Junge<\/li>\n<li data-section-id=\"1glka72\" data-start=\"914\" data-end=\"939\">digitale Geburtskarte<\/li>\n<li data-section-id=\"16rexok\" data-start=\"940\" data-end=\"967\">Gruppenkarte zur Geburt<\/li>\n<li data-section-id=\"1dyb06c\" data-start=\"968\" data-end=\"983\">Baby Shower<\/li>\n<li data-section-id=\"1jdl2yt\" data-start=\"984\" data-end=\"1014\">Elternzeit &amp; Familienstart<\/li>\n<\/ul>\n<p data-start=\"1016\" data-end=\"1033\"><strong data-start=\"1016\" data-end=\"1031\">Highlights:<\/strong><\/p>\n<p data-start=\"1035\" data-end=\"1341\">\u2714 liebevolles Design in sanften Blaut\u00f6nen<br data-start=\"1076\" data-end=\"1079\" \/>\u2714 perfekt f\u00fcr frischgebackene Papas von Jungen<br data-start=\"1125\" data-end=\"1128\" \/>\u2714 mehrere Personen k\u00f6nnen online unterschreiben<br data-start=\"1175\" data-end=\"1178\" \/>\u2714 pers\u00f6nliche Nachrichten &amp; Fotos m\u00f6glich<br data-start=\"1219\" data-end=\"1222\" \/>\u2714 flexibel nutzbar \u2013 digital versenden und zus\u00e4tzlich als PDF herunterladen<br data-start=\"1297\" data-end=\"1300\" \/>\u2714 ideal f\u00fcr Freunde, Familie &amp; Kollegen<\/p>\n<p data-start=\"1343\" data-end=\"1371\"><strong data-start=\"1343\" data-end=\"1369\">Beliebte Suchbegriffe:<\/strong><\/p>\n<p data-start=\"1373\" data-end=\"1609\">Karte zur Geburt Junge, Nachtschicht inklusive Karte, digitale Geburtskarte Junge, frischgebackener Papa Geschenk, Gruppenkarte Geburt, Babykarte Junge, Ocardoo Geburtskarte, Gl\u00fcckwunschkarte Baby Junge, Elternzeit Karte, Papa Babykarte<\/p>\n<\/div>\n<\/div>\n<\/div>\n<\/div>","protected":false},"excerpt":{"rendered":"<p>\ud83d\udc76\ud83d\udc99 \u201eAb jetzt gilt: Nachtschicht inklusive.\u201c Diese liebevoll gestaltete digitale Geburtskarte ist perfekt f\u00fcr frischgebackene Papas kleiner Jungs.Mit sanften Blaut\u00f6nen, niedlichen Baby-Illustrationen und humorvoller Botschaft begleitet diese Karte den Start [&hellip;]<\/p>","protected":false},"author":20,"featured_media":21834,"comment_status":"open","ping_status":"closed","template":"","meta":{"_acf_changed":false,"inline_featured_image":false,"footnotes":""},"product_cat":[18,85,533,84,98,100,158,111,169],"product_tag":[279,395,197,146,534,148,294],"class_list":["post-22352","product","type-product","status-publish","has-post-thumbnail","hentry","product_cat-eltern","product_cat-abschied-verlaesst-unternehmen","product_cat-abschied-elternzeit","product_cat-anlaesse","product_cat-geburt-kind","product_cat-junge","product_cat-mama","product_cat-mama-papa","product_cat-papa","product_tag-abschied","product_tag-abschiedskarte","product_tag-baby","product_tag-eltern","product_tag-elternzeit","product_tag-papa","product_tag-vater","pa_variante-basic","pa_variante-premium"],"acf":[],"_links":{"self":[{"href":"https:\/\/ocardoo.com\/en\/wp-json\/wp\/v2\/product\/22352","targetHints":{"allow":["GET"]}}],"collection":[{"href":"https:\/\/ocardoo.com\/en\/wp-json\/wp\/v2\/product"}],"about":[{"href":"https:\/\/ocardoo.com\/en\/wp-json\/wp\/v2\/types\/product"}],"author":[{"embeddable":true,"href":"https:\/\/ocardoo.com\/en\/wp-json\/wp\/v2\/users\/20"}],"replies":[{"embeddable":true,"href":"https:\/\/ocardoo.com\/en\/wp-json\/wp\/v2\/comments?post=22352"}],"version-history":[{"count":2,"href":"https:\/\/ocardoo.com\/en\/wp-json\/wp\/v2\/product\/22352\/revisions"}],"predecessor-version":[{"id":22356,"href":"https:\/\/ocardoo.com\/en\/wp-json\/wp\/v2\/product\/22352\/revisions\/22356"}],"wp:featuredmedia":[{"embeddable":true,"href":"https:\/\/ocardoo.com\/en\/wp-json\/wp\/v2\/media\/21834"}],"wp:attachment":[{"href":"https:\/\/ocardoo.com\/en\/wp-json\/wp\/v2\/media?parent=22352"}],"wp:term":[{"taxonomy":"product_cat","embeddable":true,"href":"https:\/\/ocardoo.com\/en\/wp-json\/wp\/v2\/product_cat?post=22352"},{"taxonomy":"product_tag","embeddable":true,"href":"https:\/\/ocardoo.com\/en\/wp-json\/wp\/v2\/product_tag?post=22352"}],"curies":[{"name":"wp","href":"https:\/\/api.w.org\/{rel}","templated":true}]}}