{"id":22357,"date":"2026-05-16T21:57:43","date_gmt":"2026-05-16T19:57:43","guid":{"rendered":"https:\/\/ocardoo.com\/?post_type=product&#038;p=22357"},"modified":"2026-05-16T22:00:22","modified_gmt":"2026-05-16T20:00:22","slug":"31292","status":"publish","type":"product","link":"https:\/\/ocardoo.com\/en\/product\/31292\/","title":{"rendered":"Dein gr\u00f6\u00dftes Projekt hat gerade begonnen | S\u00fc\u00dfe Karte zur Geburt eines Jungen"},"content":{"rendered":"<div class=\"flex max-w-full flex-col gap-4 grow\">\n<div class=\"min-h-8 text-message relative flex w-full flex-col items-end gap-2 text-start break-words whitespace-normal outline-none keyboard-focused:focus-ring [.text-message+&amp;]:mt-1\" dir=\"auto\" tabindex=\"0\" data-message-author-role=\"assistant\" data-message-id=\"c19112fb-4caa-4eaa-bd3b-f202f022be6b\" data-message-model-slug=\"gpt-5-3\" data-turn-start-message=\"true\">\n<div class=\"flex w-full flex-col gap-1 empty:hidden\">\n<div class=\"markdown prose dark:prose-invert w-full wrap-break-word light markdown-new-styling\">\n<p data-start=\"124\" data-end=\"172\">\ud83d\udc76\ud83d\udc99 \u201eDein gr\u00f6\u00dftes Projekt hat gerade begonnen.\u201c<\/p>\n<p data-start=\"174\" data-end=\"464\">Diese liebevoll gestaltete digitale Geburtskarte ist die perfekte Gl\u00fcckwunschkarte zur Geburt eines kleinen Jungen.<br data-start=\"289\" data-end=\"292\" \/>Mit niedlichen Illustrationen, sanften Blaut\u00f6nen und einer liebevollen Botschaft begleitet diese Karte frischgebackene Eltern auf dem Start in ihr wohl sch\u00f6nstes Abenteuer.<\/p>\n<p data-start=\"466\" data-end=\"614\">Besonders passend f\u00fcr Papas, Kollegen, Freunde oder Familienmitglieder, die ihre Gl\u00fcckw\u00fcnsche auf pers\u00f6nliche und moderne Weise \u00fcbermitteln m\u00f6chten.<\/p>\n<p data-start=\"616\" data-end=\"854\">\u2728 Gemeinsam online unterschreiben<br data-start=\"649\" data-end=\"652\" \/>Mit Ocardoo k\u00f6nnt ihr ganz einfach eine pers\u00f6nliche digitale Gruppenkarte zur Geburt gestalten. Mehrere Personen k\u00f6nnen online unterschreiben und individuelle Nachrichten, W\u00fcnsche oder Fotos hinzuf\u00fcgen.<\/p>\n<p data-start=\"856\" data-end=\"877\">Perfekt geeignet f\u00fcr:<\/p>\n<ul data-start=\"878\" data-end=\"1080\">\n<li data-section-id=\"wlfyuq\" data-start=\"878\" data-end=\"901\">Geburt eines Jungen<\/li>\n<li data-section-id=\"1c8lo5d\" data-start=\"902\" data-end=\"933\">Gl\u00fcckwunschkarte Baby Junge<\/li>\n<li data-section-id=\"g55bse\" data-start=\"934\" data-end=\"960\">frischgebackene Eltern<\/li>\n<li data-section-id=\"1emwxg4\" data-start=\"961\" data-end=\"979\">werdender Papa<\/li>\n<li data-section-id=\"1glka72\" data-start=\"980\" data-end=\"1005\">digitale Geburtskarte<\/li>\n<li data-section-id=\"16rexok\" data-start=\"1006\" data-end=\"1033\">Gruppenkarte zur Geburt<\/li>\n<li data-section-id=\"1dyb06c\" data-start=\"1034\" data-end=\"1049\">Baby Shower<\/li>\n<li data-section-id=\"1jdl2yt\" data-start=\"1050\" data-end=\"1080\">Elternzeit &amp; Familienstart<\/li>\n<\/ul>\n<p data-start=\"1082\" data-end=\"1099\"><strong data-start=\"1082\" data-end=\"1097\">Highlights:<\/strong><\/p>\n<p data-start=\"1101\" data-end=\"1398\">\u2714 liebevolles Design in sanften Blaut\u00f6nen<br data-start=\"1142\" data-end=\"1145\" \/>\u2714 moderne &amp; emotionale Geburtskarte<br data-start=\"1180\" data-end=\"1183\" \/>\u2714 mehrere Personen k\u00f6nnen online unterschreiben<br data-start=\"1230\" data-end=\"1233\" \/>\u2714 pers\u00f6nliche Nachrichten &amp; Fotos m\u00f6glich<br data-start=\"1274\" data-end=\"1277\" \/>\u2714 flexibel nutzbar \u2013 digital versenden und zus\u00e4tzlich als PDF herunterladen<br data-start=\"1352\" data-end=\"1355\" \/>\u2714 perfekt f\u00fcr Familie, Freunde &amp; Kollegen<\/p>\n<p data-start=\"1400\" data-end=\"1428\"><strong data-start=\"1400\" data-end=\"1426\">Beliebte Suchbegriffe:<\/strong><\/p>\n<p data-start=\"1430\" data-end=\"1681\">Karte zur Geburt Junge, Dein gr\u00f6\u00dftes Projekt hat gerade begonnen, digitale Geburtskarte Junge, Gruppenkarte Geburt, Babykarte Junge, Ocardoo Geburtskarte, Gl\u00fcckwunschkarte Baby Junge, frischgebackener Papa Geschenk, moderne Babykarte, Elternzeit Karte<\/p>\n<p data-start=\"1683\" data-end=\"1707\"><strong data-start=\"1683\" data-end=\"1705\">So funktioniert\u2019s:<\/strong><\/p>\n<ol data-start=\"1708\" data-end=\"1885\">\n<li data-section-id=\"1fbqmlk\" data-start=\"1708\" data-end=\"1728\">Motiv ausw\u00e4hlen<\/li>\n<li data-section-id=\"1v2d097\" data-start=\"1729\" data-end=\"1782\">Freunde, Familie oder Kollegen per Link einladen<\/li>\n<li data-section-id=\"5hqsc2\" data-start=\"1783\" data-end=\"1819\">Gemeinsam online unterschreiben<\/li>\n<li data-section-id=\"pdd2us\" data-start=\"1820\" data-end=\"1885\">Karte digital versenden und zus\u00e4tzlich als PDF herunterladen<\/li>\n<\/ol>\n<p data-start=\"1887\" data-end=\"1918\" data-is-last-node=\"\" data-is-only-node=\"\">\u2728 PERS\u00d6NLICH GEHT AUCH DIGITAL.<\/p>\n<\/div>\n<\/div>\n<\/div>\n<\/div>","protected":false},"excerpt":{"rendered":"<p>\ud83d\udc76\ud83d\udc99 \u201eDein gr\u00f6\u00dftes Projekt hat gerade begonnen.\u201c Diese liebevoll gestaltete digitale Geburtskarte ist die perfekte Gl\u00fcckwunschkarte zur Geburt eines kleinen Jungen.Mit niedlichen Illustrationen, sanften Blaut\u00f6nen und einer liebevollen Botschaft begleitet [&hellip;]<\/p>","protected":false},"author":20,"featured_media":21835,"comment_status":"open","ping_status":"closed","template":"","meta":{"_acf_changed":false,"inline_featured_image":false,"footnotes":""},"product_cat":[18,85,533,84,98,100,158,111,169],"product_tag":[279,395,197,146,534,148,294],"class_list":["post-22357","product","type-product","status-publish","has-post-thumbnail","hentry","product_cat-eltern","product_cat-abschied-verlaesst-unternehmen","product_cat-abschied-elternzeit","product_cat-anlaesse","product_cat-geburt-kind","product_cat-junge","product_cat-mama","product_cat-mama-papa","product_cat-papa","product_tag-abschied","product_tag-abschiedskarte","product_tag-baby","product_tag-eltern","product_tag-elternzeit","product_tag-papa","product_tag-vater","pa_variante-basic","pa_variante-premium"],"acf":[],"_links":{"self":[{"href":"https:\/\/ocardoo.com\/en\/wp-json\/wp\/v2\/product\/22357","targetHints":{"allow":["GET"]}}],"collection":[{"href":"https:\/\/ocardoo.com\/en\/wp-json\/wp\/v2\/product"}],"about":[{"href":"https:\/\/ocardoo.com\/en\/wp-json\/wp\/v2\/types\/product"}],"author":[{"embeddable":true,"href":"https:\/\/ocardoo.com\/en\/wp-json\/wp\/v2\/users\/20"}],"replies":[{"embeddable":true,"href":"https:\/\/ocardoo.com\/en\/wp-json\/wp\/v2\/comments?post=22357"}],"version-history":[{"count":2,"href":"https:\/\/ocardoo.com\/en\/wp-json\/wp\/v2\/product\/22357\/revisions"}],"predecessor-version":[{"id":22361,"href":"https:\/\/ocardoo.com\/en\/wp-json\/wp\/v2\/product\/22357\/revisions\/22361"}],"wp:featuredmedia":[{"embeddable":true,"href":"https:\/\/ocardoo.com\/en\/wp-json\/wp\/v2\/media\/21835"}],"wp:attachment":[{"href":"https:\/\/ocardoo.com\/en\/wp-json\/wp\/v2\/media?parent=22357"}],"wp:term":[{"taxonomy":"product_cat","embeddable":true,"href":"https:\/\/ocardoo.com\/en\/wp-json\/wp\/v2\/product_cat?post=22357"},{"taxonomy":"product_tag","embeddable":true,"href":"https:\/\/ocardoo.com\/en\/wp-json\/wp\/v2\/product_tag?post=22357"}],"curies":[{"name":"wp","href":"https:\/\/api.w.org\/{rel}","templated":true}]}}