{"id":22367,"date":"2026-05-16T22:04:44","date_gmt":"2026-05-16T20:04:44","guid":{"rendered":"https:\/\/ocardoo.com\/?post_type=product&#038;p=22367"},"modified":"2026-05-16T22:08:30","modified_gmt":"2026-05-16T20:08:30","slug":"31294","status":"publish","type":"product","link":"https:\/\/ocardoo.com\/en\/product\/31294\/","title":{"rendered":"Meetings kannst du vergessen. Windeln nicht. | Lustige Karte zur Geburt einer Tochter"},"content":{"rendered":"<div class=\"flex max-w-full flex-col gap-4 grow\">\n<div class=\"min-h-8 text-message relative flex w-full flex-col items-end gap-2 text-start break-words whitespace-normal outline-none keyboard-focused:focus-ring [.text-message+&amp;]:mt-1\" dir=\"auto\" tabindex=\"0\" data-message-author-role=\"assistant\" data-message-id=\"c19112fb-4caa-4eaa-bd3b-f202f022be6b\" data-message-model-slug=\"gpt-5-3\" data-turn-start-message=\"true\">\n<div class=\"flex w-full flex-col gap-1 empty:hidden\">\n<div class=\"markdown prose dark:prose-invert w-full wrap-break-word light markdown-new-styling\">\n<p data-start=\"132\" data-end=\"183\">\ud83d\udc76\ud83c\udf80 \u201eMeetings kannst du vergessen. Windeln nicht.\u201c<\/p>\n<p data-start=\"185\" data-end=\"452\">Diese moderne und humorvolle digitale Geburtskarte ist die perfekte Gl\u00fcckwunschkarte f\u00fcr frischgebackene Papas einer kleinen Tochter.<br data-start=\"318\" data-end=\"321\" \/>Mit ihrem minimalistischen Design, den sanften Rosat\u00f6nen und der emotional-witzigen Botschaft sorgt sie garantiert f\u00fcr ein L\u00e4cheln.<\/p>\n<p data-start=\"454\" data-end=\"613\">Ideal f\u00fcr Kollegen, Freunde oder Familie, die einem neuen Papa liebevolle Gl\u00fcckw\u00fcnsche zur Geburt senden m\u00f6chten \u2013 pers\u00f6nlich, modern und gemeinsam als Gruppe.<\/p>\n<p data-start=\"615\" data-end=\"843\">\u2728 Gemeinsam online unterschreiben<br data-start=\"648\" data-end=\"651\" \/>Mit Ocardoo erstellt ihr ganz einfach eine pers\u00f6nliche digitale Gruppenkarte zur Geburt. Freunde, Familie oder Kollegen k\u00f6nnen gemeinsam unterschreiben und individuelle Nachrichten hinzuf\u00fcgen.<\/p>\n<p data-start=\"845\" data-end=\"866\">Perfekt geeignet f\u00fcr:<\/p>\n<ul data-start=\"867\" data-end=\"1086\">\n<li data-section-id=\"1xfb63h\" data-start=\"867\" data-end=\"891\">Geburt einer Tochter<\/li>\n<li data-section-id=\"1q4jof6\" data-start=\"892\" data-end=\"921\">Gl\u00fcckwunschkarte f\u00fcr Papa<\/li>\n<li data-section-id=\"1hsiza8\" data-start=\"922\" data-end=\"941\">werdender Vater<\/li>\n<li data-section-id=\"3rwfxv\" data-start=\"942\" data-end=\"975\">digitale Geburtskarte M\u00e4dchen<\/li>\n<li data-section-id=\"16rexok\" data-start=\"976\" data-end=\"1003\">Gruppenkarte zur Geburt<\/li>\n<li data-section-id=\"1fj8e4u\" data-start=\"1004\" data-end=\"1018\">Elternzeit<\/li>\n<li data-section-id=\"1ttd3gd\" data-start=\"1019\" data-end=\"1035\">Baby M\u00e4dchen<\/li>\n<li data-section-id=\"m6bd4z\" data-start=\"1036\" data-end=\"1057\">moderne Babykarte<\/li>\n<li data-section-id=\"y4f1nm\" data-start=\"1058\" data-end=\"1086\">Kollegenkarte zur Geburt<\/li>\n<\/ul>\n<p data-start=\"1088\" data-end=\"1105\"><strong data-start=\"1088\" data-end=\"1103\">Highlights:<\/strong><\/p>\n<p data-start=\"1107\" data-end=\"1385\">\u2714 liebevolles &amp; modernes Design<br data-start=\"1138\" data-end=\"1141\" \/>\u2714 humorvolle Botschaft f\u00fcr frischgebackene Papas<br data-start=\"1189\" data-end=\"1192\" \/>\u2714 mehrere Personen k\u00f6nnen online unterschreiben<br data-start=\"1239\" data-end=\"1242\" \/>\u2714 pers\u00f6nliche Texte &amp; W\u00fcnsche erg\u00e4nzbar<br data-start=\"1281\" data-end=\"1284\" \/>\u2714 digital versendbar und zus\u00e4tzlich als PDF downloadbar<br data-start=\"1339\" data-end=\"1342\" \/>\u2714 perfekt f\u00fcr Familie, Freunde &amp; Kollegen<\/p>\n<p data-start=\"1387\" data-end=\"1415\"><strong data-start=\"1387\" data-end=\"1413\">Beliebte Suchbegriffe:<\/strong><\/p>\n<p data-start=\"1417\" data-end=\"1678\">Meetings kannst du vergessen Windeln nicht, Karte Geburt Tochter, digitale Geburtskarte M\u00e4dchen, Gl\u00fcckwunschkarte Papa Tochter, Gruppenkarte Geburt, moderne Babykarte M\u00e4dchen, Elternzeit Karte Papa, lustige Karte zur Geburt, Ocardoo Geburtskarte, Babykarte Papa<\/p>\n<p data-start=\"1680\" data-end=\"1704\"><strong data-start=\"1680\" data-end=\"1702\">So funktioniert\u2019s:<\/strong><\/p>\n<ol data-start=\"1705\" data-end=\"1882\">\n<li data-section-id=\"1fbqmlk\" data-start=\"1705\" data-end=\"1725\">Motiv ausw\u00e4hlen<\/li>\n<li data-section-id=\"1v2d097\" data-start=\"1726\" data-end=\"1779\">Freunde, Familie oder Kollegen per Link einladen<\/li>\n<li data-section-id=\"5hqsc2\" data-start=\"1780\" data-end=\"1816\">Gemeinsam online unterschreiben<\/li>\n<li data-section-id=\"pdd2us\" data-start=\"1817\" data-end=\"1882\">Karte digital versenden und zus\u00e4tzlich als PDF herunterladen<\/li>\n<\/ol>\n<p data-start=\"1884\" data-end=\"1915\" data-is-last-node=\"\" data-is-only-node=\"\">\u2728 PERS\u00d6NLICH GEHT AUCH DIGITAL.<\/p>\n<\/div>\n<\/div>\n<\/div>\n<\/div>","protected":false},"excerpt":{"rendered":"<p>\ud83d\udc76\ud83c\udf80 \u201eMeetings kannst du vergessen. Windeln nicht.\u201c Diese moderne und humorvolle digitale Geburtskarte ist die perfekte Gl\u00fcckwunschkarte f\u00fcr frischgebackene Papas einer kleinen Tochter.Mit ihrem minimalistischen Design, den sanften Rosat\u00f6nen und [&hellip;]<\/p>","protected":false},"author":20,"featured_media":21837,"comment_status":"open","ping_status":"closed","template":"","meta":{"_acf_changed":false,"inline_featured_image":false,"footnotes":""},"product_cat":[18,85,533,84,98,100,158,111,169],"product_tag":[279,395,197,146,534,148,294],"class_list":["post-22367","product","type-product","status-publish","has-post-thumbnail","hentry","product_cat-eltern","product_cat-abschied-verlaesst-unternehmen","product_cat-abschied-elternzeit","product_cat-anlaesse","product_cat-geburt-kind","product_cat-junge","product_cat-mama","product_cat-mama-papa","product_cat-papa","product_tag-abschied","product_tag-abschiedskarte","product_tag-baby","product_tag-eltern","product_tag-elternzeit","product_tag-papa","product_tag-vater","pa_variante-basic","pa_variante-premium"],"acf":[],"_links":{"self":[{"href":"https:\/\/ocardoo.com\/en\/wp-json\/wp\/v2\/product\/22367","targetHints":{"allow":["GET"]}}],"collection":[{"href":"https:\/\/ocardoo.com\/en\/wp-json\/wp\/v2\/product"}],"about":[{"href":"https:\/\/ocardoo.com\/en\/wp-json\/wp\/v2\/types\/product"}],"author":[{"embeddable":true,"href":"https:\/\/ocardoo.com\/en\/wp-json\/wp\/v2\/users\/20"}],"replies":[{"embeddable":true,"href":"https:\/\/ocardoo.com\/en\/wp-json\/wp\/v2\/comments?post=22367"}],"version-history":[{"count":2,"href":"https:\/\/ocardoo.com\/en\/wp-json\/wp\/v2\/product\/22367\/revisions"}],"predecessor-version":[{"id":22371,"href":"https:\/\/ocardoo.com\/en\/wp-json\/wp\/v2\/product\/22367\/revisions\/22371"}],"wp:featuredmedia":[{"embeddable":true,"href":"https:\/\/ocardoo.com\/en\/wp-json\/wp\/v2\/media\/21837"}],"wp:attachment":[{"href":"https:\/\/ocardoo.com\/en\/wp-json\/wp\/v2\/media?parent=22367"}],"wp:term":[{"taxonomy":"product_cat","embeddable":true,"href":"https:\/\/ocardoo.com\/en\/wp-json\/wp\/v2\/product_cat?post=22367"},{"taxonomy":"product_tag","embeddable":true,"href":"https:\/\/ocardoo.com\/en\/wp-json\/wp\/v2\/product_tag?post=22367"}],"curies":[{"name":"wp","href":"https:\/\/api.w.org\/{rel}","templated":true}]}}