{"id":22372,"date":"2026-05-16T22:09:06","date_gmt":"2026-05-16T20:09:06","guid":{"rendered":"https:\/\/ocardoo.com\/?post_type=product&#038;p=22372"},"modified":"2026-05-16T22:14:42","modified_gmt":"2026-05-16T20:14:42","slug":"31295","status":"publish","type":"product","link":"https:\/\/ocardoo.com\/en\/product\/31295\/","title":{"rendered":"Aus Kollege wird Papa | Lustige Karte zur Geburt &#038; Elternzeit"},"content":{"rendered":"<div class=\"flex max-w-full flex-col gap-4 grow\">\n<div class=\"min-h-8 text-message relative flex w-full flex-col items-end gap-2 text-start break-words whitespace-normal outline-none keyboard-focused:focus-ring [.text-message+&amp;]:mt-1\" dir=\"auto\" tabindex=\"0\" data-message-author-role=\"assistant\" data-message-id=\"c19112fb-4caa-4eaa-bd3b-f202f022be6b\" data-message-model-slug=\"gpt-5-3\" data-turn-start-message=\"true\">\n<div class=\"flex w-full flex-col gap-1 empty:hidden\">\n<div class=\"markdown prose dark:prose-invert w-full wrap-break-word light markdown-new-styling\">\n<p data-start=\"108\" data-end=\"160\">\ud83d\udc76\ud83d\udc99 \u201eAus Kollege wird Papa. Upgrade abgeschlossen.\u201c<\/p>\n<p data-start=\"162\" data-end=\"483\">Diese moderne und humorvolle digitale Gl\u00fcckwunschkarte zur Geburt ist perfekt f\u00fcr Kollegen, Freunde oder werdende Papas.<br data-start=\"282\" data-end=\"285\" \/>Mit ihrem liebevollen Design, den sanften Blaut\u00f6nen und der charmanten \u201eUpgrade\u201c-Botschaft eignet sich die Karte ideal als gemeinschaftliche Gruppenkarte zur Geburt oder zum Start in die Elternzeit.<\/p>\n<p data-start=\"485\" data-end=\"614\">Ob im B\u00fcro, im Freundeskreis oder in der Familie \u2013 mit dieser Karte schenkt ihr pers\u00f6nliche Gl\u00fcckw\u00fcnsche mit einem Augenzwinkern.<\/p>\n<p data-start=\"616\" data-end=\"800\">\u2728 Gemeinsam online unterschreiben<br data-start=\"649\" data-end=\"652\" \/>Mit Ocardoo k\u00f6nnen mehrere Personen gemeinsam eine digitale Gru\u00dfkarte gestalten, pers\u00f6nliche Nachrichten hinzuf\u00fcgen und sie direkt online versenden.<\/p>\n<p data-start=\"802\" data-end=\"823\">Perfekt geeignet f\u00fcr:<\/p>\n<ul data-start=\"824\" data-end=\"1057\">\n<li data-section-id=\"wlfyuq\" data-start=\"824\" data-end=\"847\">Geburt eines Jungen<\/li>\n<li data-section-id=\"1q4jof6\" data-start=\"848\" data-end=\"877\">Gl\u00fcckwunschkarte f\u00fcr Papa<\/li>\n<li data-section-id=\"1shk3l9\" data-start=\"878\" data-end=\"900\">Elternzeit Kollege<\/li>\n<li data-section-id=\"yy4hty\" data-start=\"901\" data-end=\"923\">digitale Babykarte<\/li>\n<li data-section-id=\"1svgel5\" data-start=\"924\" data-end=\"947\">Gruppenkarte Geburt<\/li>\n<li data-section-id=\"1hsiza8\" data-start=\"948\" data-end=\"967\">werdender Vater<\/li>\n<li data-section-id=\"1dzvboy\" data-start=\"968\" data-end=\"992\">Teamkarte zur Geburt<\/li>\n<li data-section-id=\"1ln65c8\" data-start=\"993\" data-end=\"1023\">moderne Geburtskarte Junge<\/li>\n<li data-section-id=\"1egkzvu\" data-start=\"1024\" data-end=\"1057\">Karte f\u00fcr Kollegen zur Geburt<\/li>\n<\/ul>\n<p data-start=\"1059\" data-end=\"1076\"><strong data-start=\"1059\" data-end=\"1074\">Highlights:<\/strong><\/p>\n<p data-start=\"1078\" data-end=\"1341\">\u2714 moderne &amp; humorvolle Gestaltung<br data-start=\"1111\" data-end=\"1114\" \/>\u2714 perfekt f\u00fcr Kollegen, Freunde &amp; Familie<br data-start=\"1155\" data-end=\"1158\" \/>\u2714 mehrere Personen k\u00f6nnen online unterschreiben<br data-start=\"1205\" data-end=\"1208\" \/>\u2714 pers\u00f6nliche W\u00fcnsche &amp; Texte erg\u00e4nzbar<br data-start=\"1247\" data-end=\"1250\" \/>\u2714 digital versendbar und zus\u00e4tzlich als PDF downloadbar<br data-start=\"1305\" data-end=\"1308\" \/>\u2714 ideal f\u00fcr Geburt &amp; Elternzeit<\/p>\n<p data-start=\"1343\" data-end=\"1371\"><strong data-start=\"1343\" data-end=\"1369\">Beliebte Suchbegriffe:<\/strong><\/p>\n<p data-start=\"1373\" data-end=\"1625\">Aus Kollege wird Papa, Upgrade abgeschlossen Karte, Karte Geburt Junge, digitale Geburtskarte Papa, Elternzeit Karte Kollege, Gruppenkarte Geburt, moderne Babykarte Junge, lustige Karte zur Geburt, Gl\u00fcckwunschkarte werdender Vater, Ocardoo Geburtskarte<\/p>\n<p data-start=\"1627\" data-end=\"1651\"><strong data-start=\"1627\" data-end=\"1649\">So funktioniert\u2019s:<\/strong><\/p>\n<ol data-start=\"1652\" data-end=\"1829\">\n<li data-section-id=\"1fbqmlk\" data-start=\"1652\" data-end=\"1672\">Motiv ausw\u00e4hlen<\/li>\n<li data-section-id=\"1v2d097\" data-start=\"1673\" data-end=\"1726\">Freunde, Familie oder Kollegen per Link einladen<\/li>\n<li data-section-id=\"5hqsc2\" data-start=\"1727\" data-end=\"1763\">Gemeinsam online unterschreiben<\/li>\n<li data-section-id=\"pdd2us\" data-start=\"1764\" data-end=\"1829\">Karte digital versenden und zus\u00e4tzlich als PDF herunterladen<\/li>\n<\/ol>\n<p data-start=\"1831\" data-end=\"1862\" data-is-last-node=\"\" data-is-only-node=\"\">\u2728 PERS\u00d6NLICH GEHT AUCH DIGITAL.<\/p>\n<\/div>\n<\/div>\n<\/div>\n<\/div>","protected":false},"excerpt":{"rendered":"<p>\ud83d\udc76\ud83d\udc99 \u201eAus Kollege wird Papa. Upgrade abgeschlossen.\u201c Diese moderne und humorvolle digitale Gl\u00fcckwunschkarte zur Geburt ist perfekt f\u00fcr Kollegen, Freunde oder werdende Papas.Mit ihrem liebevollen Design, den sanften Blaut\u00f6nen und [&hellip;]<\/p>","protected":false},"author":20,"featured_media":21838,"comment_status":"open","ping_status":"closed","template":"","meta":{"_acf_changed":false,"inline_featured_image":false,"footnotes":""},"product_cat":[18,85,533,84,98,100,99,158,111,169],"product_tag":[279,395,197,146,534,148,294],"class_list":["post-22372","product","type-product","status-publish","has-post-thumbnail","hentry","product_cat-eltern","product_cat-abschied-verlaesst-unternehmen","product_cat-abschied-elternzeit","product_cat-anlaesse","product_cat-geburt-kind","product_cat-junge","product_cat-maedchen","product_cat-mama","product_cat-mama-papa","product_cat-papa","product_tag-abschied","product_tag-abschiedskarte","product_tag-baby","product_tag-eltern","product_tag-elternzeit","product_tag-papa","product_tag-vater","pa_variante-basic","pa_variante-premium"],"acf":[],"_links":{"self":[{"href":"https:\/\/ocardoo.com\/en\/wp-json\/wp\/v2\/product\/22372","targetHints":{"allow":["GET"]}}],"collection":[{"href":"https:\/\/ocardoo.com\/en\/wp-json\/wp\/v2\/product"}],"about":[{"href":"https:\/\/ocardoo.com\/en\/wp-json\/wp\/v2\/types\/product"}],"author":[{"embeddable":true,"href":"https:\/\/ocardoo.com\/en\/wp-json\/wp\/v2\/users\/20"}],"replies":[{"embeddable":true,"href":"https:\/\/ocardoo.com\/en\/wp-json\/wp\/v2\/comments?post=22372"}],"version-history":[{"count":2,"href":"https:\/\/ocardoo.com\/en\/wp-json\/wp\/v2\/product\/22372\/revisions"}],"predecessor-version":[{"id":22376,"href":"https:\/\/ocardoo.com\/en\/wp-json\/wp\/v2\/product\/22372\/revisions\/22376"}],"wp:featuredmedia":[{"embeddable":true,"href":"https:\/\/ocardoo.com\/en\/wp-json\/wp\/v2\/media\/21838"}],"wp:attachment":[{"href":"https:\/\/ocardoo.com\/en\/wp-json\/wp\/v2\/media?parent=22372"}],"wp:term":[{"taxonomy":"product_cat","embeddable":true,"href":"https:\/\/ocardoo.com\/en\/wp-json\/wp\/v2\/product_cat?post=22372"},{"taxonomy":"product_tag","embeddable":true,"href":"https:\/\/ocardoo.com\/en\/wp-json\/wp\/v2\/product_tag?post=22372"}],"curies":[{"name":"wp","href":"https:\/\/api.w.org\/{rel}","templated":true}]}}