{"id":22388,"date":"2026-05-16T22:24:07","date_gmt":"2026-05-16T20:24:07","guid":{"rendered":"https:\/\/ocardoo.com\/?post_type=product&#038;p=22388"},"modified":"2026-05-16T22:27:04","modified_gmt":"2026-05-16T20:27:04","slug":"31298","status":"publish","type":"product","link":"https:\/\/ocardoo.com\/en\/product\/31298\/","title":{"rendered":"Meetings kannst du vergessen. Windeln nicht. | Lustige Karte zur Geburt einer Tochter"},"content":{"rendered":"<div class=\"flex max-w-full flex-col gap-4 grow\">\n<div class=\"min-h-8 text-message relative flex w-full flex-col items-end gap-2 text-start break-words whitespace-normal outline-none keyboard-focused:focus-ring [.text-message+&amp;]:mt-1\" dir=\"auto\" tabindex=\"0\" data-message-author-role=\"assistant\" data-message-id=\"c19112fb-4caa-4eaa-bd3b-f202f022be6b\" data-message-model-slug=\"gpt-5-3\" data-turn-start-message=\"true\">\n<div class=\"flex w-full flex-col gap-1 empty:hidden\">\n<div class=\"markdown prose dark:prose-invert w-full wrap-break-word light markdown-new-styling\">\n<p data-start=\"132\" data-end=\"183\">\ud83d\udc76\ud83c\udf80 \u201eMeetings kannst du vergessen. Windeln nicht.\u201c<\/p>\n<p data-start=\"185\" data-end=\"473\">Diese moderne und humorvolle digitale Geburtskarte ist perfekt f\u00fcr frischgebackene Papas einer kleinen Tochter.<br data-start=\"296\" data-end=\"299\" \/>Mit ihrem liebevollen Design, den zarten Rosat\u00f6nen und der witzigen Botschaft sorgt diese Karte garantiert f\u00fcr ein L\u00e4cheln \u2013 ob im B\u00fcro, im Freundeskreis oder in der Familie.<\/p>\n<p data-start=\"475\" data-end=\"582\">Ideal als pers\u00f6nliche Gruppenkarte zur Geburt oder als originelle \u00dcberraschung zum Start in die Elternzeit.<\/p>\n<p data-start=\"584\" data-end=\"756\">\u2728 Gemeinsam online unterschreiben<br data-start=\"617\" data-end=\"620\" \/>Mit Ocardoo k\u00f6nnen Freunde, Familie oder Kollegen gemeinsam eine digitale Gru\u00dfkarte gestalten und pers\u00f6nliche Gl\u00fcckw\u00fcnsche hinterlassen.<\/p>\n<p data-start=\"758\" data-end=\"779\">Perfekt geeignet f\u00fcr:<\/p>\n<ul data-start=\"780\" data-end=\"1019\">\n<li data-section-id=\"1xfb63h\" data-start=\"780\" data-end=\"804\">Geburt einer Tochter<\/li>\n<li data-section-id=\"1q4jof6\" data-start=\"805\" data-end=\"834\">Gl\u00fcckwunschkarte f\u00fcr Papa<\/li>\n<li data-section-id=\"1shk3l9\" data-start=\"835\" data-end=\"857\">Elternzeit Kollege<\/li>\n<li data-section-id=\"3rwfxv\" data-start=\"858\" data-end=\"891\">digitale Geburtskarte M\u00e4dchen<\/li>\n<li data-section-id=\"16rexok\" data-start=\"892\" data-end=\"919\">Gruppenkarte zur Geburt<\/li>\n<li data-section-id=\"m6bd4z\" data-start=\"920\" data-end=\"941\">moderne Babykarte<\/li>\n<li data-section-id=\"1hsiza8\" data-start=\"942\" data-end=\"961\">werdender Vater<\/li>\n<li data-section-id=\"18fmxcs\" data-start=\"962\" data-end=\"990\">Teamkarte Geburt Tochter<\/li>\n<li data-section-id=\"18g44hm\" data-start=\"991\" data-end=\"1019\">lustige Karte zur Geburt<\/li>\n<\/ul>\n<p data-start=\"1021\" data-end=\"1038\"><strong data-start=\"1021\" data-end=\"1036\">Highlights:<\/strong><\/p>\n<p data-start=\"1040\" data-end=\"1309\">\u2714 modernes &amp; humorvolles Design<br data-start=\"1071\" data-end=\"1074\" \/>\u2714 perfekt f\u00fcr frischgebackene Papas<br data-start=\"1109\" data-end=\"1112\" \/>\u2714 mehrere Personen k\u00f6nnen online unterschreiben<br data-start=\"1159\" data-end=\"1162\" \/>\u2714 pers\u00f6nliche W\u00fcnsche &amp; Nachrichten erg\u00e4nzbar<br data-start=\"1207\" data-end=\"1210\" \/>\u2714 digital versendbar und zus\u00e4tzlich als PDF downloadbar<br data-start=\"1265\" data-end=\"1268\" \/>\u2714 ideal f\u00fcr Freunde, Familie &amp; Kollegen<\/p>\n<p data-start=\"1311\" data-end=\"1339\"><strong data-start=\"1311\" data-end=\"1337\">Beliebte Suchbegriffe:<\/strong><\/p>\n<p data-start=\"1341\" data-end=\"1613\">Meetings kannst du vergessen Windeln nicht, Karte Geburt Tochter, digitale Geburtskarte M\u00e4dchen, Gl\u00fcckwunschkarte Papa Tochter, Gruppenkarte Geburt, lustige Karte zur Geburt, moderne Babykarte M\u00e4dchen, Elternzeit Karte Papa, Ocardoo Geburtskarte, Karte f\u00fcr werdenden Vater<\/p>\n<p data-start=\"1615\" data-end=\"1639\"><strong data-start=\"1615\" data-end=\"1637\">So funktioniert\u2019s:<\/strong><\/p>\n<ol data-start=\"1640\" data-end=\"1817\">\n<li data-section-id=\"1fbqmlk\" data-start=\"1640\" data-end=\"1660\">Motiv ausw\u00e4hlen<\/li>\n<li data-section-id=\"1v2d097\" data-start=\"1661\" data-end=\"1714\">Freunde, Familie oder Kollegen per Link einladen<\/li>\n<li data-section-id=\"5hqsc2\" data-start=\"1715\" data-end=\"1751\">Gemeinsam online unterschreiben<\/li>\n<li data-section-id=\"pdd2us\" data-start=\"1752\" data-end=\"1817\">Karte digital versenden und zus\u00e4tzlich als PDF herunterladen<\/li>\n<\/ol>\n<p data-start=\"1819\" data-end=\"1850\" data-is-last-node=\"\" data-is-only-node=\"\">\u2728 PERS\u00d6NLICH GEHT AUCH DIGITAL.<\/p>\n<\/div>\n<\/div>\n<\/div>\n<\/div>","protected":false},"excerpt":{"rendered":"<p>\ud83d\udc76\ud83c\udf80 \u201eMeetings kannst du vergessen. Windeln nicht.\u201c Diese moderne und humorvolle digitale Geburtskarte ist perfekt f\u00fcr frischgebackene Papas einer kleinen Tochter.Mit ihrem liebevollen Design, den zarten Rosat\u00f6nen und der witzigen [&hellip;]<\/p>","protected":false},"author":20,"featured_media":21841,"comment_status":"open","ping_status":"closed","template":"","meta":{"_acf_changed":false,"inline_featured_image":false,"footnotes":""},"product_cat":[18,85,533,84,98,100,99,158,111,169],"product_tag":[279,395,197,146,534,147,148,294],"class_list":["post-22388","product","type-product","status-publish","has-post-thumbnail","hentry","product_cat-eltern","product_cat-abschied-verlaesst-unternehmen","product_cat-abschied-elternzeit","product_cat-anlaesse","product_cat-geburt-kind","product_cat-junge","product_cat-maedchen","product_cat-mama","product_cat-mama-papa","product_cat-papa","product_tag-abschied","product_tag-abschiedskarte","product_tag-baby","product_tag-eltern","product_tag-elternzeit","product_tag-mama","product_tag-papa","product_tag-vater","pa_variante-basic","pa_variante-premium"],"acf":[],"_links":{"self":[{"href":"https:\/\/ocardoo.com\/en\/wp-json\/wp\/v2\/product\/22388","targetHints":{"allow":["GET"]}}],"collection":[{"href":"https:\/\/ocardoo.com\/en\/wp-json\/wp\/v2\/product"}],"about":[{"href":"https:\/\/ocardoo.com\/en\/wp-json\/wp\/v2\/types\/product"}],"author":[{"embeddable":true,"href":"https:\/\/ocardoo.com\/en\/wp-json\/wp\/v2\/users\/20"}],"replies":[{"embeddable":true,"href":"https:\/\/ocardoo.com\/en\/wp-json\/wp\/v2\/comments?post=22388"}],"version-history":[{"count":2,"href":"https:\/\/ocardoo.com\/en\/wp-json\/wp\/v2\/product\/22388\/revisions"}],"predecessor-version":[{"id":22392,"href":"https:\/\/ocardoo.com\/en\/wp-json\/wp\/v2\/product\/22388\/revisions\/22392"}],"wp:featuredmedia":[{"embeddable":true,"href":"https:\/\/ocardoo.com\/en\/wp-json\/wp\/v2\/media\/21841"}],"wp:attachment":[{"href":"https:\/\/ocardoo.com\/en\/wp-json\/wp\/v2\/media?parent=22388"}],"wp:term":[{"taxonomy":"product_cat","embeddable":true,"href":"https:\/\/ocardoo.com\/en\/wp-json\/wp\/v2\/product_cat?post=22388"},{"taxonomy":"product_tag","embeddable":true,"href":"https:\/\/ocardoo.com\/en\/wp-json\/wp\/v2\/product_tag?post=22388"}],"curies":[{"name":"wp","href":"https:\/\/api.w.org\/{rel}","templated":true}]}}