{"id":22393,"date":"2026-05-16T22:27:31","date_gmt":"2026-05-16T20:27:31","guid":{"rendered":"https:\/\/ocardoo.com\/?post_type=product&#038;p=22393"},"modified":"2026-05-16T22:29:36","modified_gmt":"2026-05-16T20:29:36","slug":"31299","status":"publish","type":"product","link":"https:\/\/ocardoo.com\/en\/product\/31299\/","title":{"rendered":"Aus Kollege wird Papa \u2013 Upgrade abgeschlossen | Lustige Karte zur Geburt eines Jungen"},"content":{"rendered":"<div class=\"flex max-w-full flex-col gap-4 grow\">\n<div class=\"min-h-8 text-message relative flex w-full flex-col items-end gap-2 text-start break-words whitespace-normal outline-none keyboard-focused:focus-ring [.text-message+&amp;]:mt-1\" dir=\"auto\" tabindex=\"0\" data-message-author-role=\"assistant\" data-message-id=\"c19112fb-4caa-4eaa-bd3b-f202f022be6b\" data-message-model-slug=\"gpt-5-3\" data-turn-start-message=\"true\">\n<div class=\"flex w-full flex-col gap-1 empty:hidden\">\n<div class=\"markdown prose dark:prose-invert w-full wrap-break-word light markdown-new-styling\">\n<p data-start=\"132\" data-end=\"184\">Aus Kollege wird Papa. Upgrade abgeschlossen.\u201c<\/p>\n<p data-start=\"186\" data-end=\"476\">Diese moderne und humorvolle digitale Geburtskarte ist die perfekte Gl\u00fcckwunschkarte f\u00fcr frischgebackene Papas eines kleinen Jungen.<br data-start=\"318\" data-end=\"321\" \/>Mit ihrem stylischen Design, den kr\u00e4ftigen Blaut\u00f6nen und der charmanten \u201eUpgrade\u201c-Botschaft eignet sich die Karte ideal f\u00fcr Kollegen, Freunde oder Familie.<\/p>\n<p data-start=\"478\" data-end=\"626\">Ob als Gruppenkarte im B\u00fcro oder pers\u00f6nliche \u00dcberraschung zur Geburt \u2013 diese Karte verbindet Humor, Emotion und modernes Design auf besondere Weise.<\/p>\n<p data-start=\"628\" data-end=\"802\">\u2728 Gemeinsam online unterschreiben<br data-start=\"661\" data-end=\"664\" \/>Mit Ocardoo k\u00f6nnen mehrere Personen gemeinsam eine digitale Gru\u00dfkarte gestalten, pers\u00f6nliche W\u00fcnsche hinzuf\u00fcgen und online unterschreiben.<\/p>\n<p data-start=\"804\" data-end=\"825\">Perfekt geeignet f\u00fcr:<\/p>\n<ul data-start=\"826\" data-end=\"1060\">\n<li data-section-id=\"wlfyuq\" data-start=\"826\" data-end=\"849\">Geburt eines Jungen<\/li>\n<li data-section-id=\"1q4jof6\" data-start=\"850\" data-end=\"879\">Gl\u00fcckwunschkarte f\u00fcr Papa<\/li>\n<li data-section-id=\"1shk3l9\" data-start=\"880\" data-end=\"902\">Elternzeit Kollege<\/li>\n<li data-section-id=\"1f22yst\" data-start=\"903\" data-end=\"934\">digitale Geburtskarte Junge<\/li>\n<li data-section-id=\"16rexok\" data-start=\"935\" data-end=\"962\">Gruppenkarte zur Geburt<\/li>\n<li data-section-id=\"1hsiza8\" data-start=\"963\" data-end=\"982\">werdender Vater<\/li>\n<li data-section-id=\"m6bd4z\" data-start=\"983\" data-end=\"1004\">moderne Babykarte<\/li>\n<li data-section-id=\"1h65f6k\" data-start=\"1005\" data-end=\"1031\">Teamkarte Geburt Junge<\/li>\n<li data-section-id=\"18g44hm\" data-start=\"1032\" data-end=\"1060\">lustige Karte zur Geburt<\/li>\n<\/ul>\n<p data-start=\"1062\" data-end=\"1079\"><strong data-start=\"1062\" data-end=\"1077\">Highlights:<\/strong><\/p>\n<p data-start=\"1081\" data-end=\"1348\">\u2714 modernes &amp; humorvolles Design<br data-start=\"1112\" data-end=\"1115\" \/>\u2714 perfekt f\u00fcr Kollegen, Freunde &amp; Familie<br data-start=\"1156\" data-end=\"1159\" \/>\u2714 mehrere Personen k\u00f6nnen online unterschreiben<br data-start=\"1206\" data-end=\"1209\" \/>\u2714 pers\u00f6nliche W\u00fcnsche &amp; Nachrichten erg\u00e4nzbar<br data-start=\"1254\" data-end=\"1257\" \/>\u2714 digital versendbar und zus\u00e4tzlich als PDF downloadbar<br data-start=\"1312\" data-end=\"1315\" \/>\u2714 ideal zur Geburt &amp; Elternzeit<\/p>\n<p data-start=\"1350\" data-end=\"1378\"><strong data-start=\"1350\" data-end=\"1376\">Beliebte Suchbegriffe:<\/strong><\/p>\n<p data-start=\"1380\" data-end=\"1632\">Aus Kollege wird Papa, Upgrade abgeschlossen Karte, Karte Geburt Junge, digitale Geburtskarte Papa, Elternzeit Karte Kollege, Gruppenkarte Geburt, moderne Babykarte Junge, lustige Karte zur Geburt, Gl\u00fcckwunschkarte werdender Vater, Ocardoo Geburtskarte<\/p>\n<p data-start=\"1634\" data-end=\"1658\"><strong data-start=\"1634\" data-end=\"1656\">So funktioniert\u2019s:<\/strong><\/p>\n<ol data-start=\"1659\" data-end=\"1836\">\n<li data-section-id=\"1fbqmlk\" data-start=\"1659\" data-end=\"1679\">Motiv ausw\u00e4hlen<\/li>\n<li data-section-id=\"1v2d097\" data-start=\"1680\" data-end=\"1733\">Freunde, Familie oder Kollegen per Link einladen<\/li>\n<li data-section-id=\"5hqsc2\" data-start=\"1734\" data-end=\"1770\">Gemeinsam online unterschreiben<\/li>\n<li data-section-id=\"pdd2us\" data-start=\"1771\" data-end=\"1836\">Karte digital versenden und zus\u00e4tzlich als PDF herunterladen<\/li>\n<\/ol>\n<p data-start=\"1838\" data-end=\"1869\" data-is-last-node=\"\" data-is-only-node=\"\">\u2728 PERS\u00d6NLICH GEHT AUCH DIGITAL.<\/p>\n<\/div>\n<\/div>\n<\/div>\n<\/div>","protected":false},"excerpt":{"rendered":"<p>Aus Kollege wird Papa. Upgrade abgeschlossen.\u201c Diese moderne und humorvolle digitale Geburtskarte ist die perfekte Gl\u00fcckwunschkarte f\u00fcr frischgebackene Papas eines kleinen Jungen.Mit ihrem stylischen Design, den kr\u00e4ftigen Blaut\u00f6nen und der [&hellip;]<\/p>","protected":false},"author":20,"featured_media":21842,"comment_status":"open","ping_status":"closed","template":"","meta":{"_acf_changed":false,"inline_featured_image":false,"footnotes":""},"product_cat":[18,85,533,84,98,100,158,111,169],"product_tag":[279,395,197,146,534,148,294],"class_list":["post-22393","product","type-product","status-publish","has-post-thumbnail","hentry","product_cat-eltern","product_cat-abschied-verlaesst-unternehmen","product_cat-abschied-elternzeit","product_cat-anlaesse","product_cat-geburt-kind","product_cat-junge","product_cat-mama","product_cat-mama-papa","product_cat-papa","product_tag-abschied","product_tag-abschiedskarte","product_tag-baby","product_tag-eltern","product_tag-elternzeit","product_tag-papa","product_tag-vater","pa_variante-basic","pa_variante-premium"],"acf":[],"_links":{"self":[{"href":"https:\/\/ocardoo.com\/en\/wp-json\/wp\/v2\/product\/22393","targetHints":{"allow":["GET"]}}],"collection":[{"href":"https:\/\/ocardoo.com\/en\/wp-json\/wp\/v2\/product"}],"about":[{"href":"https:\/\/ocardoo.com\/en\/wp-json\/wp\/v2\/types\/product"}],"author":[{"embeddable":true,"href":"https:\/\/ocardoo.com\/en\/wp-json\/wp\/v2\/users\/20"}],"replies":[{"embeddable":true,"href":"https:\/\/ocardoo.com\/en\/wp-json\/wp\/v2\/comments?post=22393"}],"version-history":[{"count":2,"href":"https:\/\/ocardoo.com\/en\/wp-json\/wp\/v2\/product\/22393\/revisions"}],"predecessor-version":[{"id":22397,"href":"https:\/\/ocardoo.com\/en\/wp-json\/wp\/v2\/product\/22393\/revisions\/22397"}],"wp:featuredmedia":[{"embeddable":true,"href":"https:\/\/ocardoo.com\/en\/wp-json\/wp\/v2\/media\/21842"}],"wp:attachment":[{"href":"https:\/\/ocardoo.com\/en\/wp-json\/wp\/v2\/media?parent=22393"}],"wp:term":[{"taxonomy":"product_cat","embeddable":true,"href":"https:\/\/ocardoo.com\/en\/wp-json\/wp\/v2\/product_cat?post=22393"},{"taxonomy":"product_tag","embeddable":true,"href":"https:\/\/ocardoo.com\/en\/wp-json\/wp\/v2\/product_tag?post=22393"}],"curies":[{"name":"wp","href":"https:\/\/api.w.org\/{rel}","templated":true}]}}