{"id":22398,"date":"2026-05-16T22:30:42","date_gmt":"2026-05-16T20:30:42","guid":{"rendered":"https:\/\/ocardoo.com\/?post_type=product&#038;p=22398"},"modified":"2026-05-16T22:34:58","modified_gmt":"2026-05-16T20:34:58","slug":"31300","status":"publish","type":"product","link":"https:\/\/ocardoo.com\/en\/product\/31300\/","title":{"rendered":"Schlaf wird \u00fcberbewertet. Papa sein nicht. | Lustige Karte zur Geburt &#038; Elternzeit"},"content":{"rendered":"<div class=\"flex max-w-full flex-col gap-4 grow\">\n<div class=\"min-h-8 text-message relative flex w-full flex-col items-end gap-2 text-start break-words whitespace-normal outline-none keyboard-focused:focus-ring [.text-message+&amp;]:mt-1\" dir=\"auto\" tabindex=\"0\" data-message-author-role=\"assistant\" data-message-id=\"c19112fb-4caa-4eaa-bd3b-f202f022be6b\" data-message-model-slug=\"gpt-5-3\" data-turn-start-message=\"true\">\n<div class=\"flex w-full flex-col gap-1 empty:hidden\">\n<div class=\"markdown prose dark:prose-invert w-full wrap-break-word light markdown-new-styling\">\n<p data-start=\"129\" data-end=\"178\">\ud83d\udc76\ud83c\udf19 \u201eSchlaf wird \u00fcberbewertet. Papa sein nicht.\u201c<\/p>\n<p data-start=\"180\" data-end=\"479\">Diese moderne und humorvolle digitale Geburtskarte ist die perfekte Gl\u00fcckwunschkarte f\u00fcr frischgebackene Papas.<br data-start=\"291\" data-end=\"294\" \/>Mit ihrem coolen Nacht-Design, den kr\u00e4ftigen Blau- und Gelbt\u00f6nen und der charmanten Botschaft sorgt sie garantiert f\u00fcr ein L\u00e4cheln \u2013 perfekt zur Geburt oder zum Start in die Elternzeit.<\/p>\n<p data-start=\"481\" data-end=\"593\">Ideal f\u00fcr Kollegen, Freunde oder Familie, die gemeinsam liebevolle und lustige Gl\u00fcckw\u00fcnsche \u00fcbermitteln m\u00f6chten.<\/p>\n<p data-start=\"595\" data-end=\"776\">\u2728 Gemeinsam online unterschreiben<br data-start=\"628\" data-end=\"631\" \/>Mit Ocardoo k\u00f6nnen mehrere Personen gemeinsam eine digitale Gruppenkarte gestalten, pers\u00f6nliche Nachrichten hinzuf\u00fcgen und online unterschreiben.<\/p>\n<p data-start=\"778\" data-end=\"799\">Perfekt geeignet f\u00fcr:<\/p>\n<ul data-start=\"800\" data-end=\"1021\">\n<li data-section-id=\"ypn85g\" data-start=\"800\" data-end=\"822\">Geburt eines Babys<\/li>\n<li data-section-id=\"1q4jof6\" data-start=\"823\" data-end=\"852\">Gl\u00fcckwunschkarte f\u00fcr Papa<\/li>\n<li data-section-id=\"1shk3l9\" data-start=\"853\" data-end=\"875\">Elternzeit Kollege<\/li>\n<li data-section-id=\"1glka72\" data-start=\"876\" data-end=\"901\">digitale Geburtskarte<\/li>\n<li data-section-id=\"16rexok\" data-start=\"902\" data-end=\"929\">Gruppenkarte zur Geburt<\/li>\n<li data-section-id=\"1hsiza8\" data-start=\"930\" data-end=\"949\">werdender Vater<\/li>\n<li data-section-id=\"m6bd4z\" data-start=\"950\" data-end=\"971\">moderne Babykarte<\/li>\n<li data-section-id=\"7cuje7\" data-start=\"972\" data-end=\"992\">Teamkarte Geburt<\/li>\n<li data-section-id=\"18g44hm\" data-start=\"993\" data-end=\"1021\">lustige Karte zur Geburt<\/li>\n<\/ul>\n<p data-start=\"1023\" data-end=\"1040\"><strong data-start=\"1023\" data-end=\"1038\">Highlights:<\/strong><\/p>\n<p data-start=\"1042\" data-end=\"1305\">\u2714 modernes &amp; humorvolles Design<br data-start=\"1073\" data-end=\"1076\" \/>\u2714 perfekt f\u00fcr frischgebackene Papas<br data-start=\"1111\" data-end=\"1114\" \/>\u2714 mehrere Personen k\u00f6nnen online unterschreiben<br data-start=\"1161\" data-end=\"1164\" \/>\u2714 pers\u00f6nliche W\u00fcnsche &amp; Texte erg\u00e4nzbar<br data-start=\"1203\" data-end=\"1206\" \/>\u2714 digital versendbar und zus\u00e4tzlich als PDF downloadbar<br data-start=\"1261\" data-end=\"1264\" \/>\u2714 ideal f\u00fcr Freunde, Familie &amp; Kollegen<\/p>\n<p data-start=\"1307\" data-end=\"1335\"><strong data-start=\"1307\" data-end=\"1333\">Beliebte Suchbegriffe:<\/strong><\/p>\n<p data-start=\"1337\" data-end=\"1598\">Schlaf wird \u00fcberbewertet Papa sein nicht, Karte Geburt Papa, digitale Geburtskarte, lustige Karte zur Geburt, Gruppenkarte Geburt, Elternzeit Karte Papa, moderne Babykarte, Gl\u00fcckwunschkarte werdender Vater, Ocardoo Geburtskarte, Karte f\u00fcr frischgebackene Eltern<\/p>\n<p data-start=\"1804\" data-end=\"1835\" data-is-last-node=\"\" data-is-only-node=\"\">\n<\/div>\n<\/div>\n<\/div>\n<\/div>","protected":false},"excerpt":{"rendered":"<p>\ud83d\udc76\ud83c\udf19 \u201eSchlaf wird \u00fcberbewertet. Papa sein nicht.\u201c Diese moderne und humorvolle digitale Geburtskarte ist die perfekte Gl\u00fcckwunschkarte f\u00fcr frischgebackene Papas.Mit ihrem coolen Nacht-Design, den kr\u00e4ftigen Blau- und Gelbt\u00f6nen und der [&hellip;]<\/p>","protected":false},"author":20,"featured_media":21843,"comment_status":"open","ping_status":"closed","template":"","meta":{"_acf_changed":false,"inline_featured_image":false,"footnotes":""},"product_cat":[18,85,533,84,98,100,158,111,169],"product_tag":[279,395,197,146,534,148,294],"class_list":["post-22398","product","type-product","status-publish","has-post-thumbnail","hentry","product_cat-eltern","product_cat-abschied-verlaesst-unternehmen","product_cat-abschied-elternzeit","product_cat-anlaesse","product_cat-geburt-kind","product_cat-junge","product_cat-mama","product_cat-mama-papa","product_cat-papa","product_tag-abschied","product_tag-abschiedskarte","product_tag-baby","product_tag-eltern","product_tag-elternzeit","product_tag-papa","product_tag-vater","pa_variante-basic","pa_variante-premium"],"acf":[],"_links":{"self":[{"href":"https:\/\/ocardoo.com\/en\/wp-json\/wp\/v2\/product\/22398","targetHints":{"allow":["GET"]}}],"collection":[{"href":"https:\/\/ocardoo.com\/en\/wp-json\/wp\/v2\/product"}],"about":[{"href":"https:\/\/ocardoo.com\/en\/wp-json\/wp\/v2\/types\/product"}],"author":[{"embeddable":true,"href":"https:\/\/ocardoo.com\/en\/wp-json\/wp\/v2\/users\/20"}],"replies":[{"embeddable":true,"href":"https:\/\/ocardoo.com\/en\/wp-json\/wp\/v2\/comments?post=22398"}],"version-history":[{"count":2,"href":"https:\/\/ocardoo.com\/en\/wp-json\/wp\/v2\/product\/22398\/revisions"}],"predecessor-version":[{"id":22402,"href":"https:\/\/ocardoo.com\/en\/wp-json\/wp\/v2\/product\/22398\/revisions\/22402"}],"wp:featuredmedia":[{"embeddable":true,"href":"https:\/\/ocardoo.com\/en\/wp-json\/wp\/v2\/media\/21843"}],"wp:attachment":[{"href":"https:\/\/ocardoo.com\/en\/wp-json\/wp\/v2\/media?parent=22398"}],"wp:term":[{"taxonomy":"product_cat","embeddable":true,"href":"https:\/\/ocardoo.com\/en\/wp-json\/wp\/v2\/product_cat?post=22398"},{"taxonomy":"product_tag","embeddable":true,"href":"https:\/\/ocardoo.com\/en\/wp-json\/wp\/v2\/product_tag?post=22398"}],"curies":[{"name":"wp","href":"https:\/\/api.w.org\/{rel}","templated":true}]}}