{"id":22403,"date":"2026-05-16T22:37:05","date_gmt":"2026-05-16T20:37:05","guid":{"rendered":"https:\/\/ocardoo.com\/?post_type=product&#038;p=22403"},"modified":"2026-05-16T22:40:24","modified_gmt":"2026-05-16T20:40:24","slug":"31301","status":"publish","type":"product","link":"https:\/\/ocardoo.com\/en\/product\/31301\/","title":{"rendered":"Papa im Einsatz \u2013 Digitale Gruppengru\u00dfkarte zur Elternzeit"},"content":{"rendered":"<div class=\"flex max-w-full flex-col gap-4 grow\">\n<div class=\"min-h-8 text-message relative flex w-full flex-col items-end gap-2 text-start break-words whitespace-normal outline-none keyboard-focused:focus-ring [.text-message+&amp;]:mt-1\" dir=\"auto\" tabindex=\"0\" data-message-author-role=\"assistant\" data-message-id=\"c19112fb-4caa-4eaa-bd3b-f202f022be6b\" data-message-model-slug=\"gpt-5-3\" data-turn-start-message=\"true\">\n<div class=\"flex w-full flex-col gap-1 empty:hidden\">\n<div class=\"markdown prose dark:prose-invert w-full wrap-break-word light markdown-new-styling\">\n<p data-start=\"66\" data-end=\"372\">Ein neues Abenteuer beginnt: Aus Kollege wird Papa!<br data-start=\"117\" data-end=\"120\" \/>Mit dieser liebevoll gestalteten digitalen Gruppengru\u00dfkarte \u00fcberrascht ihr werdende oder frischgebackene Papas auf eine besonders pers\u00f6nliche Art. Ob zur Geburt, Elternzeit oder als Abschiedsgru\u00df vom Team \u2013 diese Karte sorgt garantiert f\u00fcr ein L\u00e4cheln.<\/p>\n<p data-start=\"374\" data-end=\"551\">Das moderne Design mit s\u00fc\u00dfem Superhelden-B\u00e4ren, sanften Farben und humorvollem Spruch macht die Karte zu einer wundersch\u00f6nen Erinnerung an einen ganz besonderen Lebensabschnitt.<\/p>\n<p data-start=\"553\" data-end=\"574\">Perfekt geeignet f\u00fcr:<\/p>\n<ul data-start=\"575\" data-end=\"709\">\n<li data-section-id=\"x3mlgx\" data-start=\"575\" data-end=\"597\">Kolleg:innen im B\u00fcro<\/li>\n<li data-section-id=\"1g37wf1\" data-start=\"598\" data-end=\"619\">Teams &amp; Unternehmen<\/li>\n<li data-section-id=\"1u78o1y\" data-start=\"620\" data-end=\"639\">Freunde &amp; Familie<\/li>\n<li data-section-id=\"1lq0dwy\" data-start=\"640\" data-end=\"668\">Abschied in die Elternzeit<\/li>\n<li data-section-id=\"1p3ijll\" data-start=\"669\" data-end=\"709\">Geburt eines Sohnes oder einer Tochter<\/li>\n<\/ul>\n<h3 data-section-id=\"156f2yy\" data-start=\"711\" data-end=\"733\">So funktioniert\u2019s:<\/h3>\n<ol data-start=\"735\" data-end=\"985\">\n<li data-section-id=\"8q11og\" data-start=\"735\" data-end=\"775\">Motiv ausw\u00e4hlen und personalisieren<\/li>\n<li data-section-id=\"10w8374\" data-start=\"776\" data-end=\"831\">Link ganz einfach mit allen Mitschreibenden teilen<\/li>\n<li data-section-id=\"1xjoup9\" data-start=\"832\" data-end=\"897\">Gemeinsam liebe W\u00fcnsche und pers\u00f6nliche Nachrichten erg\u00e4nzen<\/li>\n<li data-section-id=\"17i0l44\" data-start=\"898\" data-end=\"985\">Die fertige Karte flexibel digital versenden oder zus\u00e4tzlich als PDF herunterladen<\/li>\n<\/ol>\n<p data-start=\"987\" data-end=\"1056\">\u2728 Pers\u00f6nlich, emotional und gemeinsam gestaltet \u2013 auch auf Distanz.<\/p>\n<h3 data-section-id=\"a6jhdz\" data-start=\"1058\" data-end=\"1080\">Das erwartet euch:<\/h3>\n<ul data-start=\"1081\" data-end=\"1321\">\n<li data-section-id=\"n4ovc4\" data-start=\"1081\" data-end=\"1139\">Digitale Gruppengru\u00dfkarte mit mehreren Mitschreibenden<\/li>\n<li data-section-id=\"1mqduv2\" data-start=\"1140\" data-end=\"1168\">Einfach online gestalten<\/li>\n<li data-section-id=\"1crul8t\" data-start=\"1169\" data-end=\"1198\">Sofort digital versendbar<\/li>\n<li data-section-id=\"1a9o0yh\" data-start=\"1199\" data-end=\"1233\">Zus\u00e4tzlich als PDF downloadbar<\/li>\n<li data-section-id=\"1dboywg\" data-start=\"1234\" data-end=\"1274\">Ideal f\u00fcr Teams, Freunde und Familie<\/li>\n<li data-section-id=\"7l38ak\" data-start=\"1275\" data-end=\"1321\">Liebevolles Design zur Elternzeit &amp; Geburt<\/li>\n<\/ul>\n<p data-start=\"1323\" data-end=\"1486\" data-is-last-node=\"\" data-is-only-node=\"\">Eine wundersch\u00f6ne Idee, um einem frischgebackenen Papa zu zeigen:<br data-start=\"1388\" data-end=\"1391\" \/>Wir freuen uns mit dir \u2013 und halten die Stellung, w\u00e4hrend du dein gr\u00f6\u00dftes Abenteuer genie\u00dft. \ud83d\udc99<\/p>\n<\/div>\n<\/div>\n<\/div>\n<\/div>","protected":false},"excerpt":{"rendered":"<p>Ein neues Abenteuer beginnt: Aus Kollege wird Papa!Mit dieser liebevoll gestalteten digitalen Gruppengru\u00dfkarte \u00fcberrascht ihr werdende oder frischgebackene Papas auf eine besonders pers\u00f6nliche Art. Ob zur Geburt, Elternzeit oder als [&hellip;]<\/p>","protected":false},"author":20,"featured_media":21844,"comment_status":"open","ping_status":"closed","template":"","meta":{"_acf_changed":false,"inline_featured_image":false,"footnotes":""},"product_cat":[18,85,533,84,98,100,158,111,169],"product_tag":[279,395,197,146,534,148,294],"class_list":["post-22403","product","type-product","status-publish","has-post-thumbnail","hentry","product_cat-eltern","product_cat-abschied-verlaesst-unternehmen","product_cat-abschied-elternzeit","product_cat-anlaesse","product_cat-geburt-kind","product_cat-junge","product_cat-mama","product_cat-mama-papa","product_cat-papa","product_tag-abschied","product_tag-abschiedskarte","product_tag-baby","product_tag-eltern","product_tag-elternzeit","product_tag-papa","product_tag-vater","pa_variante-basic","pa_variante-premium"],"acf":[],"_links":{"self":[{"href":"https:\/\/ocardoo.com\/en\/wp-json\/wp\/v2\/product\/22403","targetHints":{"allow":["GET"]}}],"collection":[{"href":"https:\/\/ocardoo.com\/en\/wp-json\/wp\/v2\/product"}],"about":[{"href":"https:\/\/ocardoo.com\/en\/wp-json\/wp\/v2\/types\/product"}],"author":[{"embeddable":true,"href":"https:\/\/ocardoo.com\/en\/wp-json\/wp\/v2\/users\/20"}],"replies":[{"embeddable":true,"href":"https:\/\/ocardoo.com\/en\/wp-json\/wp\/v2\/comments?post=22403"}],"version-history":[{"count":2,"href":"https:\/\/ocardoo.com\/en\/wp-json\/wp\/v2\/product\/22403\/revisions"}],"predecessor-version":[{"id":22407,"href":"https:\/\/ocardoo.com\/en\/wp-json\/wp\/v2\/product\/22403\/revisions\/22407"}],"wp:featuredmedia":[{"embeddable":true,"href":"https:\/\/ocardoo.com\/en\/wp-json\/wp\/v2\/media\/21844"}],"wp:attachment":[{"href":"https:\/\/ocardoo.com\/en\/wp-json\/wp\/v2\/media?parent=22403"}],"wp:term":[{"taxonomy":"product_cat","embeddable":true,"href":"https:\/\/ocardoo.com\/en\/wp-json\/wp\/v2\/product_cat?post=22403"},{"taxonomy":"product_tag","embeddable":true,"href":"https:\/\/ocardoo.com\/en\/wp-json\/wp\/v2\/product_tag?post=22403"}],"curies":[{"name":"wp","href":"https:\/\/api.w.org\/{rel}","templated":true}]}}