{"id":22408,"date":"2026-05-16T22:41:06","date_gmt":"2026-05-16T20:41:06","guid":{"rendered":"https:\/\/ocardoo.com\/?post_type=product&#038;p=22408"},"modified":"2026-05-16T22:44:08","modified_gmt":"2026-05-16T20:44:08","slug":"31302","status":"publish","type":"product","link":"https:\/\/ocardoo.com\/en\/product\/31302\/","title":{"rendered":"Papa im Einsatz \u2013 Digitale Gruppengru\u00dfkarte zur Elternzeit"},"content":{"rendered":"<p data-start=\"71\" data-end=\"303\">Papa-Modus aktiviert!<br data-start=\"92\" data-end=\"95\" \/>Mit dieser humorvollen und liebevoll gestalteten digitalen Gruppengru\u00dfkarte verabschiedet ihr einen Kollegen stilvoll in die Elternzeit oder gratuliert einem frischgebackenen Papa zu seinem gr\u00f6\u00dften Abenteuer.<\/p>\n<p data-start=\"305\" data-end=\"520\">Das coole Superhelden-Design mit kr\u00e4ftigen Farben, handgezeichneten Elementen und der Botschaft \u201ePapa im Einsatz \u2013 Wir halten die Stellung!\u201c macht diese Karte zu einer besonderen Erinnerung f\u00fcr jeden Familienhelden.<\/p>\n<p data-start=\"522\" data-end=\"532\">Ideal f\u00fcr:<\/p>\n<ul data-start=\"533\" data-end=\"676\">\n<li data-section-id=\"16p9oq9\" data-start=\"533\" data-end=\"573\">Kollegen &amp; Mitarbeitende in Elternzeit<\/li>\n<li data-section-id=\"vgafm\" data-start=\"574\" data-end=\"593\">Abschied vom Team<\/li>\n<li data-section-id=\"37ejtd\" data-start=\"594\" data-end=\"615\">Geburt eines Kindes<\/li>\n<li data-section-id=\"1dsnx15\" data-start=\"616\" data-end=\"639\">frischgebackene Papas<\/li>\n<li data-section-id=\"dzl77h\" data-start=\"640\" data-end=\"676\">Freunde, Familie &amp; Arbeitskollegen<\/li>\n<\/ul>\n<h3 data-section-id=\"tfbh6\" data-start=\"678\" data-end=\"720\">So funktioniert eure Gruppengru\u00dfkarte:<\/h3>\n<ol data-start=\"722\" data-end=\"959\">\n<li data-section-id=\"1e9hz66\" data-start=\"722\" data-end=\"752\">Lieblingsdesign ausw\u00e4hlen<\/li>\n<li data-section-id=\"c5l4at\" data-start=\"753\" data-end=\"815\">Kolleg:innen, Freund:innen oder Familie per Link einladen<\/li>\n<li data-section-id=\"1nuh3px\" data-start=\"816\" data-end=\"880\">Gemeinsam pers\u00f6nliche Nachrichten und Gl\u00fcckw\u00fcnsche erg\u00e4nzen<\/li>\n<li data-section-id=\"biqtwx\" data-start=\"881\" data-end=\"959\">Die fertige Karte digital versenden oder zus\u00e4tzlich als PDF herunterladen<\/li>\n<\/ol>\n<p data-start=\"961\" data-end=\"1039\">\u2728 Gemeinsam gestaltet, sofort versendbar und voller pers\u00f6nlicher Erinnerungen.<\/p>\n<h3 data-section-id=\"hxffk1\" data-start=\"1041\" data-end=\"1059\">Eure Vorteile:<\/h3>\n<ul data-start=\"1060\" data-end=\"1304\">\n<li data-section-id=\"n4ovc4\" data-start=\"1060\" data-end=\"1118\">Digitale Gruppengru\u00dfkarte mit mehreren Mitschreibenden<\/li>\n<li data-section-id=\"1j0udj8\" data-start=\"1119\" data-end=\"1154\">Einfach online personalisierbar<\/li>\n<li data-section-id=\"1crul8t\" data-start=\"1155\" data-end=\"1184\">Sofort digital versendbar<\/li>\n<li data-section-id=\"1a9o0yh\" data-start=\"1185\" data-end=\"1219\">Zus\u00e4tzlich als PDF downloadbar<\/li>\n<li data-section-id=\"t89qfx\" data-start=\"1220\" data-end=\"1263\">Moderne Designs zur Elternzeit &amp; Geburt<\/li>\n<li data-section-id=\"1r0oduf\" data-start=\"1264\" data-end=\"1304\">Perfekt f\u00fcr Teams, Freunde &amp; Familie<\/li>\n<\/ul>\n<p data-start=\"1306\" data-end=\"1408\" data-is-last-node=\"\" data-is-only-node=\"\">Eine originelle Aufmerksamkeit f\u00fcr alle Papas, die gerade ihre wichtigste Mission starten: Familie. \ud83d\udc99<\/p>","protected":false},"excerpt":{"rendered":"<p>Papa-Modus aktiviert!Mit dieser humorvollen und liebevoll gestalteten digitalen Gruppengru\u00dfkarte verabschiedet ihr einen Kollegen stilvoll in die Elternzeit oder gratuliert einem frischgebackenen Papa zu seinem gr\u00f6\u00dften Abenteuer. Das coole Superhelden-Design mit [&hellip;]<\/p>","protected":false},"author":20,"featured_media":21845,"comment_status":"open","ping_status":"closed","template":"","meta":{"_acf_changed":false,"inline_featured_image":false,"footnotes":""},"product_cat":[18,85,533,84,98,100,158,111,169],"product_tag":[279,395,197,146,534,148,294],"class_list":["post-22408","product","type-product","status-publish","has-post-thumbnail","hentry","product_cat-eltern","product_cat-abschied-verlaesst-unternehmen","product_cat-abschied-elternzeit","product_cat-anlaesse","product_cat-geburt-kind","product_cat-junge","product_cat-mama","product_cat-mama-papa","product_cat-papa","product_tag-abschied","product_tag-abschiedskarte","product_tag-baby","product_tag-eltern","product_tag-elternzeit","product_tag-papa","product_tag-vater","pa_variante-basic","pa_variante-premium"],"acf":[],"_links":{"self":[{"href":"https:\/\/ocardoo.com\/en\/wp-json\/wp\/v2\/product\/22408","targetHints":{"allow":["GET"]}}],"collection":[{"href":"https:\/\/ocardoo.com\/en\/wp-json\/wp\/v2\/product"}],"about":[{"href":"https:\/\/ocardoo.com\/en\/wp-json\/wp\/v2\/types\/product"}],"author":[{"embeddable":true,"href":"https:\/\/ocardoo.com\/en\/wp-json\/wp\/v2\/users\/20"}],"replies":[{"embeddable":true,"href":"https:\/\/ocardoo.com\/en\/wp-json\/wp\/v2\/comments?post=22408"}],"version-history":[{"count":2,"href":"https:\/\/ocardoo.com\/en\/wp-json\/wp\/v2\/product\/22408\/revisions"}],"predecessor-version":[{"id":22412,"href":"https:\/\/ocardoo.com\/en\/wp-json\/wp\/v2\/product\/22408\/revisions\/22412"}],"wp:featuredmedia":[{"embeddable":true,"href":"https:\/\/ocardoo.com\/en\/wp-json\/wp\/v2\/media\/21845"}],"wp:attachment":[{"href":"https:\/\/ocardoo.com\/en\/wp-json\/wp\/v2\/media?parent=22408"}],"wp:term":[{"taxonomy":"product_cat","embeddable":true,"href":"https:\/\/ocardoo.com\/en\/wp-json\/wp\/v2\/product_cat?post=22408"},{"taxonomy":"product_tag","embeddable":true,"href":"https:\/\/ocardoo.com\/en\/wp-json\/wp\/v2\/product_tag?post=22408"}],"curies":[{"name":"wp","href":"https:\/\/api.w.org\/{rel}","templated":true}]}}