{"id":22413,"date":"2026-05-16T22:47:25","date_gmt":"2026-05-16T20:47:25","guid":{"rendered":"https:\/\/ocardoo.com\/?post_type=product&#038;p=22413"},"modified":"2026-05-16T22:49:26","modified_gmt":"2026-05-16T20:49:26","slug":"31303","status":"publish","type":"product","link":"https:\/\/ocardoo.com\/en\/product\/31303\/","title":{"rendered":"Papa im Einsatz \u2013 Lustige digitale Gruppengru\u00dfkarte zur Elternzeit \ud83d\udc99\ud83e\uddb8\u200d\u2642\ufe0f"},"content":{"rendered":"<p data-start=\"79\" data-end=\"345\">Jetzt beginnt die wichtigste Mission \u00fcberhaupt: Papa sein!<br data-start=\"137\" data-end=\"140\" \/>Mit dieser modernen digitalen Gruppengru\u00dfkarte verabschiedet ihr einen Kollegen humorvoll und gleichzeitig emotional in die Elternzeit oder gratuliert einem frischgebackenen Papa zu seinem neuen Abenteuer.<\/p>\n<p data-start=\"347\" data-end=\"535\">Das coole Superhelden-Design mit kr\u00e4ftigen Blau- und Gelbt\u00f6nen, Comic-Elementen und liebevollen Details macht diese Karte zu einem echten Highlight f\u00fcr werdende oder frischgebackene V\u00e4ter.<\/p>\n<p data-start=\"537\" data-end=\"558\">Perfekt geeignet f\u00fcr:<\/p>\n<ul data-start=\"559\" data-end=\"700\">\n<li data-section-id=\"1mfxh50\" data-start=\"559\" data-end=\"585\">Kollegen in Elternzeit<\/li>\n<li data-section-id=\"1iah84z\" data-start=\"586\" data-end=\"611\">Abschied aus dem B\u00fcro<\/li>\n<li data-section-id=\"1uvmar5\" data-start=\"612\" data-end=\"640\">Geburt &amp; Familienzuwachs<\/li>\n<li data-section-id=\"155u07m\" data-start=\"641\" data-end=\"678\">Team-Geschenke f\u00fcr werdende Papas<\/li>\n<li data-section-id=\"1vp00na\" data-start=\"679\" data-end=\"700\">Freunde &amp; Familie<\/li>\n<\/ul>\n<h3 data-section-id=\"o01qgc\" data-start=\"702\" data-end=\"746\">Gemeinsam gestalten \u2013 so einfach geht\u2019s:<\/h3>\n<ol data-start=\"748\" data-end=\"980\">\n<li data-section-id=\"6gi6v0\" data-start=\"748\" data-end=\"774\">Wunschmotiv ausw\u00e4hlen<\/li>\n<li data-section-id=\"1ax7tw\" data-start=\"775\" data-end=\"827\">Den Kartenlink mit allen Mitschreibenden teilen<\/li>\n<li data-section-id=\"19xj7zp\" data-start=\"828\" data-end=\"894\">Pers\u00f6nliche W\u00fcnsche, Gr\u00fc\u00dfe und Nachrichten gemeinsam erg\u00e4nzen<\/li>\n<li data-section-id=\"ozuyzt\" data-start=\"895\" data-end=\"980\">Fertige Karte flexibel digital verschicken oder zus\u00e4tzlich als PDF herunterladen<\/li>\n<\/ol>\n<p data-start=\"982\" data-end=\"1051\">\u2728 Pers\u00f6nlich, modern und ideal f\u00fcr gemeinsame \u00dcberraschungen im Team.<\/p>\n<h3 data-section-id=\"153gdaj\" data-start=\"1053\" data-end=\"1092\">Highlights der digitalen Gru\u00dfkarte:<\/h3>\n<ul data-start=\"1093\" data-end=\"1331\">\n<li data-section-id=\"wi7q70\" data-start=\"1093\" data-end=\"1143\">Digitale Gruppengru\u00dfkarte f\u00fcr mehrere Personen<\/li>\n<li data-section-id=\"1y9hf5u\" data-start=\"1144\" data-end=\"1179\">Online gemeinsam unterschreiben<\/li>\n<li data-section-id=\"1crul8t\" data-start=\"1180\" data-end=\"1209\">Sofort digital versendbar<\/li>\n<li data-section-id=\"1a9o0yh\" data-start=\"1210\" data-end=\"1244\">Zus\u00e4tzlich als PDF downloadbar<\/li>\n<li data-section-id=\"hnaodq\" data-start=\"1245\" data-end=\"1294\">Humorvolles Papa-Design mit Superhelden-Motiv<\/li>\n<li data-section-id=\"hw175l\" data-start=\"1295\" data-end=\"1331\">Ideal zur Elternzeit oder Geburt<\/li>\n<\/ul>\n<p data-start=\"1333\" data-end=\"1438\" data-is-last-node=\"\" data-is-only-node=\"\">Eine besondere Erinnerung f\u00fcr alle Superpapas, die gerade ihre wichtigste Aufgabe \u00fcbernehmen: Familie. \ud83d\udc99<\/p>","protected":false},"excerpt":{"rendered":"<p>Jetzt beginnt die wichtigste Mission \u00fcberhaupt: Papa sein!Mit dieser modernen digitalen Gruppengru\u00dfkarte verabschiedet ihr einen Kollegen humorvoll und gleichzeitig emotional in die Elternzeit oder gratuliert einem frischgebackenen Papa zu seinem [&hellip;]<\/p>","protected":false},"author":20,"featured_media":21846,"comment_status":"open","ping_status":"closed","template":"","meta":{"_acf_changed":false,"inline_featured_image":false,"footnotes":""},"product_cat":[18,85,533,84,98,100,158,111,169],"product_tag":[279,395,197,146,534,148,294],"class_list":["post-22413","product","type-product","status-publish","has-post-thumbnail","hentry","product_cat-eltern","product_cat-abschied-verlaesst-unternehmen","product_cat-abschied-elternzeit","product_cat-anlaesse","product_cat-geburt-kind","product_cat-junge","product_cat-mama","product_cat-mama-papa","product_cat-papa","product_tag-abschied","product_tag-abschiedskarte","product_tag-baby","product_tag-eltern","product_tag-elternzeit","product_tag-papa","product_tag-vater","pa_variante-basic","pa_variante-premium"],"acf":[],"_links":{"self":[{"href":"https:\/\/ocardoo.com\/en\/wp-json\/wp\/v2\/product\/22413","targetHints":{"allow":["GET"]}}],"collection":[{"href":"https:\/\/ocardoo.com\/en\/wp-json\/wp\/v2\/product"}],"about":[{"href":"https:\/\/ocardoo.com\/en\/wp-json\/wp\/v2\/types\/product"}],"author":[{"embeddable":true,"href":"https:\/\/ocardoo.com\/en\/wp-json\/wp\/v2\/users\/20"}],"replies":[{"embeddable":true,"href":"https:\/\/ocardoo.com\/en\/wp-json\/wp\/v2\/comments?post=22413"}],"version-history":[{"count":3,"href":"https:\/\/ocardoo.com\/en\/wp-json\/wp\/v2\/product\/22413\/revisions"}],"predecessor-version":[{"id":22418,"href":"https:\/\/ocardoo.com\/en\/wp-json\/wp\/v2\/product\/22413\/revisions\/22418"}],"wp:featuredmedia":[{"embeddable":true,"href":"https:\/\/ocardoo.com\/en\/wp-json\/wp\/v2\/media\/21846"}],"wp:attachment":[{"href":"https:\/\/ocardoo.com\/en\/wp-json\/wp\/v2\/media?parent=22413"}],"wp:term":[{"taxonomy":"product_cat","embeddable":true,"href":"https:\/\/ocardoo.com\/en\/wp-json\/wp\/v2\/product_cat?post=22413"},{"taxonomy":"product_tag","embeddable":true,"href":"https:\/\/ocardoo.com\/en\/wp-json\/wp\/v2\/product_tag?post=22413"}],"curies":[{"name":"wp","href":"https:\/\/api.w.org\/{rel}","templated":true}]}}