{"id":22424,"date":"2026-05-16T22:53:35","date_gmt":"2026-05-16T20:53:35","guid":{"rendered":"https:\/\/ocardoo.com\/?post_type=product&#038;p=22424"},"modified":"2026-05-16T22:56:14","modified_gmt":"2026-05-16T20:56:14","slug":"11317","status":"publish","type":"product","link":"https:\/\/ocardoo.com\/en\/product\/11317\/","title":{"rendered":"Wir sind so dankbar, dass es dich gibt \u2013 Digitale Gruppengru\u00dfkarte"},"content":{"rendered":"<p data-start=\"74\" data-end=\"438\">Manche Menschen machen das Leben einfach sch\u00f6ner.<br data-start=\"123\" data-end=\"126\" \/>Mit dieser stilvollen digitalen Gru\u00dfkarte zeigt ihr einem besonderen Menschen, wie dankbar ihr f\u00fcr ihn oder sie seid. Ob zum Geburtstag, als liebe \u00dcberraschung, f\u00fcr die beste Freundin, Mama, Kollegin oder einfach zwischendurch \u2013 diese Karte bringt Wertsch\u00e4tzung auf eine besonders pers\u00f6nliche Weise zum Ausdruck.<\/p>\n<p data-start=\"440\" data-end=\"598\">Das moderne Design in sanften Lilat\u00f6nen wirkt elegant, emotional und zeitlos zugleich. Perfekt f\u00fcr gemeinsame Gl\u00fcckw\u00fcnsche voller Herz und echter Dankbarkeit.<\/p>\n<p data-start=\"600\" data-end=\"619\">Ideal geeignet f\u00fcr:<\/p>\n<ul data-start=\"620\" data-end=\"779\">\n<li data-section-id=\"15fz4kf\" data-start=\"620\" data-end=\"635\">Geburtstage<\/li>\n<li data-section-id=\"7j5tf\" data-start=\"636\" data-end=\"651\">Danke sagen<\/li>\n<li data-section-id=\"o35k20\" data-start=\"652\" data-end=\"678\">Freundschaft &amp; Familie<\/li>\n<li data-section-id=\"1mxmnfc\" data-start=\"679\" data-end=\"713\">Kolleg:innen &amp; Herzensmenschen<\/li>\n<li data-section-id=\"zjrjig\" data-start=\"714\" data-end=\"754\">\u00dcberraschungen mit pers\u00f6nlicher Note<\/li>\n<li data-section-id=\"b2qx2p\" data-start=\"755\" data-end=\"779\">gemeinsame Teamgr\u00fc\u00dfe<\/li>\n<\/ul>\n<h3 data-section-id=\"sqc89x\" data-start=\"781\" data-end=\"832\">So funktioniert eure digitale Gruppengru\u00dfkarte:<\/h3>\n<ol data-start=\"834\" data-end=\"1063\">\n<li data-section-id=\"5my58n\" data-start=\"834\" data-end=\"861\">Wunschdesign ausw\u00e4hlen<\/li>\n<li data-section-id=\"14d1765\" data-start=\"862\" data-end=\"922\">Link mit Freund:innen, Familie oder Kolleg:innen teilen<\/li>\n<li data-section-id=\"1pgbmmv\" data-start=\"923\" data-end=\"984\">Gemeinsam pers\u00f6nliche Nachrichten und W\u00fcnsche hinzuf\u00fcgen<\/li>\n<li data-section-id=\"biqtwx\" data-start=\"985\" data-end=\"1063\">Die fertige Karte digital versenden oder zus\u00e4tzlich als PDF herunterladen<\/li>\n<\/ol>\n<p data-start=\"1065\" data-end=\"1137\">\u2728 Pers\u00f6nlich, modern und gemeinsam gestaltet \u2013 auch \u00fcber Distanz hinweg.<\/p>\n<h3 data-section-id=\"hxffk1\" data-start=\"1139\" data-end=\"1157\">Eure Vorteile:<\/h3>\n<ul data-start=\"1158\" data-end=\"1392\">\n<li data-section-id=\"ugxk2k\" data-start=\"1158\" data-end=\"1214\">Digitale Gruppengru\u00dfkarte f\u00fcr mehrere Mitschreibende<\/li>\n<li data-section-id=\"1j0udj8\" data-start=\"1215\" data-end=\"1250\">Einfach online personalisierbar<\/li>\n<li data-section-id=\"1crul8t\" data-start=\"1251\" data-end=\"1280\">Sofort digital versendbar<\/li>\n<li data-section-id=\"1a9o0yh\" data-start=\"1281\" data-end=\"1315\">Zus\u00e4tzlich als PDF downloadbar<\/li>\n<li data-section-id=\"187ucz9\" data-start=\"1316\" data-end=\"1349\">Modernes &amp; emotionales Design<\/li>\n<li data-section-id=\"1tpauy1\" data-start=\"1350\" data-end=\"1392\">Perfekt f\u00fcr pers\u00f6nliche \u00dcberraschungen<\/li>\n<\/ul>\n<p data-start=\"1394\" data-end=\"1491\" data-is-last-node=\"\" data-is-only-node=\"\">Eine wundersch\u00f6ne M\u00f6glichkeit, einem besonderen Menschen zu sagen:<br data-start=\"1460\" data-end=\"1463\" \/>Sch\u00f6n, dass es dich gibt. \ud83d\udc9c<\/p>","protected":false},"excerpt":{"rendered":"<p>Manche Menschen machen das Leben einfach sch\u00f6ner.Mit dieser stilvollen digitalen Gru\u00dfkarte zeigt ihr einem besonderen Menschen, wie dankbar ihr f\u00fcr ihn oder sie seid. Ob zum Geburtstag, als liebe \u00dcberraschung, [&hellip;]<\/p>","protected":false},"author":20,"featured_media":21662,"comment_status":"open","ping_status":"closed","template":"","meta":{"_acf_changed":false,"inline_featured_image":false,"footnotes":""},"product_cat":[80,79],"product_tag":[278,49,525,230],"class_list":["post-22424","product","type-product","status-publish","has-post-thumbnail","hentry","product_cat-geburtstag","product_cat-gratulation","product_tag-birthday","product_tag-geburtstag","product_tag-geburtstagskarte-von-uns-allen","product_tag-happy-birthday","pa_variante-basic","pa_variante-premium"],"acf":[],"_links":{"self":[{"href":"https:\/\/ocardoo.com\/en\/wp-json\/wp\/v2\/product\/22424","targetHints":{"allow":["GET"]}}],"collection":[{"href":"https:\/\/ocardoo.com\/en\/wp-json\/wp\/v2\/product"}],"about":[{"href":"https:\/\/ocardoo.com\/en\/wp-json\/wp\/v2\/types\/product"}],"author":[{"embeddable":true,"href":"https:\/\/ocardoo.com\/en\/wp-json\/wp\/v2\/users\/20"}],"replies":[{"embeddable":true,"href":"https:\/\/ocardoo.com\/en\/wp-json\/wp\/v2\/comments?post=22424"}],"version-history":[{"count":2,"href":"https:\/\/ocardoo.com\/en\/wp-json\/wp\/v2\/product\/22424\/revisions"}],"predecessor-version":[{"id":22428,"href":"https:\/\/ocardoo.com\/en\/wp-json\/wp\/v2\/product\/22424\/revisions\/22428"}],"wp:featuredmedia":[{"embeddable":true,"href":"https:\/\/ocardoo.com\/en\/wp-json\/wp\/v2\/media\/21662"}],"wp:attachment":[{"href":"https:\/\/ocardoo.com\/en\/wp-json\/wp\/v2\/media?parent=22424"}],"wp:term":[{"taxonomy":"product_cat","embeddable":true,"href":"https:\/\/ocardoo.com\/en\/wp-json\/wp\/v2\/product_cat?post=22424"},{"taxonomy":"product_tag","embeddable":true,"href":"https:\/\/ocardoo.com\/en\/wp-json\/wp\/v2\/product_tag?post=22424"}],"curies":[{"name":"wp","href":"https:\/\/api.w.org\/{rel}","templated":true}]}}