{"id":22429,"date":"2026-05-16T22:58:11","date_gmt":"2026-05-16T20:58:11","guid":{"rendered":"https:\/\/ocardoo.com\/?post_type=product&#038;p=22429"},"modified":"2026-05-16T23:00:49","modified_gmt":"2026-05-16T21:00:49","slug":"11316","status":"publish","type":"product","link":"https:\/\/ocardoo.com\/en\/product\/11316\/","title":{"rendered":"Du bist wertvoll. Wunderbar. Einzigartig. \u2013 Digitale Gruppengru\u00dfkarte \ud83d\udc9c"},"content":{"rendered":"<p data-start=\"77\" data-end=\"342\">Mit dieser stilvollen digitalen Gru\u00dfkarte zeigt ihr einem besonderen Menschen, wie wertvoll und einzigartig er oder sie ist. Ob zum Geburtstag, als liebe \u00dcberraschung, Dankesch\u00f6n oder pers\u00f6nliche Wertsch\u00e4tzung \u2013 diese Karte sorgt f\u00fcr emotionale Momente voller Herz.<\/p>\n<p data-start=\"344\" data-end=\"458\">Das elegante Design in modernen Lilat\u00f6nen mit trendigem Muster wirkt hochwertig, feminin und gleichzeitig zeitlos.<\/p>\n<p data-start=\"460\" data-end=\"481\">Perfekt geeignet f\u00fcr:<\/p>\n<ul data-start=\"482\" data-end=\"641\">\n<li data-section-id=\"165hj7e\" data-start=\"482\" data-end=\"496\">Birthday<\/li>\n<li data-section-id=\"1suu027\" data-start=\"497\" data-end=\"528\">Wertsch\u00e4tzung &amp; Danke sagen<\/li>\n<li data-section-id=\"1cqj9q9\" data-start=\"529\" data-end=\"557\">beste Freundin &amp; Familie<\/li>\n<li data-section-id=\"1rv23by\" data-start=\"558\" data-end=\"582\">Kolleg:innen &amp; Teams<\/li>\n<li data-section-id=\"76pomy\" data-start=\"583\" data-end=\"613\">pers\u00f6nliche \u00dcberraschungen<\/li>\n<li data-section-id=\"z75xq5\" data-start=\"614\" data-end=\"641\">liebevolle Herzensgr\u00fc\u00dfe<\/li>\n<\/ul>\n<h3 data-section-id=\"sqc89x\" data-start=\"643\" data-end=\"694\">So funktioniert eure digitale Gruppengru\u00dfkarte:<\/h3>\n<ol data-start=\"696\" data-end=\"905\">\n<li data-section-id=\"1sbr4yb\" data-start=\"696\" data-end=\"717\">Design ausw\u00e4hlen<\/li>\n<li data-section-id=\"14d1765\" data-start=\"718\" data-end=\"778\">Link mit Freund:innen, Familie oder Kolleg:innen teilen<\/li>\n<li data-section-id=\"8495m2\" data-start=\"779\" data-end=\"838\">Gemeinsam pers\u00f6nliche W\u00fcnsche und Nachrichten erg\u00e4nzen<\/li>\n<li data-section-id=\"8veu9j\" data-start=\"839\" data-end=\"905\">Karte digital versenden oder zus\u00e4tzlich als PDF herunterladen<\/li>\n<\/ol>\n<p data-start=\"907\" data-end=\"952\">\u2728 Pers\u00f6nlich, modern und gemeinsam gestaltet.<\/p>\n<h3 data-section-id=\"hxffk1\" data-start=\"954\" data-end=\"972\">Eure Vorteile:<\/h3>\n<ul data-start=\"973\" data-end=\"1177\">\n<li data-section-id=\"jz1gtm\" data-start=\"973\" data-end=\"1002\">Digitale Gruppengru\u00dfkarte<\/li>\n<li data-section-id=\"rk2jsy\" data-start=\"1003\" data-end=\"1038\">Gemeinsam online unterschreiben<\/li>\n<li data-section-id=\"1crul8t\" data-start=\"1039\" data-end=\"1068\">Sofort digital versendbar<\/li>\n<li data-section-id=\"1a9o0yh\" data-start=\"1069\" data-end=\"1103\">Zus\u00e4tzlich als PDF downloadbar<\/li>\n<li data-section-id=\"15le41h\" data-start=\"1104\" data-end=\"1137\">Emotionales &amp; modernes Design<\/li>\n<li data-section-id=\"13p3hvr\" data-start=\"1138\" data-end=\"1177\">Ideal f\u00fcr gemeinsame \u00dcberraschungen<\/li>\n<\/ul>\n<p data-start=\"1179\" data-end=\"1249\" data-is-last-node=\"\" data-is-only-node=\"\">Eine besondere Gru\u00dfkarte f\u00fcr Menschen, die gefeiert werden sollten. \ud83d\udc9c<\/p>","protected":false},"excerpt":{"rendered":"<p>Mit dieser stilvollen digitalen Gru\u00dfkarte zeigt ihr einem besonderen Menschen, wie wertvoll und einzigartig er oder sie ist. Ob zum Geburtstag, als liebe \u00dcberraschung, Dankesch\u00f6n oder pers\u00f6nliche Wertsch\u00e4tzung \u2013 diese [&hellip;]<\/p>","protected":false},"author":20,"featured_media":21661,"comment_status":"open","ping_status":"closed","template":"","meta":{"_acf_changed":false,"inline_featured_image":false,"footnotes":""},"product_cat":[80,79],"product_tag":[278,49,525,230],"class_list":["post-22429","product","type-product","status-publish","has-post-thumbnail","hentry","product_cat-geburtstag","product_cat-gratulation","product_tag-birthday","product_tag-geburtstag","product_tag-geburtstagskarte-von-uns-allen","product_tag-happy-birthday","pa_variante-basic","pa_variante-premium"],"acf":[],"_links":{"self":[{"href":"https:\/\/ocardoo.com\/en\/wp-json\/wp\/v2\/product\/22429","targetHints":{"allow":["GET"]}}],"collection":[{"href":"https:\/\/ocardoo.com\/en\/wp-json\/wp\/v2\/product"}],"about":[{"href":"https:\/\/ocardoo.com\/en\/wp-json\/wp\/v2\/types\/product"}],"author":[{"embeddable":true,"href":"https:\/\/ocardoo.com\/en\/wp-json\/wp\/v2\/users\/20"}],"replies":[{"embeddable":true,"href":"https:\/\/ocardoo.com\/en\/wp-json\/wp\/v2\/comments?post=22429"}],"version-history":[{"count":3,"href":"https:\/\/ocardoo.com\/en\/wp-json\/wp\/v2\/product\/22429\/revisions"}],"predecessor-version":[{"id":22445,"href":"https:\/\/ocardoo.com\/en\/wp-json\/wp\/v2\/product\/22429\/revisions\/22445"}],"wp:featuredmedia":[{"embeddable":true,"href":"https:\/\/ocardoo.com\/en\/wp-json\/wp\/v2\/media\/21661"}],"wp:attachment":[{"href":"https:\/\/ocardoo.com\/en\/wp-json\/wp\/v2\/media?parent=22429"}],"wp:term":[{"taxonomy":"product_cat","embeddable":true,"href":"https:\/\/ocardoo.com\/en\/wp-json\/wp\/v2\/product_cat?post=22429"},{"taxonomy":"product_tag","embeddable":true,"href":"https:\/\/ocardoo.com\/en\/wp-json\/wp\/v2\/product_tag?post=22429"}],"curies":[{"name":"wp","href":"https:\/\/api.w.org\/{rel}","templated":true}]}}