{"id":22434,"date":"2026-05-16T23:01:49","date_gmt":"2026-05-16T21:01:49","guid":{"rendered":"https:\/\/ocardoo.com\/?post_type=product&#038;p=22434"},"modified":"2026-05-16T23:10:02","modified_gmt":"2026-05-16T21:10:02","slug":"11315","status":"publish","type":"product","link":"https:\/\/ocardoo.com\/en\/product\/11315\/","title":{"rendered":"60 ist kein Alter \u2013 Digitale Gruppengru\u00dfkarte zum 60. Geburtstag \ud83c\udf89"},"content":{"rendered":"<p data-start=\"72\" data-end=\"366\">Sechzig ist kein Alter \u2013 sondern ein verdammt gutes Lebenslevel!<br data-start=\"136\" data-end=\"139\" \/>Mit dieser modernen digitalen Geburtstagskarte \u00fcberrascht ihr das Geburtstagskind humorvoll, stilvoll und pers\u00f6nlich. Perfekt f\u00fcr den 60. Geburtstag von Kolleg:innen, Freunden, Familienmitgliedern oder echten Lieblingsmenschen.<\/p>\n<p data-start=\"368\" data-end=\"500\">Das minimalistische Design mit kr\u00e4ftiger Typografie und modernen Farben sorgt f\u00fcr einen eleganten und gleichzeitig humorvollen Look.<\/p>\n<p data-start=\"502\" data-end=\"521\">Ideal geeignet f\u00fcr:<\/p>\n<ul data-start=\"522\" data-end=\"669\">\n<li data-section-id=\"6nzu9e\" data-start=\"522\" data-end=\"540\">60. Geburtstag<\/li>\n<li data-section-id=\"1rv23by\" data-start=\"541\" data-end=\"565\">Kolleg:innen &amp; Teams<\/li>\n<li data-section-id=\"1vp00na\" data-start=\"566\" data-end=\"587\">Freunde &amp; Familie<\/li>\n<li data-section-id=\"1m5fiz\" data-start=\"588\" data-end=\"607\">M\u00e4nner &amp; Frauen<\/li>\n<li data-section-id=\"1hxeval\" data-start=\"608\" data-end=\"639\">gemeinsame Geburtstagsgr\u00fc\u00dfe<\/li>\n<li data-section-id=\"w7orjg\" data-start=\"640\" data-end=\"669\">humorvolle \u00dcberraschungen<\/li>\n<\/ul>\n<h3 data-section-id=\"sqc89x\" data-start=\"671\" data-end=\"722\">So funktioniert eure digitale Gruppengru\u00dfkarte:<\/h3>\n<ol data-start=\"724\" data-end=\"916\">\n<li data-section-id=\"1sbr4yb\" data-start=\"724\" data-end=\"745\">Design ausw\u00e4hlen<\/li>\n<li data-section-id=\"15tzj9o\" data-start=\"746\" data-end=\"788\">Link mit allen Mitschreibenden teilen<\/li>\n<li data-section-id=\"1snmtja\" data-start=\"789\" data-end=\"849\">Gemeinsam pers\u00f6nliche W\u00fcnsche und Gl\u00fcckw\u00fcnsche erg\u00e4nzen<\/li>\n<li data-section-id=\"8veu9j\" data-start=\"850\" data-end=\"916\">Karte digital versenden oder zus\u00e4tzlich als PDF herunterladen<\/li>\n<\/ol>\n<p data-start=\"918\" data-end=\"963\">\u2728 Pers\u00f6nlich, modern und gemeinsam gestaltet.<\/p>\n<h3 data-section-id=\"hxffk1\" data-start=\"965\" data-end=\"983\">Eure Vorteile:<\/h3>\n<ul data-start=\"984\" data-end=\"1206\">\n<li data-section-id=\"tzpw4y\" data-start=\"984\" data-end=\"1032\">Digitale Gruppengru\u00dfkarte zum 60. Geburtstag<\/li>\n<li data-section-id=\"rk2jsy\" data-start=\"1033\" data-end=\"1068\">Gemeinsam online unterschreiben<\/li>\n<li data-section-id=\"1crul8t\" data-start=\"1069\" data-end=\"1098\">Sofort digital versendbar<\/li>\n<li data-section-id=\"1a9o0yh\" data-start=\"1099\" data-end=\"1133\">Zus\u00e4tzlich als PDF downloadbar<\/li>\n<li data-section-id=\"8hihw7\" data-start=\"1134\" data-end=\"1167\">Modernes &amp; humorvolles Design<\/li>\n<li data-section-id=\"5mk1gp\" data-start=\"1168\" data-end=\"1206\">Ideal f\u00fcr Teams, Freunde &amp; Familie<\/li>\n<\/ul>\n<p data-start=\"1208\" data-end=\"1304\" data-is-last-node=\"\" data-is-only-node=\"\">Eine originelle Geburtstagskarte f\u00fcr alle, die 60 mit Stil, Humor und ganz viel Leben feiern. \ud83d\udc96<\/p>","protected":false},"excerpt":{"rendered":"<p>Sechzig ist kein Alter \u2013 sondern ein verdammt gutes Lebenslevel!Mit dieser modernen digitalen Geburtstagskarte \u00fcberrascht ihr das Geburtstagskind humorvoll, stilvoll und pers\u00f6nlich. Perfekt f\u00fcr den 60. Geburtstag von Kolleg:innen, Freunden, [&hellip;]<\/p>","protected":false},"author":20,"featured_media":21660,"comment_status":"open","ping_status":"closed","template":"","meta":{"_acf_changed":false,"inline_featured_image":false,"footnotes":""},"product_cat":[80,79],"product_tag":[278,49,525,230],"class_list":["post-22434","product","type-product","status-publish","has-post-thumbnail","hentry","product_cat-geburtstag","product_cat-gratulation","product_tag-birthday","product_tag-geburtstag","product_tag-geburtstagskarte-von-uns-allen","product_tag-happy-birthday","pa_variante-basic","pa_variante-premium"],"acf":[],"_links":{"self":[{"href":"https:\/\/ocardoo.com\/en\/wp-json\/wp\/v2\/product\/22434","targetHints":{"allow":["GET"]}}],"collection":[{"href":"https:\/\/ocardoo.com\/en\/wp-json\/wp\/v2\/product"}],"about":[{"href":"https:\/\/ocardoo.com\/en\/wp-json\/wp\/v2\/types\/product"}],"author":[{"embeddable":true,"href":"https:\/\/ocardoo.com\/en\/wp-json\/wp\/v2\/users\/20"}],"replies":[{"embeddable":true,"href":"https:\/\/ocardoo.com\/en\/wp-json\/wp\/v2\/comments?post=22434"}],"version-history":[{"count":3,"href":"https:\/\/ocardoo.com\/en\/wp-json\/wp\/v2\/product\/22434\/revisions"}],"predecessor-version":[{"id":22444,"href":"https:\/\/ocardoo.com\/en\/wp-json\/wp\/v2\/product\/22434\/revisions\/22444"}],"wp:featuredmedia":[{"embeddable":true,"href":"https:\/\/ocardoo.com\/en\/wp-json\/wp\/v2\/media\/21660"}],"wp:attachment":[{"href":"https:\/\/ocardoo.com\/en\/wp-json\/wp\/v2\/media?parent=22434"}],"wp:term":[{"taxonomy":"product_cat","embeddable":true,"href":"https:\/\/ocardoo.com\/en\/wp-json\/wp\/v2\/product_cat?post=22434"},{"taxonomy":"product_tag","embeddable":true,"href":"https:\/\/ocardoo.com\/en\/wp-json\/wp\/v2\/product_tag?post=22434"}],"curies":[{"name":"wp","href":"https:\/\/api.w.org\/{rel}","templated":true}]}}