{"id":4085,"date":"2021-09-06T12:33:09","date_gmt":"2021-09-06T10:33:09","guid":{"rendered":"https:\/\/ocardoo.com\/?post_type=product&#038;p=4085"},"modified":"2022-02-11T14:22:58","modified_gmt":"2022-02-11T13:22:58","slug":"lets-celebrate","status":"publish","type":"product","link":"https:\/\/ocardoo.com\/en\/product\/lets-celebrate\/","title":{"rendered":"Gruppen-Gru\u00dfkarte Sekt \u201cLET&#8217;S CELEBRATE &#8211; HAPPY BIRTHDAY\u201d"},"content":{"rendered":"<p>You may not all be able to celebrate this special day together, but there's nothing to stop the whole troop from sending a lovely congratulations in the form of a digital group greeting card.<\/p>\n<p>You celebrate and wish Happy Birthday with your very own individual greeting card. As you can see from the card cover, you are not only popping the champagne corks, you are also collectively congratulating the birthday boy or girl in a very special way. Because with the digital group greeting card, not only does everyone simply sign their name, everyone has the opportunity to create their own page with a personal message and photos. How happy do you think the person celebrating will be when they open the personalised greeting card and see all the lovely messages and souvenir photos? Honestly, such a personal gift will be hard to beat!<\/p>\n<p>Versende liebe Gruppen-Geburtstagsgr\u00fc\u00dfe ganz einfach mit einer digitalen Gru\u00dfkarte &#8211; Einfach. Anders. Individuell. &#8211; Die digitale Gru\u00dfkarte von <strong>Ocardoo<\/strong><\/p>","protected":false},"excerpt":{"rendered":"<p>Your clique has existed since your school days and now the birthday of the \"expatriate\" is coming up who is currently on holiday abroad or travelling for work?<\/p>\n<p>&nbsp;<\/p>","protected":false},"author":5,"featured_media":4086,"comment_status":"open","ping_status":"closed","template":"","meta":{"_acf_changed":false,"inline_featured_image":false,"footnotes":""},"product_cat":[80,79],"product_tag":[238,199,49,227],"class_list":["post-4085","product","type-product","status-publish","has-post-thumbnail","hentry","product_cat-geburtstag","product_cat-gratulation","product_tag-celebrate","product_tag-geburtskarte","product_tag-geburtstag","product_tag-gratulation","pa_variante-basic","pa_variante-premium"],"acf":[],"_links":{"self":[{"href":"https:\/\/ocardoo.com\/en\/wp-json\/wp\/v2\/product\/4085","targetHints":{"allow":["GET"]}}],"collection":[{"href":"https:\/\/ocardoo.com\/en\/wp-json\/wp\/v2\/product"}],"about":[{"href":"https:\/\/ocardoo.com\/en\/wp-json\/wp\/v2\/types\/product"}],"author":[{"embeddable":true,"href":"https:\/\/ocardoo.com\/en\/wp-json\/wp\/v2\/users\/5"}],"replies":[{"embeddable":true,"href":"https:\/\/ocardoo.com\/en\/wp-json\/wp\/v2\/comments?post=4085"}],"version-history":[{"count":4,"href":"https:\/\/ocardoo.com\/en\/wp-json\/wp\/v2\/product\/4085\/revisions"}],"predecessor-version":[{"id":6791,"href":"https:\/\/ocardoo.com\/en\/wp-json\/wp\/v2\/product\/4085\/revisions\/6791"}],"wp:featuredmedia":[{"embeddable":true,"href":"https:\/\/ocardoo.com\/en\/wp-json\/wp\/v2\/media\/4086"}],"wp:attachment":[{"href":"https:\/\/ocardoo.com\/en\/wp-json\/wp\/v2\/media?parent=4085"}],"wp:term":[{"taxonomy":"product_cat","embeddable":true,"href":"https:\/\/ocardoo.com\/en\/wp-json\/wp\/v2\/product_cat?post=4085"},{"taxonomy":"product_tag","embeddable":true,"href":"https:\/\/ocardoo.com\/en\/wp-json\/wp\/v2\/product_tag?post=4085"}],"curies":[{"name":"wp","href":"https:\/\/api.w.org\/{rel}","templated":true}]}}