{"id":4087,"date":"2021-09-06T12:35:09","date_gmt":"2021-09-06T10:35:09","guid":{"rendered":"https:\/\/ocardoo.com\/?post_type=product&#038;p=4087"},"modified":"2022-03-03T11:06:44","modified_gmt":"2022-03-03T10:06:44","slug":"happy-birthday-to-you","status":"publish","type":"product","link":"https:\/\/ocardoo.com\/en\/product\/happy-birthday-to-you\/","title":{"rendered":"&#8222;Happy Birthday To You&#8220; klassische Geburtstagskarte"},"content":{"rendered":"<p>Mit der digitalen Gru\u00dfkarte von Ocardoo kannst Du Teamkarten einfach online erledigen. Als Gruppe jetzt eine Gru\u00dfkarte versenden. Online Gru\u00dfkarten<\/p>","protected":false},"excerpt":{"rendered":"<p>Mit der digitalen Gru\u00dfkarte von Ocardoo kannst Du Teamkarten einfach online erledigen. Als Gruppe jetzt eine Gru\u00dfkarte versenden. Online Gru\u00dfkarten<\/p>","protected":false},"author":5,"featured_media":4088,"comment_status":"open","ping_status":"closed","template":"","meta":{"_acf_changed":false,"inline_featured_image":false,"footnotes":""},"product_cat":[80,79],"product_tag":[49,233,230],"class_list":["post-4087","product","type-product","status-publish","has-post-thumbnail","hentry","product_cat-geburtstag","product_cat-gratulation","product_tag-geburtstag","product_tag-geburtstagskarte","product_tag-happy-birthday","pa_variante-basic","pa_variante-premium"],"acf":[],"_links":{"self":[{"href":"https:\/\/ocardoo.com\/en\/wp-json\/wp\/v2\/product\/4087","targetHints":{"allow":["GET"]}}],"collection":[{"href":"https:\/\/ocardoo.com\/en\/wp-json\/wp\/v2\/product"}],"about":[{"href":"https:\/\/ocardoo.com\/en\/wp-json\/wp\/v2\/types\/product"}],"author":[{"embeddable":true,"href":"https:\/\/ocardoo.com\/en\/wp-json\/wp\/v2\/users\/5"}],"replies":[{"embeddable":true,"href":"https:\/\/ocardoo.com\/en\/wp-json\/wp\/v2\/comments?post=4087"}],"version-history":[{"count":5,"href":"https:\/\/ocardoo.com\/en\/wp-json\/wp\/v2\/product\/4087\/revisions"}],"predecessor-version":[{"id":7007,"href":"https:\/\/ocardoo.com\/en\/wp-json\/wp\/v2\/product\/4087\/revisions\/7007"}],"wp:featuredmedia":[{"embeddable":true,"href":"https:\/\/ocardoo.com\/en\/wp-json\/wp\/v2\/media\/4088"}],"wp:attachment":[{"href":"https:\/\/ocardoo.com\/en\/wp-json\/wp\/v2\/media?parent=4087"}],"wp:term":[{"taxonomy":"product_cat","embeddable":true,"href":"https:\/\/ocardoo.com\/en\/wp-json\/wp\/v2\/product_cat?post=4087"},{"taxonomy":"product_tag","embeddable":true,"href":"https:\/\/ocardoo.com\/en\/wp-json\/wp\/v2\/product_tag?post=4087"}],"curies":[{"name":"wp","href":"https:\/\/api.w.org\/{rel}","templated":true}]}}