{"id":4100,"date":"2021-09-06T12:50:56","date_gmt":"2021-09-06T10:50:56","guid":{"rendered":"https:\/\/ocardoo.com\/?post_type=product&#038;p=4100"},"modified":"2022-02-11T12:16:20","modified_gmt":"2022-02-11T11:16:20","slug":"gut-gemacht","status":"publish","type":"product","link":"https:\/\/ocardoo.com\/en\/product\/gut-gemacht\/","title":{"rendered":"&#8222;Gut gemacht! &#8211; Wir gratulieren zur Bef\u00f6rdung&#8220; Gruppen-Gru\u00dfkarte zur Bef\u00f6rderung"},"content":{"rendered":"","protected":false},"excerpt":{"rendered":"","protected":false},"author":5,"featured_media":4101,"comment_status":"open","ping_status":"closed","template":"","meta":{"_acf_changed":false,"inline_featured_image":false,"footnotes":""},"product_cat":[81,79],"product_tag":[243,263],"class_list":["post-4100","product","type-product","status-publish","has-post-thumbnail","hentry","product_cat-befoerderung","product_cat-gratulation","product_tag-befoerderung","product_tag-emoji","pa_variante-basic","pa_variante-premium"],"acf":[],"_links":{"self":[{"href":"https:\/\/ocardoo.com\/en\/wp-json\/wp\/v2\/product\/4100","targetHints":{"allow":["GET"]}}],"collection":[{"href":"https:\/\/ocardoo.com\/en\/wp-json\/wp\/v2\/product"}],"about":[{"href":"https:\/\/ocardoo.com\/en\/wp-json\/wp\/v2\/types\/product"}],"author":[{"embeddable":true,"href":"https:\/\/ocardoo.com\/en\/wp-json\/wp\/v2\/users\/5"}],"replies":[{"embeddable":true,"href":"https:\/\/ocardoo.com\/en\/wp-json\/wp\/v2\/comments?post=4100"}],"version-history":[{"count":2,"href":"https:\/\/ocardoo.com\/en\/wp-json\/wp\/v2\/product\/4100\/revisions"}],"predecessor-version":[{"id":6753,"href":"https:\/\/ocardoo.com\/en\/wp-json\/wp\/v2\/product\/4100\/revisions\/6753"}],"wp:featuredmedia":[{"embeddable":true,"href":"https:\/\/ocardoo.com\/en\/wp-json\/wp\/v2\/media\/4101"}],"wp:attachment":[{"href":"https:\/\/ocardoo.com\/en\/wp-json\/wp\/v2\/media?parent=4100"}],"wp:term":[{"taxonomy":"product_cat","embeddable":true,"href":"https:\/\/ocardoo.com\/en\/wp-json\/wp\/v2\/product_cat?post=4100"},{"taxonomy":"product_tag","embeddable":true,"href":"https:\/\/ocardoo.com\/en\/wp-json\/wp\/v2\/product_tag?post=4100"}],"curies":[{"name":"wp","href":"https:\/\/api.w.org\/{rel}","templated":true}]}}