{"id":4104,"date":"2021-09-06T12:51:31","date_gmt":"2021-09-06T10:51:31","guid":{"rendered":"https:\/\/ocardoo.com\/?post_type=product&#038;p=4104"},"modified":"2022-02-11T12:19:04","modified_gmt":"2022-02-11T11:19:04","slug":"geschafft","status":"publish","type":"product","link":"https:\/\/ocardoo.com\/en\/product\/geschafft\/","title":{"rendered":"Gruppenkarte zur Bef\u00f6rderung &#8220; Du hast es geschafft &#8211; Zur Bef\u00f6rderung herzlichen Gl\u00fcckwunsch&#8220;"},"content":{"rendered":"","protected":false},"excerpt":{"rendered":"","protected":false},"author":5,"featured_media":4105,"comment_status":"open","ping_status":"closed","template":"","meta":{"_acf_changed":false,"inline_featured_image":false,"footnotes":""},"product_cat":[81,79],"product_tag":[],"class_list":["post-4104","product","type-product","status-publish","has-post-thumbnail","hentry","product_cat-befoerderung","product_cat-gratulation","pa_variante-basic","pa_variante-premium"],"acf":[],"_links":{"self":[{"href":"https:\/\/ocardoo.com\/en\/wp-json\/wp\/v2\/product\/4104","targetHints":{"allow":["GET"]}}],"collection":[{"href":"https:\/\/ocardoo.com\/en\/wp-json\/wp\/v2\/product"}],"about":[{"href":"https:\/\/ocardoo.com\/en\/wp-json\/wp\/v2\/types\/product"}],"author":[{"embeddable":true,"href":"https:\/\/ocardoo.com\/en\/wp-json\/wp\/v2\/users\/5"}],"replies":[{"embeddable":true,"href":"https:\/\/ocardoo.com\/en\/wp-json\/wp\/v2\/comments?post=4104"}],"version-history":[{"count":3,"href":"https:\/\/ocardoo.com\/en\/wp-json\/wp\/v2\/product\/4104\/revisions"}],"predecessor-version":[{"id":6755,"href":"https:\/\/ocardoo.com\/en\/wp-json\/wp\/v2\/product\/4104\/revisions\/6755"}],"wp:featuredmedia":[{"embeddable":true,"href":"https:\/\/ocardoo.com\/en\/wp-json\/wp\/v2\/media\/4105"}],"wp:attachment":[{"href":"https:\/\/ocardoo.com\/en\/wp-json\/wp\/v2\/media?parent=4104"}],"wp:term":[{"taxonomy":"product_cat","embeddable":true,"href":"https:\/\/ocardoo.com\/en\/wp-json\/wp\/v2\/product_cat?post=4104"},{"taxonomy":"product_tag","embeddable":true,"href":"https:\/\/ocardoo.com\/en\/wp-json\/wp\/v2\/product_tag?post=4104"}],"curies":[{"name":"wp","href":"https:\/\/api.w.org\/{rel}","templated":true}]}}