{"id":4106,"date":"2021-09-06T12:53:08","date_gmt":"2021-09-06T10:53:08","guid":{"rendered":"https:\/\/ocardoo.com\/?post_type=product&#038;p=4106"},"modified":"2022-11-02T11:40:53","modified_gmt":"2022-11-02T10:40:53","slug":"glueckwuensche-zur-befoerderung","status":"publish","type":"product","link":"https:\/\/ocardoo.com\/en\/product\/glueckwuensche-zur-befoerderung\/","title":{"rendered":"&#8222;Gl\u00fcckw\u00fcnsche zur Bef\u00f6rderung&#8220; klassische Gl\u00fcckwunschkarte mit Blumenvase"},"content":{"rendered":"","protected":false},"excerpt":{"rendered":"","protected":false},"author":5,"featured_media":4107,"comment_status":"open","ping_status":"closed","template":"","meta":{"_acf_changed":false,"inline_featured_image":false,"footnotes":""},"product_cat":[81,79],"product_tag":[243],"class_list":["post-4106","product","type-product","status-publish","has-post-thumbnail","hentry","product_cat-befoerderung","product_cat-gratulation","product_tag-befoerderung","pa_variante-basic","pa_variante-premium"],"acf":[],"_links":{"self":[{"href":"https:\/\/ocardoo.com\/en\/wp-json\/wp\/v2\/product\/4106","targetHints":{"allow":["GET"]}}],"collection":[{"href":"https:\/\/ocardoo.com\/en\/wp-json\/wp\/v2\/product"}],"about":[{"href":"https:\/\/ocardoo.com\/en\/wp-json\/wp\/v2\/types\/product"}],"author":[{"embeddable":true,"href":"https:\/\/ocardoo.com\/en\/wp-json\/wp\/v2\/users\/5"}],"replies":[{"embeddable":true,"href":"https:\/\/ocardoo.com\/en\/wp-json\/wp\/v2\/comments?post=4106"}],"version-history":[{"count":3,"href":"https:\/\/ocardoo.com\/en\/wp-json\/wp\/v2\/product\/4106\/revisions"}],"predecessor-version":[{"id":6757,"href":"https:\/\/ocardoo.com\/en\/wp-json\/wp\/v2\/product\/4106\/revisions\/6757"}],"wp:featuredmedia":[{"embeddable":true,"href":"https:\/\/ocardoo.com\/en\/wp-json\/wp\/v2\/media\/4107"}],"wp:attachment":[{"href":"https:\/\/ocardoo.com\/en\/wp-json\/wp\/v2\/media?parent=4106"}],"wp:term":[{"taxonomy":"product_cat","embeddable":true,"href":"https:\/\/ocardoo.com\/en\/wp-json\/wp\/v2\/product_cat?post=4106"},{"taxonomy":"product_tag","embeddable":true,"href":"https:\/\/ocardoo.com\/en\/wp-json\/wp\/v2\/product_tag?post=4106"}],"curies":[{"name":"wp","href":"https:\/\/api.w.org\/{rel}","templated":true}]}}