{"id":4108,"date":"2021-09-06T12:54:50","date_gmt":"2021-09-06T10:54:50","guid":{"rendered":"https:\/\/ocardoo.com\/?post_type=product&#038;p=4108"},"modified":"2022-02-11T12:33:10","modified_gmt":"2022-02-11T11:33:10","slug":"glueckwuensche-zur-befoerderung-2","status":"publish","type":"product","link":"https:\/\/ocardoo.com\/en\/product\/glueckwuensche-zur-befoerderung-2\/","title":{"rendered":"Moderne Gl\u00fcckwunschkarte &#8222;Gl\u00fcckw\u00fcnsche zur Bef\u00f6rderung und weiterhin viel Erfolg&#8220;"},"content":{"rendered":"","protected":false},"excerpt":{"rendered":"","protected":false},"author":5,"featured_media":4109,"comment_status":"open","ping_status":"closed","template":"","meta":{"_acf_changed":false,"inline_featured_image":false,"footnotes":""},"product_cat":[81,79],"product_tag":[243,305],"class_list":["post-4108","product","type-product","status-publish","has-post-thumbnail","hentry","product_cat-befoerderung","product_cat-gratulation","product_tag-befoerderung","product_tag-erfolg","pa_variante-basic","pa_variante-premium"],"acf":[],"_links":{"self":[{"href":"https:\/\/ocardoo.com\/en\/wp-json\/wp\/v2\/product\/4108","targetHints":{"allow":["GET"]}}],"collection":[{"href":"https:\/\/ocardoo.com\/en\/wp-json\/wp\/v2\/product"}],"about":[{"href":"https:\/\/ocardoo.com\/en\/wp-json\/wp\/v2\/types\/product"}],"author":[{"embeddable":true,"href":"https:\/\/ocardoo.com\/en\/wp-json\/wp\/v2\/users\/5"}],"replies":[{"embeddable":true,"href":"https:\/\/ocardoo.com\/en\/wp-json\/wp\/v2\/comments?post=4108"}],"version-history":[{"count":4,"href":"https:\/\/ocardoo.com\/en\/wp-json\/wp\/v2\/product\/4108\/revisions"}],"predecessor-version":[{"id":6759,"href":"https:\/\/ocardoo.com\/en\/wp-json\/wp\/v2\/product\/4108\/revisions\/6759"}],"wp:featuredmedia":[{"embeddable":true,"href":"https:\/\/ocardoo.com\/en\/wp-json\/wp\/v2\/media\/4109"}],"wp:attachment":[{"href":"https:\/\/ocardoo.com\/en\/wp-json\/wp\/v2\/media?parent=4108"}],"wp:term":[{"taxonomy":"product_cat","embeddable":true,"href":"https:\/\/ocardoo.com\/en\/wp-json\/wp\/v2\/product_cat?post=4108"},{"taxonomy":"product_tag","embeddable":true,"href":"https:\/\/ocardoo.com\/en\/wp-json\/wp\/v2\/product_tag?post=4108"}],"curies":[{"name":"wp","href":"https:\/\/api.w.org\/{rel}","templated":true}]}}