{"id":4116,"date":"2021-09-06T13:03:54","date_gmt":"2021-09-06T11:03:54","guid":{"rendered":"https:\/\/ocardoo.com\/?post_type=product&#038;p=4116"},"modified":"2022-02-11T13:51:30","modified_gmt":"2022-02-11T12:51:30","slug":"herzlichen-glueckwunsch-pruefung","status":"publish","type":"product","link":"https:\/\/ocardoo.com\/en\/product\/herzlichen-glueckwunsch-pruefung\/","title":{"rendered":"Gruppen-Gl\u00fcckwunschkarte Emoji &#8222;Herzlichen Gl\u00fcckwunsch zur bestandenen Pr\u00fcfung&#8220;"},"content":{"rendered":"","protected":false},"excerpt":{"rendered":"","protected":false},"author":5,"featured_media":4117,"comment_status":"open","ping_status":"closed","template":"","meta":{"_acf_changed":false,"inline_featured_image":false,"footnotes":""},"product_cat":[79,156],"product_tag":[263,289,224],"class_list":["post-4116","product","type-product","status-publish","has-post-thumbnail","hentry","product_cat-gratulation","product_cat-pruefung","product_tag-emoji","product_tag-herzlichen-glueckwunsch","product_tag-pruefung","pa_variante-basic","pa_variante-premium"],"acf":[],"_links":{"self":[{"href":"https:\/\/ocardoo.com\/en\/wp-json\/wp\/v2\/product\/4116","targetHints":{"allow":["GET"]}}],"collection":[{"href":"https:\/\/ocardoo.com\/en\/wp-json\/wp\/v2\/product"}],"about":[{"href":"https:\/\/ocardoo.com\/en\/wp-json\/wp\/v2\/types\/product"}],"author":[{"embeddable":true,"href":"https:\/\/ocardoo.com\/en\/wp-json\/wp\/v2\/users\/5"}],"replies":[{"embeddable":true,"href":"https:\/\/ocardoo.com\/en\/wp-json\/wp\/v2\/comments?post=4116"}],"version-history":[{"count":3,"href":"https:\/\/ocardoo.com\/en\/wp-json\/wp\/v2\/product\/4116\/revisions"}],"predecessor-version":[{"id":6773,"href":"https:\/\/ocardoo.com\/en\/wp-json\/wp\/v2\/product\/4116\/revisions\/6773"}],"wp:featuredmedia":[{"embeddable":true,"href":"https:\/\/ocardoo.com\/en\/wp-json\/wp\/v2\/media\/4117"}],"wp:attachment":[{"href":"https:\/\/ocardoo.com\/en\/wp-json\/wp\/v2\/media?parent=4116"}],"wp:term":[{"taxonomy":"product_cat","embeddable":true,"href":"https:\/\/ocardoo.com\/en\/wp-json\/wp\/v2\/product_cat?post=4116"},{"taxonomy":"product_tag","embeddable":true,"href":"https:\/\/ocardoo.com\/en\/wp-json\/wp\/v2\/product_tag?post=4116"}],"curies":[{"name":"wp","href":"https:\/\/api.w.org\/{rel}","templated":true}]}}