{"id":4118,"date":"2021-09-06T13:05:57","date_gmt":"2021-09-06T11:05:57","guid":{"rendered":"https:\/\/ocardoo.com\/?post_type=product&#038;p=4118"},"modified":"2022-05-12T11:48:56","modified_gmt":"2022-05-12T09:48:56","slug":"hurra-pruefung-bestanden","status":"publish","type":"product","link":"https:\/\/ocardoo.com\/en\/product\/hurra-pruefung-bestanden\/","title":{"rendered":"&#8222;Hurra &#8211; Pr\u00fcfung Bestanden&#8220; Gl\u00fcckwunschkarte zur bestandenen Pr\u00fcfung"},"content":{"rendered":"","protected":false},"excerpt":{"rendered":"","protected":false},"author":5,"featured_media":4119,"comment_status":"open","ping_status":"closed","template":"","meta":{"_acf_changed":false,"inline_featured_image":false,"footnotes":""},"product_cat":[79,156],"product_tag":[224],"class_list":["post-4118","product","type-product","status-publish","has-post-thumbnail","hentry","product_cat-gratulation","product_cat-pruefung","product_tag-pruefung","pa_variante-basic","pa_variante-premium"],"acf":[],"_links":{"self":[{"href":"https:\/\/ocardoo.com\/en\/wp-json\/wp\/v2\/product\/4118","targetHints":{"allow":["GET"]}}],"collection":[{"href":"https:\/\/ocardoo.com\/en\/wp-json\/wp\/v2\/product"}],"about":[{"href":"https:\/\/ocardoo.com\/en\/wp-json\/wp\/v2\/types\/product"}],"author":[{"embeddable":true,"href":"https:\/\/ocardoo.com\/en\/wp-json\/wp\/v2\/users\/5"}],"replies":[{"embeddable":true,"href":"https:\/\/ocardoo.com\/en\/wp-json\/wp\/v2\/comments?post=4118"}],"version-history":[{"count":3,"href":"https:\/\/ocardoo.com\/en\/wp-json\/wp\/v2\/product\/4118\/revisions"}],"predecessor-version":[{"id":6775,"href":"https:\/\/ocardoo.com\/en\/wp-json\/wp\/v2\/product\/4118\/revisions\/6775"}],"wp:featuredmedia":[{"embeddable":true,"href":"https:\/\/ocardoo.com\/en\/wp-json\/wp\/v2\/media\/4119"}],"wp:attachment":[{"href":"https:\/\/ocardoo.com\/en\/wp-json\/wp\/v2\/media?parent=4118"}],"wp:term":[{"taxonomy":"product_cat","embeddable":true,"href":"https:\/\/ocardoo.com\/en\/wp-json\/wp\/v2\/product_cat?post=4118"},{"taxonomy":"product_tag","embeddable":true,"href":"https:\/\/ocardoo.com\/en\/wp-json\/wp\/v2\/product_tag?post=4118"}],"curies":[{"name":"wp","href":"https:\/\/api.w.org\/{rel}","templated":true}]}}