{"id":4123,"date":"2021-09-06T13:20:15","date_gmt":"2021-09-06T11:20:15","guid":{"rendered":"https:\/\/ocardoo.com\/?post_type=product&#038;p=4123"},"modified":"2023-03-15T09:13:00","modified_gmt":"2023-03-15T08:13:00","slug":"alles-gute-fuer-deine-zukunft","status":"publish","type":"product","link":"https:\/\/ocardoo.com\/en\/product\/alles-gute-fuer-deine-zukunft\/","title":{"rendered":"Abschiedskarte als Team verschicken Kollege Gruppenkarte mit Berglandschaft &#8222;Alles Gute f\u00fcr Deine Zukunft&#8220;"},"content":{"rendered":"<p>Online Gru\u00dfkarte als Gruppe f\u00fcr einen Kollegen oder Kollegin erstellen mit Ocardoo!<\/p>","protected":false},"excerpt":{"rendered":"<p>Online Gru\u00dfkarte als Gruppe f\u00fcr einen Kollegen oder Kollegin erstellen mit Ocardoo!<\/p>","protected":false},"author":5,"featured_media":4124,"comment_status":"open","ping_status":"closed","template":"","meta":{"_acf_changed":false,"inline_featured_image":false,"footnotes":""},"product_cat":[85,84],"product_tag":[279,308],"class_list":["post-4123","product","type-product","status-publish","has-post-thumbnail","hentry","product_cat-abschied-verlaesst-unternehmen","product_cat-anlaesse","product_tag-abschied","product_tag-berge","pa_variante-basic","pa_variante-premium"],"acf":[],"_links":{"self":[{"href":"https:\/\/ocardoo.com\/en\/wp-json\/wp\/v2\/product\/4123","targetHints":{"allow":["GET"]}}],"collection":[{"href":"https:\/\/ocardoo.com\/en\/wp-json\/wp\/v2\/product"}],"about":[{"href":"https:\/\/ocardoo.com\/en\/wp-json\/wp\/v2\/types\/product"}],"author":[{"embeddable":true,"href":"https:\/\/ocardoo.com\/en\/wp-json\/wp\/v2\/users\/5"}],"replies":[{"embeddable":true,"href":"https:\/\/ocardoo.com\/en\/wp-json\/wp\/v2\/comments?post=4123"}],"version-history":[{"count":5,"href":"https:\/\/ocardoo.com\/en\/wp-json\/wp\/v2\/product\/4123\/revisions"}],"predecessor-version":[{"id":14593,"href":"https:\/\/ocardoo.com\/en\/wp-json\/wp\/v2\/product\/4123\/revisions\/14593"}],"wp:featuredmedia":[{"embeddable":true,"href":"https:\/\/ocardoo.com\/en\/wp-json\/wp\/v2\/media\/4124"}],"wp:attachment":[{"href":"https:\/\/ocardoo.com\/en\/wp-json\/wp\/v2\/media?parent=4123"}],"wp:term":[{"taxonomy":"product_cat","embeddable":true,"href":"https:\/\/ocardoo.com\/en\/wp-json\/wp\/v2\/product_cat?post=4123"},{"taxonomy":"product_tag","embeddable":true,"href":"https:\/\/ocardoo.com\/en\/wp-json\/wp\/v2\/product_tag?post=4123"}],"curies":[{"name":"wp","href":"https:\/\/api.w.org\/{rel}","templated":true}]}}