{"id":4748,"date":"2021-10-01T10:27:50","date_gmt":"2021-10-01T08:27:50","guid":{"rendered":"https:\/\/ocardoo.com\/?post_type=product&#038;p=4748"},"modified":"2022-02-11T13:08:13","modified_gmt":"2022-02-11T12:08:13","slug":"jubilaeum-glueckwunsch-gold","status":"publish","type":"product","link":"https:\/\/ocardoo.com\/en\/product\/jubilaeum-glueckwunsch-gold\/","title":{"rendered":"&#8222;Jubil\u00e4um Gl\u00fcckwunsch&#8220; Gruppen-Gl\u00fcckwunschkarte zum Jubil\u00e4um im Gold-Look"},"content":{"rendered":"","protected":false},"excerpt":{"rendered":"","protected":false},"author":5,"featured_media":4751,"comment_status":"open","ping_status":"closed","template":"","meta":{"_acf_changed":false,"inline_featured_image":false,"footnotes":""},"product_cat":[79,83],"product_tag":[226],"class_list":["post-4748","product","type-product","status-publish","has-post-thumbnail","hentry","product_cat-gratulation","product_cat-jubilaeum","product_tag-jubilaeum","pa_variante-basic","pa_variante-premium"],"acf":[],"_links":{"self":[{"href":"https:\/\/ocardoo.com\/en\/wp-json\/wp\/v2\/product\/4748","targetHints":{"allow":["GET"]}}],"collection":[{"href":"https:\/\/ocardoo.com\/en\/wp-json\/wp\/v2\/product"}],"about":[{"href":"https:\/\/ocardoo.com\/en\/wp-json\/wp\/v2\/types\/product"}],"author":[{"embeddable":true,"href":"https:\/\/ocardoo.com\/en\/wp-json\/wp\/v2\/users\/5"}],"replies":[{"embeddable":true,"href":"https:\/\/ocardoo.com\/en\/wp-json\/wp\/v2\/comments?post=4748"}],"version-history":[{"count":2,"href":"https:\/\/ocardoo.com\/en\/wp-json\/wp\/v2\/product\/4748\/revisions"}],"predecessor-version":[{"id":6765,"href":"https:\/\/ocardoo.com\/en\/wp-json\/wp\/v2\/product\/4748\/revisions\/6765"}],"wp:featuredmedia":[{"embeddable":true,"href":"https:\/\/ocardoo.com\/en\/wp-json\/wp\/v2\/media\/4751"}],"wp:attachment":[{"href":"https:\/\/ocardoo.com\/en\/wp-json\/wp\/v2\/media?parent=4748"}],"wp:term":[{"taxonomy":"product_cat","embeddable":true,"href":"https:\/\/ocardoo.com\/en\/wp-json\/wp\/v2\/product_cat?post=4748"},{"taxonomy":"product_tag","embeddable":true,"href":"https:\/\/ocardoo.com\/en\/wp-json\/wp\/v2\/product_tag?post=4748"}],"curies":[{"name":"wp","href":"https:\/\/api.w.org\/{rel}","templated":true}]}}